
{"id":11212,"date":"2023-10-10T15:58:11","date_gmt":"2023-10-10T13:58:11","guid":{"rendered":"https:\/\/dev.tandemmadrid.com\/shop\/orcamento-para-o-curso-cursos-de-formacao-para-empresas\/"},"modified":"2024-02-05T15:55:27","modified_gmt":"2024-02-05T14:55:27","slug":"formacao-empresas","status":"publish","type":"product","link":"https:\/\/dev.tandemmadrid.com\/br\/loja\/formacao-empresas\/","title":{"rendered":"Or\u00e7amento para o curso: Cursos de forma\u00e7\u00e3o para empresas"},"content":{"rendered":"","protected":false},"excerpt":{"rendered":"<p>Este \u00e9 um curso feito sob medida. Por favor, solicite um or\u00e7amento explicando todos os detalhes que devemos considerar, como dura\u00e7\u00e3o, n\u00famero de participantes, datas de in\u00edcio, etc. Nossa equipe entrar\u00e1 em contato com voc\u00ea com uma proposta e todas as informa\u00e7\u00f5es, para que voc\u00ea possa reservar o curso mais tarde.<\/p>\n<p style=\"text-align:center;\"><a href=\"\/br\/c\/cursos-empresas\/\" title=\"Mais sobre o curso: Cursos de forma\u00e7\u00e3o para empresas\" class=\"buttonaction\">Mais sobre este curso<\/a><\/p>\n","protected":false},"featured_media":6688,"template":"","meta":[],"product_cat":[167],"product_tag":[],"_links":{"self":[{"href":"https:\/\/dev.tandemmadrid.com\/br\/wp-json\/wp\/v2\/product\/11212"}],"collection":[{"href":"https:\/\/dev.tandemmadrid.com\/br\/wp-json\/wp\/v2\/product"}],"about":[{"href":"https:\/\/dev.tandemmadrid.com\/br\/wp-json\/wp\/v2\/types\/product"}],"version-history":[{"count":0,"href":"https:\/\/dev.tandemmadrid.com\/br\/wp-json\/wp\/v2\/product\/11212\/revisions"}],"wp:featuredmedia":[{"embeddable":true,"href":"https:\/\/dev.tandemmadrid.com\/br\/wp-json\/wp\/v2\/media\/6688"}],"wp:attachment":[{"href":"https:\/\/dev.tandemmadrid.com\/br\/wp-json\/wp\/v2\/media?parent=11212"}],"wp:term":[{"taxonomy":"product_cat","embeddable":true,"href":"https:\/\/dev.tandemmadrid.com\/br\/wp-json\/wp\/v2\/product_cat?post=11212"},{"taxonomy":"product_tag","embeddable":true,"href":"https:\/\/dev.tandemmadrid.com\/br\/wp-json\/wp\/v2\/product_tag?post=11212"}],"curies":[{"name":"wp","href":"https:\/\/api.w.org\/{rel}","templated":true}]}}