
{"id":11214,"date":"2023-10-10T13:43:30","date_gmt":"2023-10-10T11:43:30","guid":{"rendered":"https:\/\/dev.tandemmadrid.com\/shop\/reserve-o-curso-licoes-particulares-de-espanhol\/"},"modified":"2024-02-05T16:00:41","modified_gmt":"2024-02-05T15:00:41","slug":"licoes-particulares","status":"publish","type":"product","link":"https:\/\/dev.tandemmadrid.com\/br\/loja\/licoes-particulares\/","title":{"rendered":"Reserve o curso: Li\u00e7\u00f5es Particulares de Espanhol"},"content":{"rendered":"<table class=\"tabla-cursos\" border=\"1px\">\n<tbody>\n<tr>\n<td class=\"celdas-izq\">Datas de in\u00edcio<\/td>\n<td class=\"celdas-dcha\">Qualquer dia do ano<\/td>\n<\/tr>\n<tr class=\"fondo-color\">\n<td class=\"celdas-izq\">N\u00famero de aulas<\/td>\n<td class=\"celdas-dcha\">a partir de 1 aula<\/td>\n<\/tr>\n<tr>\n<td class=\"celdas-izq\">N\u00edveis<\/td>\n<td class=\"celdas-dcha\">Todos os n\u00edveis<\/td>\n<\/tr>\n<tr class=\"fondo-color\">\n<td class=\"celdas-izq\">OPCIONAL<\/td>\n<td class=\"celdas-dcha\">Almo\u00e7o com o seu professor\/ programa cultural<\/td>\n<\/tr>\n<tr class=\"fondo-color\">\n<td class=\"celdas-izq\">Dura\u00e7\u00e3o das aulas<\/td>\n<td class=\"celdas-dcha\">45 min<\/td>\n<\/tr>\n<tr>\n<td class=\"celdas-izq\">Taxa de Matr\u00edcula<\/td>\n<td class=\"celdas-dcha\"><strong>50\u20ac<\/strong><\/td>\n<\/tr>\n<\/tbody>\n<\/table>\n","protected":false},"excerpt":{"rendered":"<p>O curso oferece treinamento individual no seu ritmo. Seu professor se adaptar\u00e1 aos seus conhecimentos de espanhol e \u00e0s suas necessidades pessoais e profissionais, e estar\u00e1 com voc\u00ea e o ajudar\u00e1 durante o seu processo de aprendizagem.<br \/>\nO conte\u00fado de nossas aulas particulares de espanhol \u00e9 determinado pelos pr\u00f3prios alunos. S\u00e3o tamb\u00e9m os alunos que decidir\u00e3o o n\u00famero de aulas de espanhol que desejam frequentar e quais os hor\u00e1rios que melhor se adequam a eles para os 45 minutos de aula particular de espanhol.<\/p>\n<p style=\"text-align:center;\"><a href=\"\/c\/private-spanish-classes-professionals\/\" title=\"More about the course: Private Spanish Classes (one-to-one)\" class=\"buttonaction\">More about this course<\/a><\/p>\n","protected":false},"featured_media":7372,"template":"","meta":[],"product_cat":[167],"product_tag":[],"_links":{"self":[{"href":"https:\/\/dev.tandemmadrid.com\/br\/wp-json\/wp\/v2\/product\/11214"}],"collection":[{"href":"https:\/\/dev.tandemmadrid.com\/br\/wp-json\/wp\/v2\/product"}],"about":[{"href":"https:\/\/dev.tandemmadrid.com\/br\/wp-json\/wp\/v2\/types\/product"}],"version-history":[{"count":0,"href":"https:\/\/dev.tandemmadrid.com\/br\/wp-json\/wp\/v2\/product\/11214\/revisions"}],"wp:featuredmedia":[{"embeddable":true,"href":"https:\/\/dev.tandemmadrid.com\/br\/wp-json\/wp\/v2\/media\/7372"}],"wp:attachment":[{"href":"https:\/\/dev.tandemmadrid.com\/br\/wp-json\/wp\/v2\/media?parent=11214"}],"wp:term":[{"taxonomy":"product_cat","embeddable":true,"href":"https:\/\/dev.tandemmadrid.com\/br\/wp-json\/wp\/v2\/product_cat?post=11214"},{"taxonomy":"product_tag","embeddable":true,"href":"https:\/\/dev.tandemmadrid.com\/br\/wp-json\/wp\/v2\/product_tag?post=11214"}],"curies":[{"name":"wp","href":"https:\/\/api.w.org\/{rel}","templated":true}]}}