
{"id":11215,"date":"2023-10-10T12:25:38","date_gmt":"2023-10-10T10:25:38","guid":{"rendered":"https:\/\/dev.tandemmadrid.com\/shop\/orcamento-para-o-curso-curso-de-espanhol-em-grupo-padrao\/"},"modified":"2024-02-05T16:05:30","modified_gmt":"2024-02-05T15:05:30","slug":"grupo-padrao","status":"publish","type":"product","link":"https:\/\/dev.tandemmadrid.com\/br\/loja\/grupo-padrao\/","title":{"rendered":"Or\u00e7amento para o curso: Curso de Espanhol em Grupo Padr\u00e3o"},"content":{"rendered":"<p>Aprender em grupo \u00e9 muito mais divertido do que ir sozinho. Voc\u00ea participar\u00e1 de v\u00e1rias atividades culturais espanholas nas quais ter\u00e1 que usar o que aprendeu na aula.<br \/>\nO curso de espanhol para grupos padr\u00e3o dura pelo menos uma semana, mas o grupo pode ter todas as aulas que desejar. Os alunos assistir\u00e3o \u00e0s aulas de espanhol na nossa escola de manh\u00e3, a fim de aprender os conceitos b\u00e1sicos da gram\u00e1tica, vocabul\u00e1rio e conversa\u00e7\u00e3o. \u00c0 tarde, as aulas te\u00f3ricas de espanhol levam a uma variedade de atividades culturais em grupo, tais como passeios pelos lugares hist\u00f3ricos mais importantes de Madri, aulas de culin\u00e1ria espanhola ou de dan\u00e7a flamenca, ou aventuras em viagens de um dia a cidades pr\u00f3ximas como \u00c1vila, Seg\u00f3via ou Toledo.<\/p>\n","protected":false},"excerpt":{"rendered":"<p>Este \u00e9 um curso feito sob medida. Por favor, solicite um or\u00e7amento explicando todos os detalhes que devemos considerar como dura\u00e7\u00e3o, n\u00famero de participantes, datas de in\u00edcio, etc. Nossa equipe entrar\u00e1 em contato com voc\u00ea com uma proposta e todas as informa\u00e7\u00f5es, para que voc\u00ea possa reservar o curso mais tarde.<\/p>\n<p style=\"text-align:center;\"><a href=\"\/br\/c\/curso-espanhol-grupo-padrao\/\" title=\"Mais sobre o curso: Curso de Espanhol em Grupo Padr\u00e3o\" class=\"buttonaction\">Mais sobre este curso<\/a><\/p>\n","protected":false},"featured_media":6714,"template":"","meta":[],"product_cat":[161,156],"product_tag":[],"_links":{"self":[{"href":"https:\/\/dev.tandemmadrid.com\/br\/wp-json\/wp\/v2\/product\/11215"}],"collection":[{"href":"https:\/\/dev.tandemmadrid.com\/br\/wp-json\/wp\/v2\/product"}],"about":[{"href":"https:\/\/dev.tandemmadrid.com\/br\/wp-json\/wp\/v2\/types\/product"}],"version-history":[{"count":0,"href":"https:\/\/dev.tandemmadrid.com\/br\/wp-json\/wp\/v2\/product\/11215\/revisions"}],"wp:featuredmedia":[{"embeddable":true,"href":"https:\/\/dev.tandemmadrid.com\/br\/wp-json\/wp\/v2\/media\/6714"}],"wp:attachment":[{"href":"https:\/\/dev.tandemmadrid.com\/br\/wp-json\/wp\/v2\/media?parent=11215"}],"wp:term":[{"taxonomy":"product_cat","embeddable":true,"href":"https:\/\/dev.tandemmadrid.com\/br\/wp-json\/wp\/v2\/product_cat?post=11215"},{"taxonomy":"product_tag","embeddable":true,"href":"https:\/\/dev.tandemmadrid.com\/br\/wp-json\/wp\/v2\/product_tag?post=11215"}],"curies":[{"name":"wp","href":"https:\/\/api.w.org\/{rel}","templated":true}]}}