
{"id":11217,"date":"2024-01-28T12:31:42","date_gmt":"2024-01-28T11:31:42","guid":{"rendered":"https:\/\/dev.tandemmadrid.com\/shop\/reservar-o-curso-curso-de-espanhol-superintensivo\/"},"modified":"2024-02-05T16:22:28","modified_gmt":"2024-02-05T15:22:28","slug":"curso-espanhol-superintensivo","status":"publish","type":"product","link":"https:\/\/dev.tandemmadrid.com\/br\/loja\/curso-espanhol-superintensivo\/","title":{"rendered":"Reservar o curso: Curso de Espanhol Superintensivo"},"content":{"rendered":"<table class=\"tabla-cursos\" border=\"1px\">\n<tbody>\n<tr>\n<td class=\"celdas-izq\">Datas de in\u00edcio<\/td>\n<td class=\"celdas-dcha\">Qualquer segunda-feira do ano<\/td>\n<\/tr>\n<tr class=\"fondo-color\">\n<td class=\"celdas-izq\">Aulas por semana<\/td>\n<td class=\"celdas-dcha\">20 aulas \/ semana + 10 aulas \/ semana em um pequeno grupo + 2 aulas sobre a situa\u00e7\u00e3o social, econ\u00f3mica e pol\u00edtica na Espanha atual, combinados com uma visita uma vez por m\u00eas a um meio de comunica\u00e7\u00e3o.Total: 32 aulas\/ semana<\/td>\n<\/tr>\n<tr>\n<td class=\"celdas-izq\">Dura\u00e7\u00e3o<\/td>\n<td class=\"celdas-dcha\">M\u00ednimo: 1 semana<\/td>\n<\/tr>\n<tr class=\"fondo-color\">\n<td class=\"celdas-izq\">N\u00edveis<\/td>\n<td class=\"celdas-dcha\">Todos os n\u00edveis<\/td>\n<\/tr>\n<tr class=\"fondo-color\">\n<td class=\"celdas-izq\">Dura\u00e7\u00e3o das aulas<\/td>\n<td class=\"celdas-dcha\">45 min<\/td>\n<\/tr>\n<tr>\n<td class=\"celdas-izq\">Taxa de Matr\u00edcula<\/td>\n<td class=\"celdas-dcha\"><strong>50\u20ac<\/strong>.<strong>Gr\u00e1tis<\/strong> para reservas de cursos intensivos de espanhol de <strong>seis semanas ou mais<\/strong>.<\/td>\n<\/tr>\n<\/tbody>\n<\/table>\n","protected":false},"excerpt":{"rendered":"<p> 20 aulas\/semana + 10 aulas\/semana em um pequeno grupo + 2 aulas sobre a atual situa\u00e7\u00e3o social, econ\u00f4mica e pol\u00edtica na Espanha, combinadas com uma visita uma vez por m\u00eas a um meio de comunica\u00e7\u00e3o. Total: 32 aulas\/semana. <\/p>\n<p><strong>Taxa de inscri\u00e7\u00e3o: 50 euros<\/strong>.<\/p>\n<p style=\"text-align:center;\"><a href=\"\/br\/c\/curso-espanhol-superintensivo\/\" title=\"Mais sobre o curso: Curso de Espanhol Superintensivo\" class=\"buttonaction\">Mais sobre o curso<\/a><\/p>\n","protected":false},"featured_media":7338,"template":"","meta":[],"product_cat":[161],"product_tag":[],"_links":{"self":[{"href":"https:\/\/dev.tandemmadrid.com\/br\/wp-json\/wp\/v2\/product\/11217"}],"collection":[{"href":"https:\/\/dev.tandemmadrid.com\/br\/wp-json\/wp\/v2\/product"}],"about":[{"href":"https:\/\/dev.tandemmadrid.com\/br\/wp-json\/wp\/v2\/types\/product"}],"version-history":[{"count":0,"href":"https:\/\/dev.tandemmadrid.com\/br\/wp-json\/wp\/v2\/product\/11217\/revisions"}],"wp:featuredmedia":[{"embeddable":true,"href":"https:\/\/dev.tandemmadrid.com\/br\/wp-json\/wp\/v2\/media\/7338"}],"wp:attachment":[{"href":"https:\/\/dev.tandemmadrid.com\/br\/wp-json\/wp\/v2\/media?parent=11217"}],"wp:term":[{"taxonomy":"product_cat","embeddable":true,"href":"https:\/\/dev.tandemmadrid.com\/br\/wp-json\/wp\/v2\/product_cat?post=11217"},{"taxonomy":"product_tag","embeddable":true,"href":"https:\/\/dev.tandemmadrid.com\/br\/wp-json\/wp\/v2\/product_tag?post=11217"}],"curies":[{"name":"wp","href":"https:\/\/api.w.org\/{rel}","templated":true}]}}