
{"id":11240,"date":"2023-10-06T17:38:52","date_gmt":"2023-10-06T15:38:52","guid":{"rendered":"https:\/\/dev.tandemmadrid.com\/shop\/reserve-o-curso-curso-de-espanhol-de-longa-duracao\/"},"modified":"2024-02-05T16:38:35","modified_gmt":"2024-02-05T15:38:35","slug":"longa-duracao","status":"publish","type":"product","link":"https:\/\/dev.tandemmadrid.com\/br\/loja\/longa-duracao\/","title":{"rendered":"Reserve o curso: Curso de espanhol de longa dura\u00e7\u00e3o"},"content":{"rendered":"<table class=\"tabla-cursos\" border=\"1px\">\n<tbody>\n<tr>\n<td class=\"celdas-izq\">Data de in\u00edcio<\/td>\n<td class=\"celdas-dcha\">Qualquer segunda-feira do ano<\/td>\n<\/tr>\n<tr class=\"fondo-color\">\n<td class=\"celdas-izq\">Aulas por semana<\/td>\n<td class=\"celdas-dcha\">20 aulas de espanhol\/semana \u2013 4 aulas\/dia + 2 aulas\/semana de espanhol e conversa\u00e7\u00e3o de n\u00edvel A2.<\/td>\n<\/tr>\n<tr>\n<td class=\"celdas-izq\">Dura\u00e7\u00e3o<\/td>\n<td class=\"celdas-dcha\"><b>M\u00ednimo 24 semanas consecutivas.<\/b> Se voc\u00ea deseja fazer uma pausa durante o programa, voc\u00ea deve notifica-lo com pelo menos uma semana de anteced\u00eancia.<\/td>\n<\/tr>\n<tr class=\"fondo-color\">\n<td class=\"celdas-izq\">N\u00edveis<\/td>\n<td class=\"celdas-dcha\">Todos os n\u00edveis<\/td>\n<\/tr>\n<tr>\n<td class=\"celdas-izq\">Taxa de Matr\u00edcula<\/td>\n<td class=\"celdas-dcha\"><strong>50\u20ac<\/strong>.<\/td>\n<\/tr>\n<\/tbody>\n<\/table>\n","protected":false},"excerpt":{"rendered":"<p>O curso de espanhol extensivo da TANDEM Madrid oferece as mesmas caracter\u00edsticas que os outros cursos intensivos de espanhol, mas com a vantagem de permitir um treinamento mais profundo na l\u00edngua e cultura espanholas; voc\u00ea passar\u00e1 muito tempo convivendo com espanh\u00f3is e experimentando a vida di\u00e1ria na din\u00e2mica e atraente cidade de Madrid.<\/p>\n<p style=\"text-align:center;\"><a href=\"\/br\/c\/curso-espanhol-longa-duracao\/\" title=\"Mais sobre o curso: Curso de espanhol de longa dura\u00e7\u00e3o\" class=\"buttonaction\">Mais sobre este curso<\/a><\/p>\n","protected":false},"featured_media":6596,"template":"","meta":[],"product_cat":[161],"product_tag":[],"_links":{"self":[{"href":"https:\/\/dev.tandemmadrid.com\/br\/wp-json\/wp\/v2\/product\/11240"}],"collection":[{"href":"https:\/\/dev.tandemmadrid.com\/br\/wp-json\/wp\/v2\/product"}],"about":[{"href":"https:\/\/dev.tandemmadrid.com\/br\/wp-json\/wp\/v2\/types\/product"}],"version-history":[{"count":0,"href":"https:\/\/dev.tandemmadrid.com\/br\/wp-json\/wp\/v2\/product\/11240\/revisions"}],"wp:featuredmedia":[{"embeddable":true,"href":"https:\/\/dev.tandemmadrid.com\/br\/wp-json\/wp\/v2\/media\/6596"}],"wp:attachment":[{"href":"https:\/\/dev.tandemmadrid.com\/br\/wp-json\/wp\/v2\/media?parent=11240"}],"wp:term":[{"taxonomy":"product_cat","embeddable":true,"href":"https:\/\/dev.tandemmadrid.com\/br\/wp-json\/wp\/v2\/product_cat?post=11240"},{"taxonomy":"product_tag","embeddable":true,"href":"https:\/\/dev.tandemmadrid.com\/br\/wp-json\/wp\/v2\/product_tag?post=11240"}],"curies":[{"name":"wp","href":"https:\/\/api.w.org\/{rel}","templated":true}]}}