
{"id":11242,"date":"2023-10-09T18:01:43","date_gmt":"2023-10-09T16:01:43","guid":{"rendered":"https:\/\/dev.tandemmadrid.com\/shop\/reserve-o-curso-curso-de-espanhol-e-estagio-em-madri\/"},"modified":"2024-02-05T16:46:51","modified_gmt":"2024-02-05T15:46:51","slug":"estagio-madri","status":"publish","type":"product","link":"https:\/\/dev.tandemmadrid.com\/br\/loja\/estagio-madri\/","title":{"rendered":"Reserve o curso: Curso de Espanhol e Est\u00e1gio em Madri"},"content":{"rendered":"<table class=\"tabla-cursos\" border=\"1px\">\n<tbody>\n<tr>\n<td class=\"celdas-izq\">Datas de in\u00edcio<\/td>\n<td class=\"celdas-dcha\">Qualquer segunda-feira do ano<\/td>\n<\/tr>\n<tr class=\"fondo-color\">\n<td class=\"celdas-izq\">Curso de espanhol<\/td>\n<td class=\"celdas-dcha\">\n<p>20 aulas de espanhol\/semana \u2013 4 aulas\/dia + 2 aulas\/semana de espanhol e conversa\u00e7\u00e3o de n\u00edvel A2<\/p>\n<\/td>\n<\/tr>\n<tr>\n<td class=\"celdas-izq\">Programa de est\u00e1gio<\/td>\n<td class=\"celdas-dcha\">M\u00ednimo 3 meses de est\u00e1gio em uma empresa<\/td>\n<\/tr>\n<tr class=\"fondo-color\">\n<td class=\"celdas-izq\">N\u00edveis<\/td>\n<td class=\"celdas-dcha\">Desde B1<\/td>\n<\/tr>\n<tr class=\"fondo-color\">\n<td class=\"celdas-izq\">Idades m\u00ednima \u2013 M\u00e1xima<\/td>\n<td class=\"celdas-dcha\">Entre 18 e 30 anos<\/td>\n<\/tr>\n<tr class=\"fondo-color\">\n<td class=\"celdas-izq\">Disponibilidade<\/td>\n<td class=\"celdas-dcha\">todo o ano<\/td>\n<\/tr>\n<tr>\n<td class=\"celdas-izq\">Taxa de Matr\u00edcula<\/td>\n<td class=\"celdas-dcha\"><strong>30\u20ac<\/strong>.<\/td>\n<\/tr>\n<\/tbody>\n<\/table>\n","protected":false},"excerpt":{"rendered":"<p>Durante o &#8216;Curso de Espanhol e Programa de Est\u00e1gio&#8217;, os estudantes far\u00e3o seu est\u00e1gio em empresas que se adaptem aos seus interesses, habilidades, estudos e objetivos profissionais. Portanto, eles n\u00e3o s\u00f3 se tornar\u00e3o mais fluentes em espanhol, como tamb\u00e9m ter\u00e3o a oportunidade de colocar em pr\u00e1tica parte do conhecimento acad\u00eamico que adquiriram ao longo dos anos.<\/p>\n<p style=\"text-align:center;\"><a href=\"\/br\/c\/curso-espanhol-estagio-madri\/\" title=\"Mais informa\u00e7\u00f5es sobre o curso: Curso de Espanhol e Est\u00e1gio em Madri\" class=\"buttonaction\">Mais sobre este curso<\/a><\/p>\n","protected":false},"featured_media":7162,"template":"","meta":[],"product_cat":[167],"product_tag":[],"_links":{"self":[{"href":"https:\/\/dev.tandemmadrid.com\/br\/wp-json\/wp\/v2\/product\/11242"}],"collection":[{"href":"https:\/\/dev.tandemmadrid.com\/br\/wp-json\/wp\/v2\/product"}],"about":[{"href":"https:\/\/dev.tandemmadrid.com\/br\/wp-json\/wp\/v2\/types\/product"}],"version-history":[{"count":0,"href":"https:\/\/dev.tandemmadrid.com\/br\/wp-json\/wp\/v2\/product\/11242\/revisions"}],"wp:featuredmedia":[{"embeddable":true,"href":"https:\/\/dev.tandemmadrid.com\/br\/wp-json\/wp\/v2\/media\/7162"}],"wp:attachment":[{"href":"https:\/\/dev.tandemmadrid.com\/br\/wp-json\/wp\/v2\/media?parent=11242"}],"wp:term":[{"taxonomy":"product_cat","embeddable":true,"href":"https:\/\/dev.tandemmadrid.com\/br\/wp-json\/wp\/v2\/product_cat?post=11242"},{"taxonomy":"product_tag","embeddable":true,"href":"https:\/\/dev.tandemmadrid.com\/br\/wp-json\/wp\/v2\/product_tag?post=11242"}],"curies":[{"name":"wp","href":"https:\/\/api.w.org\/{rel}","templated":true}]}}