
{"id":11245,"date":"2023-10-10T18:18:48","date_gmt":"2023-10-10T16:18:48","guid":{"rendered":"https:\/\/dev.tandemmadrid.com\/shop\/reserve-o-curso-espanhol-com-paixao-pela-cozinha-gourmet\/"},"modified":"2024-02-05T17:00:56","modified_gmt":"2024-02-05T16:00:56","slug":"paixao-cozinha-gourmet","status":"publish","type":"product","link":"https:\/\/dev.tandemmadrid.com\/br\/loja\/paixao-cozinha-gourmet\/","title":{"rendered":"Reserve o curso: Espanhol com Paix\u00e3o pela Cozinha Gourmet"},"content":{"rendered":"<table class=\"tabla-cursos\" border=\"1px\">\n<tbody>\n<tr>\n<td class=\"celdas-izq\">Datas de in\u00edcio para o curso de espanhol<\/td>\n<td class=\"celdas-dcha\">Qualquer segunda-feira do ano<\/td>\n<\/tr>\n<tr class=\"fondo-color\">\n<td class=\"celdas-izq\">Aulas por semana<\/td>\n<td class=\"celdas-dcha\">20 aulas de espanhol\/semana \u2013 4 aulas\/dia + 2 aulas\/semana de espanhol e conversa\u00e7\u00e3o de n\u00edvel A2.<\/td>\n<\/tr>\n<tr>\n<td class=\"celdas-izq\">Dura\u00e7\u00e3o<\/td>\n<td class=\"celdas-dcha\">M\u00ednimo 1 semana de curso de espanhol + 3 visitas a museus acompanhados por um professor de arte.<\/td>\n<\/tr>\n<tr class=\"fondo-color\">\n<td class=\"celdas-izq\">N\u00edveis<\/td>\n<td class=\"celdas-dcha\">Todos os n\u00edveis<\/td>\n<\/tr>\n<tr class=\"fondo-color\">\n<td class=\"celdas-izq\">Dura\u00e7\u00e3o das aulas<\/td>\n<td class=\"celdas-dcha\">45 min<\/td>\n<\/tr>\n<tr>\n<td class=\"celdas-izq\">Idade m\u00ednima<\/td>\n<td class=\"celdas-dcha\">18 anos<\/td>\n<\/tr>\n<tr>\n<td class=\"celdas-izq\">Dispoibilidade<\/td>\n<td class=\"celdas-dcha\">Todo o ano<\/td>\n<\/tr>\n<tr>\n<td class=\"celdas-izq\">Taxa de Matr\u00edcula<\/td>\n<td class=\"celdas-dcha\"><strong>50\u20ac<\/strong>.<strong>Gr\u00e1tis<\/strong> para reservas de cursos intensivos de espanhol de <strong>seis semanas ou mais<\/strong>.<\/td>\n<\/tr>\n<\/tbody>\n<\/table>\n","protected":false},"excerpt":{"rendered":"<p>O &#8220;Curso de Espanhol com Paix\u00e3o Gourmet&#8221; da TANDEM Madrid foi projetado para pessoas maiores de 18 anos que tenham qualquer n\u00edvel de espanhol. Madri n\u00e3o s\u00f3 encontrar\u00e1 o caminho para o seu cora\u00e7\u00e3o atrav\u00e9s do seu povo e cultura, mas tamb\u00e9m atrav\u00e9s do seu est\u00f4mago.<br \/>\nTANDEM Madrid quer ajudar voc\u00ea a descobrir Madrid e sua cozinha. \u00c9 por isso que oferecemos um programa especial que combina aprendizado do espanhol (20 aulas de espanhol por semana, 4 aulas por dia de 45 minutos cada) e atividades gourmet.<\/p>\n<p style=\"text-align:center;\"><a href=\"\/br\/c\/espanhol-paixao-culinaria-gourmet\/\" title=\"Mais sobre o curso: Espanhol com Paix\u00e3o pela Cozinha Gourmet\" class=\"buttonaction\">Mais sobre este curso<\/a><\/p>\n","protected":false},"featured_media":6673,"template":"","meta":[],"product_cat":[168,171],"product_tag":[],"_links":{"self":[{"href":"https:\/\/dev.tandemmadrid.com\/br\/wp-json\/wp\/v2\/product\/11245"}],"collection":[{"href":"https:\/\/dev.tandemmadrid.com\/br\/wp-json\/wp\/v2\/product"}],"about":[{"href":"https:\/\/dev.tandemmadrid.com\/br\/wp-json\/wp\/v2\/types\/product"}],"version-history":[{"count":0,"href":"https:\/\/dev.tandemmadrid.com\/br\/wp-json\/wp\/v2\/product\/11245\/revisions"}],"wp:featuredmedia":[{"embeddable":true,"href":"https:\/\/dev.tandemmadrid.com\/br\/wp-json\/wp\/v2\/media\/6673"}],"wp:attachment":[{"href":"https:\/\/dev.tandemmadrid.com\/br\/wp-json\/wp\/v2\/media?parent=11245"}],"wp:term":[{"taxonomy":"product_cat","embeddable":true,"href":"https:\/\/dev.tandemmadrid.com\/br\/wp-json\/wp\/v2\/product_cat?post=11245"},{"taxonomy":"product_tag","embeddable":true,"href":"https:\/\/dev.tandemmadrid.com\/br\/wp-json\/wp\/v2\/product_tag?post=11245"}],"curies":[{"name":"wp","href":"https:\/\/api.w.org\/{rel}","templated":true}]}}