
{"id":11246,"date":"2023-10-10T17:19:50","date_gmt":"2023-10-10T15:19:50","guid":{"rendered":"https:\/\/dev.tandemmadrid.com\/shop\/reserve-o-curso-espanhol-com-paixao-pela-arte\/"},"modified":"2024-02-05T17:09:22","modified_gmt":"2024-02-05T16:09:22","slug":"paixao-arte","status":"publish","type":"product","link":"https:\/\/dev.tandemmadrid.com\/br\/loja\/paixao-arte\/","title":{"rendered":"Reserve o curso: Espanhol com Paix\u00e3o pela Arte"},"content":{"rendered":"<table class=\"tabla-cursos\" border=\"1px\">\n<tbody>\n<tr>\n<td class=\"celdas-izq\">Datas de in\u00edcio para o curso de espanhol<\/td>\n<td class=\"celdas-dcha\">Qualquer segunda-feira do ano<\/td>\n<\/tr>\n<tr class=\"fondo-color\">\n<td class=\"celdas-izq\">Aulas por semana<\/td>\n<td class=\"celdas-dcha\">20 aulas de espanhol\/semana \u2013 4 aulas\/dia + 2 aulas\/semana de espanhol e conversa\u00e7\u00e3o de n\u00edvel A2.<\/td>\n<\/tr>\n<tr>\n<td class=\"celdas-izq\">Dura\u00e7\u00e3o<\/td>\n<td class=\"celdas-dcha\">M\u00ednimo 1 semana de curso de espanhol + 2 visitas a museus acompanhados por um professor de arte.<\/td>\n<\/tr>\n<tr class=\"fondo-color\">\n<td class=\"celdas-izq\">N\u00edveis<\/td>\n<td class=\"celdas-dcha\">Todos os n\u00edveis<\/td>\n<\/tr>\n<tr class=\"fondo-color\">\n<td class=\"celdas-izq\">Dura\u00e7\u00e3o das aulas<\/td>\n<td class=\"celdas-dcha\">45 min<\/td>\n<\/tr>\n<tr>\n<td class=\"celdas-izq\">Idade m\u00ednima<\/td>\n<td class=\"celdas-dcha\">18 anos<\/td>\n<\/tr>\n<tr class=\"fondo-color\">\n<td class=\"celdas-izq\">Atividades culturais<\/td>\n<td class=\"celdas-dcha\">1 visita ao Museo del Prado, + 1 visita ao Thyssen-Bornemisza ou Museu Reina Sof\u00eda<\/td>\n<\/tr>\n<tr>\n<td class=\"celdas-izq\">Disponibilidade<\/td>\n<td class=\"celdas-dcha\">Todo o ano<\/td>\n<\/tr>\n<\/tbody>\n<\/table>\n","protected":false},"excerpt":{"rendered":"<p>Para que voc\u00ea saiba onde viver e experimentar a cultura em grande escala junto com paix\u00e3o, TANDEM Madrid o convida a desfrutar destes tr\u00eas grandes museus, o Thyssen, o Prado e o Reina Sofia, que est\u00e3o localizados perto de nossa escola, enquanto voc\u00ea aprende espanhol.<\/p>\n<p>Inclui 2 visitas a museus por semana. Selecione servi\u00e7os adicionais para visitas extras.<\/p>\n<p style=\"text-align:center;\"><a href=\"\/br\/c\/espanhol-paixao-arte\/\" title=\"Mais sobre o curso: Espanhol com Paix\u00e3o pela Arte\n\" class=\"buttonaction\">Mais sobre este curso<\/a><\/p>\n","protected":false},"featured_media":6658,"template":"","meta":[],"product_cat":[168,171],"product_tag":[],"_links":{"self":[{"href":"https:\/\/dev.tandemmadrid.com\/br\/wp-json\/wp\/v2\/product\/11246"}],"collection":[{"href":"https:\/\/dev.tandemmadrid.com\/br\/wp-json\/wp\/v2\/product"}],"about":[{"href":"https:\/\/dev.tandemmadrid.com\/br\/wp-json\/wp\/v2\/types\/product"}],"version-history":[{"count":0,"href":"https:\/\/dev.tandemmadrid.com\/br\/wp-json\/wp\/v2\/product\/11246\/revisions"}],"wp:featuredmedia":[{"embeddable":true,"href":"https:\/\/dev.tandemmadrid.com\/br\/wp-json\/wp\/v2\/media\/6658"}],"wp:attachment":[{"href":"https:\/\/dev.tandemmadrid.com\/br\/wp-json\/wp\/v2\/media?parent=11246"}],"wp:term":[{"taxonomy":"product_cat","embeddable":true,"href":"https:\/\/dev.tandemmadrid.com\/br\/wp-json\/wp\/v2\/product_cat?post=11246"},{"taxonomy":"product_tag","embeddable":true,"href":"https:\/\/dev.tandemmadrid.com\/br\/wp-json\/wp\/v2\/product_tag?post=11246"}],"curies":[{"name":"wp","href":"https:\/\/api.w.org\/{rel}","templated":true}]}}