
{"id":11266,"date":"2023-10-10T18:49:00","date_gmt":"2023-10-10T16:49:00","guid":{"rendered":"https:\/\/dev.tandemmadrid.com\/shop\/reserve-o-curso-espanhol-com-paixao-pela-vida-noturna-em-madri\/"},"modified":"2024-02-05T17:20:23","modified_gmt":"2024-02-05T16:20:23","slug":"paixao-vida-noturna-madri","status":"publish","type":"product","link":"https:\/\/dev.tandemmadrid.com\/br\/loja\/paixao-vida-noturna-madri\/","title":{"rendered":"Reserve o curso: Espanhol com Paix\u00e3o pela Vida Noturna em Madri"},"content":{"rendered":"<table class=\"tabla-cursos\" width=\"100%\">\n<tbody>\n<tr>\n<td class=\"celdas-izq\"><strong>Datas de in\u00edcio<\/strong><\/td>\n<td class=\"celdas-dcha\">Todas as segundas-feiras do ano<\/td>\n<\/tr>\n<tr>\n<td class=\"celdas-izq\"><strong>Aulas semanais<\/strong><\/td>\n<td class=\"celdas-dcha\">20 aulas\/semana \u2013 4 aulas\/dia + 2 aulas\/semana de espanhol e conversa\u00e7\u00e3o a partir do n\u00edvel A2<\/td>\n<\/tr>\n<tr>\n<td class=\"celdas-izq\"><strong>Dura\u00e7\u00e3o<\/strong><\/td>\n<td class=\"celdas-dcha\">M\u00ednimo de 1 semana de curso de espanhol + 2 atividades acompanhadas por Insiders<\/td>\n<\/tr>\n<tr>\n<td class=\"celdas-izq\"><strong>N\u00edveis<\/strong><\/td>\n<td class=\"celdas-dcha\">Todos os n\u00edveis<\/td>\n<\/tr>\n<tr>\n<td class=\"celdas-izq\"><strong>Dura\u00e7\u00e3o de uma aula<\/strong><\/td>\n<td class=\"celdas-dcha\">45 minutos<\/td>\n<\/tr>\n<tr>\n<td class=\"celdas-izq\"><strong>Idade m\u00ednima<\/strong><\/td>\n<td class=\"celdas-dcha\">18 anos<\/td>\n<\/tr>\n<tr>\n<td class=\"celdas-izq\"><strong>Atividades culturais<\/strong><\/td>\n<td class=\"celdas-dcha\">\n<p>Passeio por Malasa\u00f1a + Passeio por Chueca<\/p>\n<\/td>\n<\/tr>\n<tr>\n<td class=\"celdas-izq\"><strong>Disponibilidade<\/strong><\/td>\n<td class=\"celdas-dcha\">Todo o ano<\/td>\n<\/tr>\n<tr>\n<td class=\"celdas-izq\"><strong>Taxa de matr\u00edcula<\/strong><\/td>\n<td class=\"celdas-dcha\">50\u20ac.<\/td>\n<\/tr>\n<\/tbody>\n<\/table>\n","protected":false},"excerpt":{"rendered":"<p>O Curso de Espanhol com Paix\u00e3o pela Vida Noturna de Madri inclui 20 aulas por semana (4 aulas de 45 minutos por dia) e duas aulas acompanhadas por um professor-guia especializado.<br \/>\nPara se inscrever neste programa, voc\u00ea deve ter pelo menos 18 anos de idade. N\u00e3o importa se voc\u00ea tem conhecimento pr\u00e9vio de espanhol ou n\u00e3o, pois o curso \u00e9 adaptado a todos os n\u00edveis.<\/p>\n<p style=\"text-align:center;\"><a href=\"\/br\/c\/espanhol-vida-noturna-madri\/\" title=\"Mais sobre o curso: Espanhol com Paix\u00e3o pela Vida Noturna em Madri\" class=\"buttonaction\">Mais sobre este curso<\/a><\/p>\n","protected":false},"featured_media":7385,"template":"","meta":[],"product_cat":[168,171],"product_tag":[],"_links":{"self":[{"href":"https:\/\/dev.tandemmadrid.com\/br\/wp-json\/wp\/v2\/product\/11266"}],"collection":[{"href":"https:\/\/dev.tandemmadrid.com\/br\/wp-json\/wp\/v2\/product"}],"about":[{"href":"https:\/\/dev.tandemmadrid.com\/br\/wp-json\/wp\/v2\/types\/product"}],"version-history":[{"count":0,"href":"https:\/\/dev.tandemmadrid.com\/br\/wp-json\/wp\/v2\/product\/11266\/revisions"}],"wp:featuredmedia":[{"embeddable":true,"href":"https:\/\/dev.tandemmadrid.com\/br\/wp-json\/wp\/v2\/media\/7385"}],"wp:attachment":[{"href":"https:\/\/dev.tandemmadrid.com\/br\/wp-json\/wp\/v2\/media?parent=11266"}],"wp:term":[{"taxonomy":"product_cat","embeddable":true,"href":"https:\/\/dev.tandemmadrid.com\/br\/wp-json\/wp\/v2\/product_cat?post=11266"},{"taxonomy":"product_tag","embeddable":true,"href":"https:\/\/dev.tandemmadrid.com\/br\/wp-json\/wp\/v2\/product_tag?post=11266"}],"curies":[{"name":"wp","href":"https:\/\/api.w.org\/{rel}","templated":true}]}}