
{"id":11268,"date":"2023-10-10T18:06:31","date_gmt":"2023-10-10T16:06:31","guid":{"rendered":"https:\/\/dev.tandemmadrid.com\/shop\/reserve-o-curso-espanhol-com-paixao-pela-moda\/"},"modified":"2024-02-05T17:26:57","modified_gmt":"2024-02-05T16:26:57","slug":"paixao-moda","status":"publish","type":"product","link":"https:\/\/dev.tandemmadrid.com\/br\/loja\/paixao-moda\/","title":{"rendered":"Reserve o curso: Espanhol com Paix\u00e3o pela Moda"},"content":{"rendered":"<table class=\"tabla-cursos\" width=\"100%\">\n<tbody>\n<tr>\n<td class=\"celdas-izq\"><strong>Datas de in\u00edcio<\/strong><\/td>\n<td class=\"celdas-dcha\">Todas as segundas-feiras do ano<\/td>\n<\/tr>\n<tr>\n<td class=\"celdas-izq\"><strong>Aulas semanais<\/strong><\/td>\n<td class=\"celdas-dcha\">20 aulas\/semana \u2013 4 aulas\/dia + 2 aulas\/semana de espanhol e conversa\u00e7\u00e3o a partir do n\u00edvel A2<\/td>\n<\/tr>\n<tr>\n<td class=\"celdas-izq\"><strong>Dura\u00e7\u00e3o<\/strong><\/td>\n<td class=\"celdas-dcha\">M\u00ednimo de 1 semana de curso de espanhol + 2 visitas a museus acompanhadas por um guia especializado<\/td>\n<\/tr>\n<tr>\n<td class=\"celdas-izq\"><strong>N\u00edveis<\/strong><\/td>\n<td class=\"celdas-dcha\">Todos os n\u00edveis<\/td>\n<\/tr>\n<tr>\n<td class=\"celdas-izq\"><strong>Dura\u00e7\u00e3o de uma aula<\/strong><\/td>\n<td class=\"celdas-dcha\">45 minutos<\/td>\n<\/tr>\n<tr>\n<td class=\"celdas-izq\"><strong>Idade m\u00ednima<\/strong><\/td>\n<td class=\"celdas-dcha\">18 anos<\/td>\n<\/tr>\n<tr>\n<td class=\"celdas-izq\"><strong>Atividades Culturais<\/strong><\/td>\n<td class=\"celdas-dcha\">\n<p>1 visita ao Museo del Traje (Museu do Traje) + 1 passeio e loja na Milla de Ouro ou em Las Rozas Village<\/p>\n<\/td>\n<\/tr>\n<tr>\n<td class=\"celdas-izq\"><strong>Disponibilidade<\/strong><\/td>\n<td class=\"celdas-dcha\">Todo o ano<\/td>\n<\/tr>\n<tr>\n<td class=\"celdas-izq\"><strong>Taxa de matr\u00edcula<\/strong><\/td>\n<td class=\"celdas-dcha\">50\u20ac.<\/td>\n<\/tr>\n<\/tbody>\n<\/table>\n","protected":false},"excerpt":{"rendered":"<p>Madri tem na moda uma das melhores maneiras de descobrir a cidade. A Espanha deixou sua marca em empresas de moda de renome internacional que t\u00eam seus carros-chefe na capital.<br \/>\nO Curso de Espanhol com Paix\u00e3o pela Moda inclui 20 aulas por semana (4 aulas de 45 minutos por dia) e 2 aulas acompanhadas por um professor-guia especializado.<\/p>\n<p style=\"text-align:center;\"><a href=\"\/br\/c\/espanhol-moda\/\" title=\"Mais sobre o curso: Espanhol com Paix\u00e3o pela Moda\" class=\"buttonaction\">Mais sobre este curso<\/a><\/p>\n","protected":false},"featured_media":7392,"template":"","meta":[],"product_cat":[168,171],"product_tag":[],"_links":{"self":[{"href":"https:\/\/dev.tandemmadrid.com\/br\/wp-json\/wp\/v2\/product\/11268"}],"collection":[{"href":"https:\/\/dev.tandemmadrid.com\/br\/wp-json\/wp\/v2\/product"}],"about":[{"href":"https:\/\/dev.tandemmadrid.com\/br\/wp-json\/wp\/v2\/types\/product"}],"version-history":[{"count":0,"href":"https:\/\/dev.tandemmadrid.com\/br\/wp-json\/wp\/v2\/product\/11268\/revisions"}],"wp:featuredmedia":[{"embeddable":true,"href":"https:\/\/dev.tandemmadrid.com\/br\/wp-json\/wp\/v2\/media\/7392"}],"wp:attachment":[{"href":"https:\/\/dev.tandemmadrid.com\/br\/wp-json\/wp\/v2\/media?parent=11268"}],"wp:term":[{"taxonomy":"product_cat","embeddable":true,"href":"https:\/\/dev.tandemmadrid.com\/br\/wp-json\/wp\/v2\/product_cat?post=11268"},{"taxonomy":"product_tag","embeddable":true,"href":"https:\/\/dev.tandemmadrid.com\/br\/wp-json\/wp\/v2\/product_tag?post=11268"}],"curies":[{"name":"wp","href":"https:\/\/api.w.org\/{rel}","templated":true}]}}