
{"id":11269,"date":"2023-10-10T16:50:08","date_gmt":"2023-10-10T14:50:08","guid":{"rendered":"https:\/\/dev.tandemmadrid.com\/shop\/book-the-course-spanish-and-a-passion-for-cool-madrid-neighbourhoods\/"},"modified":"2024-02-05T17:41:47","modified_gmt":"2024-02-05T16:41:47","slug":"paixao-bairros-madri","status":"publish","type":"product","link":"https:\/\/dev.tandemmadrid.com\/br\/loja\/paixao-bairros-madri\/","title":{"rendered":"Reserve o curso: Espanhol com Paix\u00e3o pelos Bairros mais Legais de Madri"},"content":{"rendered":"<table class=\"tabla-cursos\" border=\"1px\">\n<tbody>\n<tr>\n<td class=\"celdas-izq\">Datas de in\u00edcio para o curso de espanhol<\/td>\n<td class=\"celdas-dcha\">Qualquer segunda-feira do ano<\/td>\n<\/tr>\n<tr class=\"fondo-color\">\n<td class=\"celdas-izq\">Aulas por semana<\/td>\n<td class=\"celdas-dcha\">20 aulas\/ semana \u2013 4 aulas\/ dia + 2 aulas\/semana de espanhol e conversa\u00e7\u00e3o a partir do n\u00edvel A2<\/td>\n<\/tr>\n<tr>\n<td class=\"celdas-izq\">Dura\u00e7\u00e3o<\/td>\n<td class=\"celdas-dcha\">M\u00ednimo 1 semana de curso de espanhol<\/td>\n<\/tr>\n<tr class=\"fondo-color\">\n<td class=\"celdas-izq\">N\u00edveis<\/td>\n<td class=\"celdas-dcha\">Todos os n\u00edveis<\/td>\n<\/tr>\n<tr class=\"fondo-color\">\n<td class=\"celdas-izq\">Dura\u00e7\u00e3o das aulas<\/td>\n<td class=\"celdas-dcha\">45 min<\/td>\n<\/tr>\n<tr>\n<td class=\"celdas-izq\">Idade m\u00ednima<\/td>\n<td class=\"celdas-dcha\">18<\/td>\n<\/tr>\n<tr class=\"fondo-color\">\n<td class=\"celdas-izq\">Atividades culturais<\/td>\n<td class=\"celdas-dcha\">\n<p>Exemplos de atividades: visita a Chueca, visita ao distrito de Salamanca, visita ao <i>Madrid de los Austrias<\/i> e <i>Madrid de los Borbones<\/i> (legados das dinast\u00edas de Habsburgo e Bourbon).<\/p>\n<\/td>\n<\/tr>\n<tr>\n<td class=\"celdas-izq\">Disponibilidade<\/td>\n<td class=\"celdas-dcha\">Todo o ano<\/td>\n<\/tr>\n<tr>\n<td class=\"celdas-izq\">Taxa de Matr\u00edcula<\/td>\n<td class=\"celdas-dcha\"><strong>50\u20ac<\/strong>.<\/td>\n<\/tr>\n<\/tbody>\n<\/table>\n","protected":false},"excerpt":{"rendered":"<p>Os bairros de Madri representam a ess\u00eancia da vida nesta cidade vibrante. Em Madri, voc\u00ea encontrar\u00e1 uma vida de rua alegre, especial e \u00fanica, onde todos s\u00e3o bem-vindos.<br \/>\nO curso consiste em 20 aulas por semana, 4 aulas de espanhol de 45 minutos cada manh\u00e3, e atividades culturais \u00e0 tarde, tais como visitar o bairro de Chueca, o bairro de Salamanca, o Madrid das Austrias e os Borbones e outros locais interessantes.<\/p>\n<p style=\"text-align:center;\"><a href=\"\/br\/c\/espanhol-paixao-arte\/\" title=\"Mais sobre o curso: Espanhol com Paix\u00e3o pelos Bairros mais Legais de Madri\" class=\"buttonaction\">Mais sobre este curso<\/a><\/p>\n","protected":false},"featured_media":7400,"template":"","meta":[],"product_cat":[168,171],"product_tag":[],"_links":{"self":[{"href":"https:\/\/dev.tandemmadrid.com\/br\/wp-json\/wp\/v2\/product\/11269"}],"collection":[{"href":"https:\/\/dev.tandemmadrid.com\/br\/wp-json\/wp\/v2\/product"}],"about":[{"href":"https:\/\/dev.tandemmadrid.com\/br\/wp-json\/wp\/v2\/types\/product"}],"version-history":[{"count":0,"href":"https:\/\/dev.tandemmadrid.com\/br\/wp-json\/wp\/v2\/product\/11269\/revisions"}],"wp:featuredmedia":[{"embeddable":true,"href":"https:\/\/dev.tandemmadrid.com\/br\/wp-json\/wp\/v2\/media\/7400"}],"wp:attachment":[{"href":"https:\/\/dev.tandemmadrid.com\/br\/wp-json\/wp\/v2\/media?parent=11269"}],"wp:term":[{"taxonomy":"product_cat","embeddable":true,"href":"https:\/\/dev.tandemmadrid.com\/br\/wp-json\/wp\/v2\/product_cat?post=11269"},{"taxonomy":"product_tag","embeddable":true,"href":"https:\/\/dev.tandemmadrid.com\/br\/wp-json\/wp\/v2\/product_tag?post=11269"}],"curies":[{"name":"wp","href":"https:\/\/api.w.org\/{rel}","templated":true}]}}