
{"id":11271,"date":"2023-10-10T16:47:05","date_gmt":"2023-10-10T14:47:05","guid":{"rendered":"https:\/\/dev.tandemmadrid.com\/shop\/reserve-o-curso-espanhol-com-paixao-pelo-cinema-de-almodovar\/"},"modified":"2024-02-05T17:54:39","modified_gmt":"2024-02-05T16:54:39","slug":"paixao-cinema-almodovar","status":"publish","type":"product","link":"https:\/\/dev.tandemmadrid.com\/br\/loja\/paixao-cinema-almodovar\/","title":{"rendered":"Reserve o curso: Espanhol com paix\u00e3o pelo cinema de Almod\u00f3var"},"content":{"rendered":"<table class=\"tabla-cursos\" border=\"1px\">\n<tbody>\n<tr>\n<td class=\"celdas-izq\">Datas de in\u00edcio para o curso de espanhol<\/td>\n<td class=\"celdas-dcha\">Qualquer segunda-feira do ano<\/td>\n<\/tr>\n<tr class=\"fondo-color\">\n<td class=\"celdas-izq\">Aulas por semana<\/td>\n<td class=\"celdas-dcha\">20 aulas\/ semana \u2013 4 aulas\/ dia + 2 aulas\/semana de espanhol e conversa\u00e7\u00e3o a partir do n\u00edvel A2<\/td>\n<\/tr>\n<tr>\n<td class=\"celdas-izq\">Dura\u00e7\u00e3o<\/td>\n<td class=\"celdas-dcha\">M\u00ednimo 1 semana de curso de espanhol<\/td>\n<\/tr>\n<tr class=\"fondo-color\">\n<td class=\"celdas-izq\">N\u00edveis<\/td>\n<td class=\"celdas-dcha\">Todos os n\u00edveis<\/td>\n<\/tr>\n<tr class=\"fondo-color\">\n<td class=\"celdas-izq\">Dura\u00e7\u00e3o das aulas<\/td>\n<td class=\"celdas-dcha\">45 min<\/td>\n<\/tr>\n<tr>\n<td class=\"celdas-izq\">Idade m\u00ednima<\/td>\n<td class=\"celdas-dcha\">18<\/td>\n<\/tr>\n<tr class=\"fondo-color\">\n<td class=\"celdas-izq\">Atividades culturais<\/td>\n<td class=\"celdas-dcha\">\n<p>1 tour pelos lugares mais emblem\u00e1ticos de Madri que aparecem nos filmes de Almod\u00f3var + 1 aula de cinema de Almod\u00f3var + 1 sess\u00e3o de cinema de Almod\u00f3var.<\/p>\n<\/td>\n<\/tr>\n<tr>\n<td class=\"celdas-izq\">Disponibilidade<\/td>\n<td class=\"celdas-dcha\">Todo o ano<\/td>\n<\/tr>\n<tr>\n<td class=\"celdas-izq\">Taxa de Matr\u00edcula<\/td>\n<td class=\"celdas-dcha\"><strong>50\u20ac<\/strong>.<\/td>\n<\/tr>\n<\/tbody>\n<\/table>\n","protected":false},"excerpt":{"rendered":"<p>No curso &#8220;Espanhol com Paix\u00e3o por Almodovar&#8221; da TANDEM Madrid, voc\u00ea n\u00e3o s\u00f3 ter\u00e1 a oportunidade de aprender espanhol em uma das melhores escolas de idiomas de Madrid, mas tamb\u00e9m conhecer a cidade de Madrid atrav\u00e9s dos filmes deste maravilhoso cineasta.<br \/>\nEste programa, que s\u00f3 est\u00e1 dispon\u00edvel para maiores de 18 anos, consiste em 20 aulas matutinas por semana, 4 aulas por dia de 45 minutos cada uma. Tardes, s\u00e3o programadas atividades culturais que incluem um passeio pelos lugares mais emblem\u00e1ticos de Madri que aparecem nos filmes de Almodovar, uma aula de cinema e uma noite de cinema em torno da Madri de Almodovar e da &#8220;Movida Madrile\u00f1a&#8221;.<\/p>\n<p style=\"text-align:center;\"><a href=\"\/br\/c\/espanhol-paixao-cinema-almodovar\/\" title=\"Mais sobre o curso: Espanhol com paix\u00e3o pelo cinema de Almod\u00f3var\" class=\"buttonaction\">Mais sobre este curso<\/a><\/p>\n","protected":false},"featured_media":7407,"template":"","meta":[],"product_cat":[168,171],"product_tag":[],"_links":{"self":[{"href":"https:\/\/dev.tandemmadrid.com\/br\/wp-json\/wp\/v2\/product\/11271"}],"collection":[{"href":"https:\/\/dev.tandemmadrid.com\/br\/wp-json\/wp\/v2\/product"}],"about":[{"href":"https:\/\/dev.tandemmadrid.com\/br\/wp-json\/wp\/v2\/types\/product"}],"version-history":[{"count":0,"href":"https:\/\/dev.tandemmadrid.com\/br\/wp-json\/wp\/v2\/product\/11271\/revisions"}],"wp:featuredmedia":[{"embeddable":true,"href":"https:\/\/dev.tandemmadrid.com\/br\/wp-json\/wp\/v2\/media\/7407"}],"wp:attachment":[{"href":"https:\/\/dev.tandemmadrid.com\/br\/wp-json\/wp\/v2\/media?parent=11271"}],"wp:term":[{"taxonomy":"product_cat","embeddable":true,"href":"https:\/\/dev.tandemmadrid.com\/br\/wp-json\/wp\/v2\/product_cat?post=11271"},{"taxonomy":"product_tag","embeddable":true,"href":"https:\/\/dev.tandemmadrid.com\/br\/wp-json\/wp\/v2\/product_tag?post=11271"}],"curies":[{"name":"wp","href":"https:\/\/api.w.org\/{rel}","templated":true}]}}