
{"id":11318,"date":"2023-10-10T16:52:12","date_gmt":"2023-10-10T14:52:12","guid":{"rendered":"https:\/\/dev.tandemmadrid.com\/shop\/reserve-o-curso-espanhol-com-paixao-por-pequenos-museus\/"},"modified":"2024-02-06T09:26:12","modified_gmt":"2024-02-06T08:26:12","slug":"pequenos-museus","status":"publish","type":"product","link":"https:\/\/dev.tandemmadrid.com\/br\/loja\/pequenos-museus\/","title":{"rendered":"Reserve o curso: Espanhol com Paix\u00e3o por Pequenos Museus"},"content":{"rendered":"<table class=\"tabla-cursos\" border=\"1px\">\n<tbody>\n<tr>\n<td class=\"celdas-izq\">Datas de in\u00edcio para o curso de espanhol<\/td>\n<td class=\"celdas-dcha\">Qualquer segunda-feira do ano. Principiantes devem come\u00e7ar na primeira ou na terceira segunda-feira de cada m\u00eas<\/td>\n<\/tr>\n<tr class=\"fondo-color\">\n<td class=\"celdas-izq\">Aulas por semana<\/td>\n<td class=\"celdas-dcha\">20 aulas\/ semana \u2013 4 aulas\/ dia + 2 aulas\/semana de espanhol e conversa\u00e7\u00e3o a partir do n\u00edvel A2<\/td>\n<\/tr>\n<tr>\n<td class=\"celdas-izq\">Dura\u00e7\u00e3o<\/td>\n<td class=\"celdas-dcha\">M\u00ednimo 1 semana de curso de espanhol<\/td>\n<\/tr>\n<tr class=\"fondo-color\">\n<td class=\"celdas-izq\">N\u00edveis<\/td>\n<td class=\"celdas-dcha\">Todos os n\u00edveis<\/td>\n<\/tr>\n<tr class=\"fondo-color\">\n<td class=\"celdas-izq\">Dura\u00e7\u00e3o das aulas<\/td>\n<td class=\"celdas-dcha\">45 min<\/td>\n<\/tr>\n<tr>\n<td class=\"celdas-izq\">Idade m\u00ednima<\/td>\n<td class=\"celdas-dcha\">18 anos<\/td>\n<\/tr>\n<tr class=\"fondo-color\">\n<td class=\"celdas-izq\">Atividades culturais<\/td>\n<td class=\"celdas-dcha\">2 visitas a museus (entre Museu Sorolla, Museu do Romantismo ou Lazaro Galdiano)<\/td>\n<\/tr>\n<tr>\n<td class=\"celdas-izq\">Disponibilidade<\/td>\n<td class=\"celdas-dcha\">Todo o ano<\/td>\n<\/tr>\n<tr>\n<td class=\"celdas-izq\">Taxa de Matr\u00edcula<\/td>\n<td class=\"celdas-dcha\"><strong>50\u20ac<\/strong>.<\/td>\n<\/tr>\n<\/tbody>\n<\/table>\n","protected":false},"excerpt":{"rendered":"<p>O Curso de Espanhol com Paix\u00e3o pela Vida Noturna de Madri inclui 20 aulas por semana (4 aulas de 45 minutos por dia) e duas aulas acompanhadas por um professor-guia especializado.<br \/>\nPara se inscrever neste programa, voc\u00ea deve ter pelo menos 18 anos de idade. N\u00e3o importa se voc\u00ea tem conhecimento pr\u00e9vio de espanhol ou n\u00e3o, pois o curso \u00e9 adaptado a todos os n\u00edveis.<\/p>\n<p style=\"text-align:center;\"><a href=\"\/br\/c\/espanhol-com-paixao-pelos-pequenos-museus\/\" title=\"Mais sobre o curso: Espanhol com Paix\u00e3o por Pequenos Museus\" class=\"buttonaction\">Mais sobre este curso<\/a><\/p>\n","protected":false},"featured_media":6642,"template":"","meta":[],"product_cat":[168,171],"product_tag":[],"_links":{"self":[{"href":"https:\/\/dev.tandemmadrid.com\/br\/wp-json\/wp\/v2\/product\/11318"}],"collection":[{"href":"https:\/\/dev.tandemmadrid.com\/br\/wp-json\/wp\/v2\/product"}],"about":[{"href":"https:\/\/dev.tandemmadrid.com\/br\/wp-json\/wp\/v2\/types\/product"}],"version-history":[{"count":0,"href":"https:\/\/dev.tandemmadrid.com\/br\/wp-json\/wp\/v2\/product\/11318\/revisions"}],"wp:featuredmedia":[{"embeddable":true,"href":"https:\/\/dev.tandemmadrid.com\/br\/wp-json\/wp\/v2\/media\/6642"}],"wp:attachment":[{"href":"https:\/\/dev.tandemmadrid.com\/br\/wp-json\/wp\/v2\/media?parent=11318"}],"wp:term":[{"taxonomy":"product_cat","embeddable":true,"href":"https:\/\/dev.tandemmadrid.com\/br\/wp-json\/wp\/v2\/product_cat?post=11318"},{"taxonomy":"product_tag","embeddable":true,"href":"https:\/\/dev.tandemmadrid.com\/br\/wp-json\/wp\/v2\/product_tag?post=11318"}],"curies":[{"name":"wp","href":"https:\/\/api.w.org\/{rel}","templated":true}]}}