
{"id":11320,"date":"2023-10-10T15:12:40","date_gmt":"2023-10-10T13:12:40","guid":{"rendered":"https:\/\/dev.tandemmadrid.com\/shop\/reserve-o-curso-curso-de-espanhol-combinado\/"},"modified":"2024-02-06T09:35:15","modified_gmt":"2024-02-06T08:35:15","slug":"espanhol-combinado","status":"publish","type":"product","link":"https:\/\/dev.tandemmadrid.com\/br\/loja\/espanhol-combinado\/","title":{"rendered":"Reserve o curso: Curso de Espanhol Combinado"},"content":{"rendered":"<table class=\"tabla-cursos\" border=\"1px\">\n<tbody>\n<tr>\n<td class=\"celdas-izq\">Datas de in\u00edcio<\/td>\n<td class=\"celdas-dcha\">Qualquer segunda-feira do ano<\/td>\n<\/tr>\n<tr class=\"fondo-color\">\n<td class=\"celdas-izq\">Aulas por semana<\/td>\n<td class=\"celdas-dcha\"><strong>Aulas em grupo<\/strong>: 20 aulas de espanhol\/semana (4 aulas\/dia) + 2 aulas\/semana de espanhol e conversa\u00e7\u00e3o a partir do n\u00edvel A2. Total: 22 aulas\/semana.<br \/><strong>Aulas particulares<\/strong>: 10 aulas\/semana.<\/td>\n<\/tr>\n<tr>\n<td class=\"celdas-izq\">Dura\u00e7\u00e3o<\/td>\n<td class=\"celdas-dcha\">M\u00ednimo: 1 semana<\/td>\n<\/tr>\n<tr class=\"fondo-color\">\n<td class=\"celdas-izq\">N\u00edveis<\/td>\n<td class=\"celdas-dcha\">Todos os n\u00edveis<\/td>\n<\/tr>\n<tr class=\"fondo-color\">\n<td class=\"celdas-izq\">Dura\u00e7\u00e3o das aulas<\/td>\n<td class=\"celdas-dcha\">45 min<\/td>\n<\/tr>\n<tr>\n<td class=\"celdas-izq\">Taxa de Matr\u00edcula<\/td>\n<td class=\"celdas-dcha\"><strong>50\u20ac<\/strong>.<\/td>\n<\/tr>\n<\/tbody>\n<\/table>\n","protected":false},"excerpt":{"rendered":"<p>TANDEM Madrid oferece um curso especialmente projetado para aqueles que desejam estudar em pequenos grupos e ter a oportunidade de conhecer pessoas com interesses semelhantes.<br \/>\nOs cursos combinados de espanhol da TANDEM est\u00e3o abertos para todos os n\u00edveis e consistem em 20 aulas em grupo por semana mais 10 aulas particulares por semana; estas poder\u00e3o ser adaptadas \u00e0s suas necessidades espec\u00edficas com a ajuda de seu professor.<\/p>\n<p style=\"text-align:center;\"><a href=\"\/br\/c\/curso-espanhol-combinado\/\" title=\"Mais sobre o curso: Curso de Espanhol Combinado\" class=\"buttonaction\">Mais sobre este curso<\/a><\/p>\n","protected":false},"featured_media":6611,"template":"","meta":[],"product_cat":[161],"product_tag":[],"_links":{"self":[{"href":"https:\/\/dev.tandemmadrid.com\/br\/wp-json\/wp\/v2\/product\/11320"}],"collection":[{"href":"https:\/\/dev.tandemmadrid.com\/br\/wp-json\/wp\/v2\/product"}],"about":[{"href":"https:\/\/dev.tandemmadrid.com\/br\/wp-json\/wp\/v2\/types\/product"}],"version-history":[{"count":0,"href":"https:\/\/dev.tandemmadrid.com\/br\/wp-json\/wp\/v2\/product\/11320\/revisions"}],"wp:featuredmedia":[{"embeddable":true,"href":"https:\/\/dev.tandemmadrid.com\/br\/wp-json\/wp\/v2\/media\/6611"}],"wp:attachment":[{"href":"https:\/\/dev.tandemmadrid.com\/br\/wp-json\/wp\/v2\/media?parent=11320"}],"wp:term":[{"taxonomy":"product_cat","embeddable":true,"href":"https:\/\/dev.tandemmadrid.com\/br\/wp-json\/wp\/v2\/product_cat?post=11320"},{"taxonomy":"product_tag","embeddable":true,"href":"https:\/\/dev.tandemmadrid.com\/br\/wp-json\/wp\/v2\/product_tag?post=11320"}],"curies":[{"name":"wp","href":"https:\/\/api.w.org\/{rel}","templated":true}]}}