
{"id":11321,"date":"2023-10-09T16:30:20","date_gmt":"2023-10-09T14:30:20","guid":{"rendered":"https:\/\/dev.tandemmadrid.com\/shop\/curso-de-espanhol-por-videoconferencia\/"},"modified":"2024-02-06T09:57:08","modified_gmt":"2024-02-06T08:57:08","slug":"espanhol-videoconferencia","status":"publish","type":"product","link":"https:\/\/dev.tandemmadrid.com\/br\/loja\/espanhol-videoconferencia\/","title":{"rendered":"Curso de espanhol por videoconfer\u00eancia"},"content":{"rendered":"<table>\n<tbody>\n<tr>\n<td class=\"\">Qual \u00e9 o n\u00famero m\u00ednimo de aulas eu posso pedir?<\/td>\n<td class=\"cdir\">Desde uma aula at\u00e9 tantas como voc\u00ea queira<\/td>\n<\/tr>\n<tr>\n<td class=\"\">Quando posso come\u00e7ar?<\/td>\n<td class=\"cdir\">Quando voc\u00ea quiser!<\/td>\n<\/tr>\n<tr>\n<td class=\"\">Timetable<\/td>\n<td class=\"cdir\">You can organise your classes with your teacher for any day of the week, from Monday to Sunday, from 08.30 to 22.00 (Spanish time)<\/td>\n<\/tr>\n<tr>\n<td class=\"\">Quais s\u00e3o os n\u00edveis de espanhol dispon\u00edveis?<\/td>\n<td class=\"cdir\">6 diferentes n\u00edveis, dese iniciante ao mais avan\u00e7ado<\/td>\n<\/tr>\n<tr>\n<td class=\"\">Quanto tempo dura cada aula?<\/td>\n<td class=\"cdir\">Cada aula de espanhol por videoconfer\u00eancia dura 60 minutos, no entanto, voc\u00ea pode escolher a dura\u00e7\u00e3o das aulas para atender \u00e0s suas necessidades (por favor, consulte os pre\u00e7os por e-mail).<\/td>\n<\/tr>\n<tr>\n<td class=\"\">Para quem \u00e9 indicado este curso?<\/td>\n<td class=\"cdir\">Para todos e todas as idades.<\/td>\n<\/tr>\n<tr>\n<td class=\"\">Certificado de curso<\/td>\n<td class=\"cdir\">Vamos envi\u00e1-lo pelo correio e tamb\u00e9m como um arquivo digitalizado por e-mail.<\/td>\n<\/tr>\n<\/tbody>\n<\/table>\n","protected":false},"excerpt":{"rendered":"<p>Curso de espanhol por videoconfer\u00eancia com aulas diretamente desde TANDEM Madrid, Espanha. Uma boa maneira de come\u00e7ar a aprender espanhol confortavelmente em casa.<\/p>\n<p><strong>Pacote de 4 e 8 li\u00e7\u00f5es<\/strong><\/p>\n<p style=\"text-align:center;\"><a href=\"\/br\/c\/espanhol-por-videoconferencia\/\" title=\"Mais informa\u00e7\u00f5es sobre o curso: Espanhol por videoconfer\u00eancia\" class=\"buttonaction\">Mais informa\u00e7\u00f5es sobre o curso<\/a><\/p>\n","protected":false},"featured_media":6457,"template":"","meta":[],"product_cat":[161,164],"product_tag":[],"_links":{"self":[{"href":"https:\/\/dev.tandemmadrid.com\/br\/wp-json\/wp\/v2\/product\/11321"}],"collection":[{"href":"https:\/\/dev.tandemmadrid.com\/br\/wp-json\/wp\/v2\/product"}],"about":[{"href":"https:\/\/dev.tandemmadrid.com\/br\/wp-json\/wp\/v2\/types\/product"}],"version-history":[{"count":0,"href":"https:\/\/dev.tandemmadrid.com\/br\/wp-json\/wp\/v2\/product\/11321\/revisions"}],"wp:featuredmedia":[{"embeddable":true,"href":"https:\/\/dev.tandemmadrid.com\/br\/wp-json\/wp\/v2\/media\/6457"}],"wp:attachment":[{"href":"https:\/\/dev.tandemmadrid.com\/br\/wp-json\/wp\/v2\/media?parent=11321"}],"wp:term":[{"taxonomy":"product_cat","embeddable":true,"href":"https:\/\/dev.tandemmadrid.com\/br\/wp-json\/wp\/v2\/product_cat?post=11321"},{"taxonomy":"product_tag","embeddable":true,"href":"https:\/\/dev.tandemmadrid.com\/br\/wp-json\/wp\/v2\/product_tag?post=11321"}],"curies":[{"name":"wp","href":"https:\/\/api.w.org\/{rel}","templated":true}]}}