
{"id":11322,"date":"2023-10-09T17:20:57","date_gmt":"2023-10-09T15:20:57","guid":{"rendered":"https:\/\/dev.tandemmadrid.com\/shop\/reserve-o-curso-curso-de-preparacao-para-o-exame-ccse\/"},"modified":"2024-02-06T10:05:19","modified_gmt":"2024-02-06T09:05:19","slug":"preparacao-exame-ccse","status":"publish","type":"product","link":"https:\/\/dev.tandemmadrid.com\/br\/loja\/preparacao-exame-ccse\/","title":{"rendered":"Reserve o curso: Curso de prepara\u00e7\u00e3o para o exame CCSE"},"content":{"rendered":"<table class=\"tabla-cursos\">\n<tbody>\n<tr>\n<td class=\"celdas-izq\">Datas de in\u00edcio de nossos cursos<\/td>\n<td class=\"celdas-dcha\">\n<p><strong>Recomendamos que voc\u00ea inicie seu curso pelo menos 4 semanas antes da data do exame ao qual voc\u00ea se candidatou.<\/strong><\/p>\n<\/td>\n<\/tr>\n<tr class=\"fondo-color\">\n<td class=\"celdas-izq\">Li\u00e7\u00f5es<\/td>\n<td class=\"celdas-dcha\">1 dia por semana (3 aulas no mesmo dia)<\/p>\n<p>4 semanas &#8211; 12 li\u00e7\u00f5es no total<\/p>\n<p>45&nbsp;minutos \/ li\u00e7\u00e3o<\/p>\n<\/td>\n<\/tr>\n<td class=\"celdas-izq\">Dura\u00e7\u00e3o<\/td>\n<td class=\"celdas-dcha\">A partir de 4 semanas<\/td>\n<\/tr>\n<tr>\n<td class=\"celdas-izq\">Taxa de matr\u00edcula<\/td>\n<td class=\"celdas-dcha\"><strong>30\u20ac<\/strong>, inclui: servi\u00e7o de inscri\u00e7\u00e3o para o exame CCSE, material do curso, pacote de boas-vindas, acesso \u00e0 internet e Wi-Fi, certificado de frequ\u00eancia do curso e n\u00edvel alcan\u00e7ado<\/td>\n<\/tr>\n<\/tbody>\n<\/table>\n","protected":false},"excerpt":{"rendered":"<p>TANDEM Madrid ajuda voc\u00ea a preparar-se e inscrever-se para o exame CCSE. (Voc\u00ea pode fazer o exame diretamente na nossa escola). O exame CCSE certifica seu conhecimento da Constitui\u00e7\u00e3o Espanhola, assim como a atualidade social e cultural da Espanha, o que constitui um requisito obrigat\u00f3rio para obter a cidadania\/nacionalidade espanhola, conforme estipulado por lei.<\/p>\n<p style=\"text-align:center;\"><a href=\"\/br\/c\/curso-exame-ccse-cidadania\/\" title=\"Mais informa\u00e7\u00f5es sobre o curso: Prepara\u00e7\u00e3o para o exame CCSE\" class=\"buttonaction\">Mais sobre este curso<\/a><\/p>\n","protected":false},"featured_media":6795,"template":"","meta":[],"product_cat":[148],"product_tag":[],"_links":{"self":[{"href":"https:\/\/dev.tandemmadrid.com\/br\/wp-json\/wp\/v2\/product\/11322"}],"collection":[{"href":"https:\/\/dev.tandemmadrid.com\/br\/wp-json\/wp\/v2\/product"}],"about":[{"href":"https:\/\/dev.tandemmadrid.com\/br\/wp-json\/wp\/v2\/types\/product"}],"version-history":[{"count":0,"href":"https:\/\/dev.tandemmadrid.com\/br\/wp-json\/wp\/v2\/product\/11322\/revisions"}],"wp:featuredmedia":[{"embeddable":true,"href":"https:\/\/dev.tandemmadrid.com\/br\/wp-json\/wp\/v2\/media\/6795"}],"wp:attachment":[{"href":"https:\/\/dev.tandemmadrid.com\/br\/wp-json\/wp\/v2\/media?parent=11322"}],"wp:term":[{"taxonomy":"product_cat","embeddable":true,"href":"https:\/\/dev.tandemmadrid.com\/br\/wp-json\/wp\/v2\/product_cat?post=11322"},{"taxonomy":"product_tag","embeddable":true,"href":"https:\/\/dev.tandemmadrid.com\/br\/wp-json\/wp\/v2\/product_tag?post=11322"}],"curies":[{"name":"wp","href":"https:\/\/api.w.org\/{rel}","templated":true}]}}