
{"id":11323,"date":"2023-10-09T13:36:54","date_gmt":"2023-10-09T11:36:54","guid":{"rendered":"https:\/\/dev.tandemmadrid.com\/shop\/reserve-o-curso-curso-de-espanhol-2-dias-por-semana\/"},"modified":"2024-02-06T10:11:58","modified_gmt":"2024-02-06T09:11:58","slug":"extensivo-2-dias-semana","status":"publish","type":"product","link":"https:\/\/dev.tandemmadrid.com\/br\/loja\/extensivo-2-dias-semana\/","title":{"rendered":"Reserve o curso: Curso extensivo de espanhol 2 dias por semana"},"content":{"rendered":"<table class=\"tabla-cursos\" border=\"1\">\n<tbody>\n<tr>\n<td class=\"celdas-izq\">Data de in\u00edcio<\/td>\n<td class=\"celdas-dcha\">QUALQUER DIA DA SEMANA<\/td>\n<\/tr>\n<tr class=\"fondo-color\">\n<td class=\"celdas-izq\">Aulas por semana<\/td>\n<td class=\"celdas-dcha\">4 semanas: 16 aulas (4 aulas \/ semana)<\/td>\n<\/tr>\n<tr>\n<td class=\"celdas-izq\">Dura\u00e7\u00e3o<\/td>\n<td class=\"celdas-dcha\">M\u00ednimo: 4 semanas<\/td>\n<\/tr>\n<tr class=\"fondo-color\">\n<td class=\"celdas-izq\">N\u00edveis<\/td>\n<td class=\"celdas-dcha\">Todos os n\u00edveis<\/td>\n<\/tr>\n<tr class=\"fondo-color\">\n<td class=\"celdas-izq\">Dura\u00e7\u00e3o das aulas<\/td>\n<td class=\"celdas-dcha\">45 min<\/td>\n<\/tr>\n<tr>\n<td class=\"celdas-izq\">Taxa de Matr\u00edcula<\/td>\n<td class=\"celdas-dcha\"><strong>30\u20ac<\/strong><\/td>\n<\/tr>\n<\/tbody>\n<\/table>\n","protected":false},"excerpt":{"rendered":"<p>Este curso, com foco em comunica\u00e7\u00e3o, \u00e9 a escolha perfeita para aprender a l\u00edngua e conhecer a cultura espanhola em um ambiente descontra\u00eddo. Desta forma, estimulamos a conversa\u00e7\u00e3o e o interc\u00e2mbio de experi\u00eancias di\u00e1rias com pessoas do mundo todo.<\/p>\n<p style=\"text-align:center;\"><a href=\"\/br\/c\/dois-dias-semana\/\" title=\"Mais sobre o curso: Curso Dois Dias por Semana, tardes\" class=\"buttonaction\">Mais sobre este curso<\/a><\/p>\n","protected":false},"featured_media":6845,"template":"","meta":[],"product_cat":[149],"product_tag":[],"_links":{"self":[{"href":"https:\/\/dev.tandemmadrid.com\/br\/wp-json\/wp\/v2\/product\/11323"}],"collection":[{"href":"https:\/\/dev.tandemmadrid.com\/br\/wp-json\/wp\/v2\/product"}],"about":[{"href":"https:\/\/dev.tandemmadrid.com\/br\/wp-json\/wp\/v2\/types\/product"}],"version-history":[{"count":0,"href":"https:\/\/dev.tandemmadrid.com\/br\/wp-json\/wp\/v2\/product\/11323\/revisions"}],"wp:featuredmedia":[{"embeddable":true,"href":"https:\/\/dev.tandemmadrid.com\/br\/wp-json\/wp\/v2\/media\/6845"}],"wp:attachment":[{"href":"https:\/\/dev.tandemmadrid.com\/br\/wp-json\/wp\/v2\/media?parent=11323"}],"wp:term":[{"taxonomy":"product_cat","embeddable":true,"href":"https:\/\/dev.tandemmadrid.com\/br\/wp-json\/wp\/v2\/product_cat?post=11323"},{"taxonomy":"product_tag","embeddable":true,"href":"https:\/\/dev.tandemmadrid.com\/br\/wp-json\/wp\/v2\/product_tag?post=11323"}],"curies":[{"name":"wp","href":"https:\/\/api.w.org\/{rel}","templated":true}]}}