
{"id":11324,"date":"2023-10-09T16:39:14","date_gmt":"2023-10-09T14:39:14","guid":{"rendered":"https:\/\/dev.tandemmadrid.com\/shop\/reserve-o-curso-espanhol-futebol-360o-de-generation-adidas\/"},"modified":"2024-02-06T10:19:58","modified_gmt":"2024-02-06T09:19:58","slug":"junior-futebol-adidas","status":"publish","type":"product","link":"https:\/\/dev.tandemmadrid.com\/br\/loja\/junior-futebol-adidas\/","title":{"rendered":"Reserve o curso: Curso de Ver\u00e3o Junior + futebol 360\u00ba de Generation Adidas"},"content":{"rendered":"<p>Primeira semana: Programa J\u00fanior de Espanhol na TANDEM Madrid<br \/>\nAs atividades culturais e de lazer come\u00e7ar\u00e3o todos os dias ap\u00f3s o almo\u00e7o: ou uma atividade \u00e0 tarde ou \u00e0 noite. Voc\u00ea visitar\u00e1 os marcos mais famosos de Madri, incluindo a Plaza Mayor, a Puerta del Sol, o Parque Retiro, El Madrid de los Austrias (o legado dos Habsburgos), as instala\u00e7\u00f5es esportivas da cidade, e participar\u00e1 de concertos e filmes ao ar livre. Tamb\u00e9m oferecemos atividades esportivas incluindo patina\u00e7\u00e3o, nata\u00e7\u00e3o, caminhadas nas montanhas fora de Madri, visita ao Est\u00e1dio de Futebol Real Madrid, jogos de futebol ou basquete, aulas de flamenco, e muito mais.<\/p>\n<p>Excurs\u00f5es<br \/>\nAos s\u00e1bados haver\u00e1 excurs\u00f5es a lugares pr\u00f3ximos a Madri, como Seg\u00f3via, com seu famoso aqueduto romano; \u00c1vila, famosa por suas muralhas da cidade, ou El Escorial, com seu incr\u00edvel mosteiro que foi constru\u00eddo durante o reinado de Filipe II.<\/p>\n<p>Segunda semana: acampamento residencial de futebol 1 semana<br \/>\nDesde o momento em que acordam at\u00e9 que v\u00e3o para a cama, nossos participantes viver\u00e3o em primeira m\u00e3o o que \u00e9 crescer como um grupo dentro do programa de aprendizagem e esporte dirigido pela Funda\u00e7\u00e3o Real Madrid treinadores e educadores da Campus Experience. Alojados em uma resid\u00eancia de primeira classe, os participantes v\u00e3o se transferir diariamente para Ciudad Real Madrid de Valdebebas para fazer 90 minutos de treinamento pela manh\u00e3 e pela tarde sob a supervis\u00e3o dos treinadores da Funda\u00e7\u00e3o Real Madrid. Todas estas atividades est\u00e3o associadas aos valores do nosso clube.<\/p>\n","protected":false},"excerpt":{"rendered":"<p>O programa \u00e9 projetado para meninos e meninas entre 12 e 15 anos de idade, e dura no m\u00ednimo duas semanas.<br \/>\nO curso de espanhol para grupos no El Escorial \u00e9 um programa acad\u00eamico que ocorre entre junho e agosto; consiste em 4 aulas di\u00e1rias de 45 minutos cada, por um m\u00ednimo de 2 semanas. O curso acontece em um lugar muito especial: o Real Col\u00e9gio Alfonso XII de los Padres Agustinos, uma escola localizada no famoso S\u00edtio Real de San Lorenzo del Escorial.<\/p>\n<p style=\"text-align:center;\"><a href=\"\/br\/c\/curso-verao-junior-futebol-generation-adidas\/\" title=\"Mais sobre o curso: Curso de Ver\u00e3o Junior + futebol 360\u00ba de Generation Adidas\" class=\"buttonaction\">Mais sobre este curso<\/a><\/p>\n","protected":false},"featured_media":8521,"template":"","meta":[],"product_cat":[176],"product_tag":[],"_links":{"self":[{"href":"https:\/\/dev.tandemmadrid.com\/br\/wp-json\/wp\/v2\/product\/11324"}],"collection":[{"href":"https:\/\/dev.tandemmadrid.com\/br\/wp-json\/wp\/v2\/product"}],"about":[{"href":"https:\/\/dev.tandemmadrid.com\/br\/wp-json\/wp\/v2\/types\/product"}],"version-history":[{"count":0,"href":"https:\/\/dev.tandemmadrid.com\/br\/wp-json\/wp\/v2\/product\/11324\/revisions"}],"wp:featuredmedia":[{"embeddable":true,"href":"https:\/\/dev.tandemmadrid.com\/br\/wp-json\/wp\/v2\/media\/8521"}],"wp:attachment":[{"href":"https:\/\/dev.tandemmadrid.com\/br\/wp-json\/wp\/v2\/media?parent=11324"}],"wp:term":[{"taxonomy":"product_cat","embeddable":true,"href":"https:\/\/dev.tandemmadrid.com\/br\/wp-json\/wp\/v2\/product_cat?post=11324"},{"taxonomy":"product_tag","embeddable":true,"href":"https:\/\/dev.tandemmadrid.com\/br\/wp-json\/wp\/v2\/product_tag?post=11324"}],"curies":[{"name":"wp","href":"https:\/\/api.w.org\/{rel}","templated":true}]}}