
{"id":11325,"date":"2023-10-10T17:58:26","date_gmt":"2023-10-10T15:58:26","guid":{"rendered":"https:\/\/dev.tandemmadrid.com\/shop\/reserve-o-curso-curso-intensivo-de-espanhol-padrao\/"},"modified":"2024-02-06T10:25:35","modified_gmt":"2024-02-06T09:25:35","slug":"intensivo-espanhol-padrao","status":"publish","type":"product","link":"https:\/\/dev.tandemmadrid.com\/br\/loja\/intensivo-espanhol-padrao\/","title":{"rendered":"Reserve o curso: Curso Intensivo de Espanhol Padr\u00e3o"},"content":{"rendered":"<table class=\"tabla-cursos\" border=\"1px\">\n<tbody>\n<tr>\n<td class=\"celdas-izq\">Datas de in\u00edcio<\/td>\n<td class=\"celdas-dcha\">Qualquer segunda-feira do ano<\/td>\n<\/tr>\n<tr class=\"fondo-color\">\n<td class=\"celdas-izq\">Aulas por semana<\/td>\n<td class=\"celdas-dcha\">20 aulas de espanhol\/semana \u2013 4 aulas\/dia + 2 aulas\/semana de espanhol e conversa\u00e7\u00e3o de n\u00edvel A2.<\/td>\n<\/tr>\n<tr>\n<td class=\"celdas-izq\">Dura\u00e7\u00e3o<\/td>\n<td class=\"celdas-dcha\">M\u00ednimo: 1 semana<\/td>\n<\/tr>\n<tr class=\"fondo-color\">\n<td class=\"celdas-izq\">N\u00edveis<\/td>\n<td class=\"celdas-dcha\">Todos os n\u00edveis<\/td>\n<\/tr>\n<tr class=\"fondo-color\">\n<td class=\"celdas-izq\">Dura\u00e7\u00e3o das aulas<\/td>\n<td class=\"celdas-dcha\">45 min<\/td>\n<\/tr>\n<tr>\n<td class=\"celdas-izq\">Taxa de Matr\u00edcula<\/td>\n<td class=\"celdas-dcha\"><strong>50\u20ac<\/strong><\/td>\n<\/tr>\n<\/tbody>\n<\/table>\n","protected":false},"excerpt":{"rendered":"<p>Nosso curso intensivo de espanhol \u00e9 realizado de manh\u00e3, das 9h30 \u00e0s 13h, deixando voc\u00ea toda a tarde e a noite para desfrutar das infinitas ofertas de lazer e cultura em Madri. Como nossa escola est\u00e1 no cora\u00e7\u00e3o da cidade, voc\u00ea poder\u00e1 visitar museus, pal\u00e1cios ou exposi\u00e7\u00f5es todos os dias da semana, assim como passear pelos parques de Madri ou sair para tomar tapas com seus colegas de classe ou com seu parceiro Tandem.<br \/>\nCom 20 aulas por semana inclu\u00eddas no curso intensivo de espanhol, o progresso na aprendizagem da l\u00edngua espanhola \u00e9 gradual e constante; tamb\u00e9m com a absor\u00e7\u00e3o da cultura espanhola.<\/p>\n<p style=\"text-align:center;\"><a href=\"\/br\/c\/curso-intensivo-espanhol\/\" title=\"Mais sobre o curso: Curso Intensivo de Espanhol Padr\u00e3o\" class=\"buttonaction\">Mais sobre este curso<\/a><\/p>\n","protected":false},"featured_media":11326,"template":"","meta":[],"product_cat":[161],"product_tag":[],"_links":{"self":[{"href":"https:\/\/dev.tandemmadrid.com\/br\/wp-json\/wp\/v2\/product\/11325"}],"collection":[{"href":"https:\/\/dev.tandemmadrid.com\/br\/wp-json\/wp\/v2\/product"}],"about":[{"href":"https:\/\/dev.tandemmadrid.com\/br\/wp-json\/wp\/v2\/types\/product"}],"version-history":[{"count":0,"href":"https:\/\/dev.tandemmadrid.com\/br\/wp-json\/wp\/v2\/product\/11325\/revisions"}],"wp:featuredmedia":[{"embeddable":true,"href":"https:\/\/dev.tandemmadrid.com\/br\/wp-json\/wp\/v2\/media\/11326"}],"wp:attachment":[{"href":"https:\/\/dev.tandemmadrid.com\/br\/wp-json\/wp\/v2\/media?parent=11325"}],"wp:term":[{"taxonomy":"product_cat","embeddable":true,"href":"https:\/\/dev.tandemmadrid.com\/br\/wp-json\/wp\/v2\/product_cat?post=11325"},{"taxonomy":"product_tag","embeddable":true,"href":"https:\/\/dev.tandemmadrid.com\/br\/wp-json\/wp\/v2\/product_tag?post=11325"}],"curies":[{"name":"wp","href":"https:\/\/api.w.org\/{rel}","templated":true}]}}