
{"id":11327,"date":"2023-10-10T12:17:29","date_gmt":"2023-10-10T10:17:29","guid":{"rendered":"https:\/\/dev.tandemmadrid.com\/shop\/orcamento-para-o-curso-curso-cidades-de-espanha\/"},"modified":"2024-02-06T10:31:13","modified_gmt":"2024-02-06T09:31:13","slug":"cidades-espanha","status":"publish","type":"product","link":"https:\/\/dev.tandemmadrid.com\/br\/loja\/cidades-espanha\/","title":{"rendered":"Or\u00e7amento para o curso: Curso Cidades de Espanha"},"content":{"rendered":"<p>Durante todo o ano, a TANDEM Madrid oferece a oportunidade de participar de programas de espanhol em Madri que s\u00e3o combinados com nossas escolas parceiras em San Sebasti\u00e1n, Granada e Barcelona. Esta \u00e9 uma alternativa muito boa para aqueles que querem aproveitar ao m\u00e1ximo sua estadia na Espanha e conhecer diferentes lugares do pa\u00eds.<\/p>\n<p>A estadia m\u00ednima do programa nas cidades da Espanha \u00e9 de 2 semanas.<\/p>\n","protected":false},"excerpt":{"rendered":"<p>Este \u00e9 um curso feito sob medida. Por favor, solicite um or\u00e7amento explicando todos os detalhes que devemos considerar, como dura\u00e7\u00e3o, n\u00famero de participantes, datas de in\u00edcio, etc. Nossa equipe entrar\u00e1 em contato com voc\u00ea com uma proposta e todas as informa\u00e7\u00f5es, para que voc\u00ea possa reservar o curso mais tarde.<\/p>\n<p style=\"text-align:center;\"><a href=\"\/br\/c\/curso-cidades-espanha\/\" title=\"Mais sobre o curso: Curso Cidades de Espanha\" class=\"buttonaction\">Mais sobre este curso<\/a><\/p>\n","protected":false},"featured_media":6706,"template":"","meta":[],"product_cat":[168],"product_tag":[],"_links":{"self":[{"href":"https:\/\/dev.tandemmadrid.com\/br\/wp-json\/wp\/v2\/product\/11327"}],"collection":[{"href":"https:\/\/dev.tandemmadrid.com\/br\/wp-json\/wp\/v2\/product"}],"about":[{"href":"https:\/\/dev.tandemmadrid.com\/br\/wp-json\/wp\/v2\/types\/product"}],"version-history":[{"count":0,"href":"https:\/\/dev.tandemmadrid.com\/br\/wp-json\/wp\/v2\/product\/11327\/revisions"}],"wp:featuredmedia":[{"embeddable":true,"href":"https:\/\/dev.tandemmadrid.com\/br\/wp-json\/wp\/v2\/media\/6706"}],"wp:attachment":[{"href":"https:\/\/dev.tandemmadrid.com\/br\/wp-json\/wp\/v2\/media?parent=11327"}],"wp:term":[{"taxonomy":"product_cat","embeddable":true,"href":"https:\/\/dev.tandemmadrid.com\/br\/wp-json\/wp\/v2\/product_cat?post=11327"},{"taxonomy":"product_tag","embeddable":true,"href":"https:\/\/dev.tandemmadrid.com\/br\/wp-json\/wp\/v2\/product_tag?post=11327"}],"curies":[{"name":"wp","href":"https:\/\/api.w.org\/{rel}","templated":true}]}}