
{"id":11329,"date":"2024-01-28T12:42:56","date_gmt":"2024-01-28T11:42:56","guid":{"rendered":"https:\/\/dev.tandemmadrid.com\/shop\/reserve-o-curso-acampamentos-urbanos-de-verao-para-criancas-7-a-12-anos\/"},"modified":"2024-02-06T10:49:47","modified_gmt":"2024-02-06T09:49:47","slug":"acampamentos-urbanos-verao-criancas","status":"publish","type":"product","link":"https:\/\/dev.tandemmadrid.com\/br\/loja\/acampamentos-urbanos-verao-criancas\/","title":{"rendered":"Reserve o curso: Acampamentos urbanos de ver\u00e3o para crian\u00e7as (7 a 12 anos)"},"content":{"rendered":"","protected":false},"excerpt":{"rendered":"<p>F\u00e9rias divertidas e educativas em espanhol para crian\u00e7as de 7 a 12 anos de idade, dispon\u00edveis em junho, julho e agosto. De segunda a sexta-feira. Pequenos grupos em um ambiente estimulante. <\/p>\n<p style=\"text-align:center;\"><a href=\"\/br\/c\/curso-espanhol-verao-junior-madri\/\" title=\"Mais informa\u00e7\u00f5es sobre o curso: Acampamentos urbanos de ver\u00e3o para crian\u00e7as\" class=\"buttonaction\">Mais informa\u00e7\u00f5es sobre o curso<\/a><\/p>\n","protected":false},"featured_media":7346,"template":"","meta":[],"product_cat":[176],"product_tag":[],"_links":{"self":[{"href":"https:\/\/dev.tandemmadrid.com\/br\/wp-json\/wp\/v2\/product\/11329"}],"collection":[{"href":"https:\/\/dev.tandemmadrid.com\/br\/wp-json\/wp\/v2\/product"}],"about":[{"href":"https:\/\/dev.tandemmadrid.com\/br\/wp-json\/wp\/v2\/types\/product"}],"version-history":[{"count":0,"href":"https:\/\/dev.tandemmadrid.com\/br\/wp-json\/wp\/v2\/product\/11329\/revisions"}],"wp:featuredmedia":[{"embeddable":true,"href":"https:\/\/dev.tandemmadrid.com\/br\/wp-json\/wp\/v2\/media\/7346"}],"wp:attachment":[{"href":"https:\/\/dev.tandemmadrid.com\/br\/wp-json\/wp\/v2\/media?parent=11329"}],"wp:term":[{"taxonomy":"product_cat","embeddable":true,"href":"https:\/\/dev.tandemmadrid.com\/br\/wp-json\/wp\/v2\/product_cat?post=11329"},{"taxonomy":"product_tag","embeddable":true,"href":"https:\/\/dev.tandemmadrid.com\/br\/wp-json\/wp\/v2\/product_tag?post=11329"}],"curies":[{"name":"wp","href":"https:\/\/api.w.org\/{rel}","templated":true}]}}