
{"id":11333,"date":"2023-10-06T17:59:35","date_gmt":"2023-10-06T15:59:35","guid":{"rendered":"https:\/\/dev.tandemmadrid.com\/shop\/reservar-o-curso-aprender-com-o-coracao-e-com-a-cabeca\/"},"modified":"2024-02-06T11:07:37","modified_gmt":"2024-02-06T10:07:37","slug":"aprender-corazon-cabeza","status":"publish","type":"product","link":"https:\/\/dev.tandemmadrid.com\/br\/loja\/aprender-corazon-cabeza\/","title":{"rendered":"Reservar o curso: Aprender con el coraz\u00f3n y la cabeza"},"content":{"rendered":"","protected":false},"excerpt":{"rendered":"<p>Com este curso, voc\u00ea aprender\u00e1 como criar material did\u00e1tico com imagens, v\u00eddeos, podcasts e atividades interativas para o espanhol como l\u00edngua estrangeira (ELE) \u00e0 dist\u00e2ncia, o que tornar\u00e1 suas aulas muito mais interessantes e atraentes.<\/p>\n<p>N\u00f3s lhe forneceremos uma vis\u00e3o geral dos aplicativos para computa\u00e7\u00e3o gr\u00e1fica, aulas de espanhol, jogos e outras atividades interativas para suas aulas de videoconfer\u00eancia, para trabalhar com v\u00eddeos remotos, e para projetar materiais did\u00e1ticos com eles.<\/p>\n","protected":false},"featured_media":8529,"template":"","meta":[],"product_cat":[168,164,177],"product_tag":[],"_links":{"self":[{"href":"https:\/\/dev.tandemmadrid.com\/br\/wp-json\/wp\/v2\/product\/11333"}],"collection":[{"href":"https:\/\/dev.tandemmadrid.com\/br\/wp-json\/wp\/v2\/product"}],"about":[{"href":"https:\/\/dev.tandemmadrid.com\/br\/wp-json\/wp\/v2\/types\/product"}],"version-history":[{"count":0,"href":"https:\/\/dev.tandemmadrid.com\/br\/wp-json\/wp\/v2\/product\/11333\/revisions"}],"wp:featuredmedia":[{"embeddable":true,"href":"https:\/\/dev.tandemmadrid.com\/br\/wp-json\/wp\/v2\/media\/8529"}],"wp:attachment":[{"href":"https:\/\/dev.tandemmadrid.com\/br\/wp-json\/wp\/v2\/media?parent=11333"}],"wp:term":[{"taxonomy":"product_cat","embeddable":true,"href":"https:\/\/dev.tandemmadrid.com\/br\/wp-json\/wp\/v2\/product_cat?post=11333"},{"taxonomy":"product_tag","embeddable":true,"href":"https:\/\/dev.tandemmadrid.com\/br\/wp-json\/wp\/v2\/product_tag?post=11333"}],"curies":[{"name":"wp","href":"https:\/\/api.w.org\/{rel}","templated":true}]}}