
{"id":11335,"date":"2023-10-09T16:07:10","date_gmt":"2023-10-09T14:07:10","guid":{"rendered":"https:\/\/dev.tandemmadrid.com\/shop\/reserve-o-curso-curso-intensivo-de-espanhol-para-negocios\/"},"modified":"2024-02-06T11:14:08","modified_gmt":"2024-02-06T10:14:08","slug":"intensivo-espanhol-negocios","status":"publish","type":"product","link":"https:\/\/dev.tandemmadrid.com\/br\/loja\/intensivo-espanhol-negocios\/","title":{"rendered":"Reserve o curso: Curso Intensivo de Espanhol para Neg\u00f3cios"},"content":{"rendered":"<table class=\"tabla-cursos\" border=\"1\">\n<tbody>\n<tr>\n<td class=\"celdas-izq\">Disponibilidade<\/td>\n<td class=\"celdas-dcha\">O ANO TODO<\/td>\n<\/tr>\n<tr class=\"fondo-color\">\n<td class=\"celdas-izq\">Aulas por semana<\/td>\n<td class=\"celdas-dcha\">20 aulas de espanhol geral + 10 aulas particulares espec. neg\u00f3cios\/semana<\/td>\n<\/tr>\n<tr>\n<td class=\"celdas-izq\">Dura\u00e7\u00e3o<\/td>\n<td class=\"celdas-dcha\">Desde 1 semana<\/td>\n<\/tr>\n<tr class=\"fondo-color\">\n<td class=\"celdas-izq\">N\u00edveis<\/td>\n<td class=\"celdas-dcha\"><i> Certificado B\u00e1sico de Espanhol de los Negocios<\/p>\n<p>Certificado Superior de Espa\u00f1ol de los Negocios<\/p>\n<p><\/i><\/p>\n<p><i>Diploma de Espa\u00f1ol de los Negocios <\/i><\/p>\n<\/td>\n<\/tr>\n<tr class=\"fondo-color\">\n<td class=\"celdas-izq\">Dura\u00e7\u00e3o das aulas<\/td>\n<td class=\"celdas-dcha\">45 min<\/td>\n<\/tr>\n<tr>\n<td class=\"celdas-izq\">Taxa de Matr\u00edcula<\/td>\n<td class=\"celdas-dcha\"><strong>50\u20ac<\/strong>.<\/td>\n<\/tr>\n<\/tbody>\n<\/table>\n","protected":false},"excerpt":{"rendered":"<p>O programa intensivo de espanhol para neg\u00f3cios, que dura pelo menos uma semana, inclui um total de 20 aulas grupais por semana e 10 aulas particulares por semana de 45 minutos cada. Isto permite que cada aluno domine seus objetivos pessoais, j\u00e1 que se beneficia tanto de aulas grupais quanto individuais.<br \/>\nDas 9h30 \u00e0s 11h00 e das 11h30 \u00e0s 13h00, as aulas s\u00e3o em grupo e o foco \u00e9 o espanhol geral. Das 13h30 \u00e0s 15h00, o foco \u00e9 em aspectos espec\u00edficos da linguagem comercial e de neg\u00f3cios.<\/p>\n<p style=\"text-align:center;\"><a href=\"\/br\/c\/espanhol-negocios-camara-comercio\/\" title=\"Mais sobre o curso: Curso Intensivo de Espanhol para Neg\u00f3cios\" class=\"buttonaction\">Mais sobre este curso<\/a><\/p>\n","protected":false},"featured_media":6761,"template":"","meta":[],"product_cat":[161,167],"product_tag":[],"_links":{"self":[{"href":"https:\/\/dev.tandemmadrid.com\/br\/wp-json\/wp\/v2\/product\/11335"}],"collection":[{"href":"https:\/\/dev.tandemmadrid.com\/br\/wp-json\/wp\/v2\/product"}],"about":[{"href":"https:\/\/dev.tandemmadrid.com\/br\/wp-json\/wp\/v2\/types\/product"}],"version-history":[{"count":0,"href":"https:\/\/dev.tandemmadrid.com\/br\/wp-json\/wp\/v2\/product\/11335\/revisions"}],"wp:featuredmedia":[{"embeddable":true,"href":"https:\/\/dev.tandemmadrid.com\/br\/wp-json\/wp\/v2\/media\/6761"}],"wp:attachment":[{"href":"https:\/\/dev.tandemmadrid.com\/br\/wp-json\/wp\/v2\/media?parent=11335"}],"wp:term":[{"taxonomy":"product_cat","embeddable":true,"href":"https:\/\/dev.tandemmadrid.com\/br\/wp-json\/wp\/v2\/product_cat?post=11335"},{"taxonomy":"product_tag","embeddable":true,"href":"https:\/\/dev.tandemmadrid.com\/br\/wp-json\/wp\/v2\/product_tag?post=11335"}],"curies":[{"name":"wp","href":"https:\/\/api.w.org\/{rel}","templated":true}]}}