
{"id":11336,"date":"2023-10-09T18:57:55","date_gmt":"2023-10-09T16:57:55","guid":{"rendered":"https:\/\/dev.tandemmadrid.com\/shop\/reserve-o-curso-curso-de-espanhol-de-imersao-em-madri\/"},"modified":"2024-02-06T11:19:27","modified_gmt":"2024-02-06T10:19:27","slug":"espanhol-imersao-madri","status":"publish","type":"product","link":"https:\/\/dev.tandemmadrid.com\/br\/loja\/espanhol-imersao-madri\/","title":{"rendered":"Reserve o curso: Curso de espanhol de imers\u00e3o em Madri"},"content":{"rendered":"<table class=\"tabla-cursos\" border=\"1px\">\n<tbody>\n<tr>\n<td class=\"celdas-izq\">Datas de in\u00edcio<\/td>\n<td class=\"celdas-dcha\">Qualquer dia do ano<\/td>\n<\/tr>\n<tr class=\"fondo-color\">\n<td class=\"celdas-izq\">Aulas por semana<\/td>\n<td class=\"celdas-dcha\">Desde 20 aulas\/ semana<\/td>\n<\/tr>\n<tr>\n<td class=\"celdas-izq\">N\u00edveis<\/td>\n<td class=\"celdas-dcha\">Todos os n\u00edveis<\/td>\n<\/tr>\n<tr class=\"fondo-color\">\n<td class=\"celdas-izq\">OPCIONAL<\/td>\n<td class=\"celdas-dcha\">Almo\u00e7o com o seu professor\/ programa cultural, Atividades culturais \u00e0 tarde\/noite<\/td>\n<\/tr>\n<tr class=\"fondo-color\">\n<td class=\"celdas-izq\">Dura\u00e7\u00e3o das aulas<\/td>\n<td class=\"celdas-dcha\">45 min<\/td>\n<\/tr>\n<tr>\n<td class=\"celdas-izq\">Taxa de Matr\u00edcula<\/td>\n<td class=\"celdas-dcha\"><strong>50\u20ac<\/strong>.<\/td>\n<\/tr>\n<\/tbody>\n<\/table>\n","protected":false},"excerpt":{"rendered":"<p>Este curso \u00e9 uma \u00f3tima op\u00e7\u00e3o para aqueles que est\u00e3o interessados no aprendizado individual e personalizado, permitindo-lhes ver resultados r\u00e1pidos. Voc\u00ea pode sempre contar com um professor de espanhol especializado na \u00e1rea profissional para a qual voc\u00ea se candidatou. Gra\u00e7as a 20\/30 aulas semanais de 45 minutos, voc\u00ea poder\u00e1 participar do curso em qualquer dia do ano.<\/p>\n<p style=\"text-align:center;\"><a href=\"\/br\/c\/curso-de-imersao-em-espanhol\/\" title=\"Mais informa\u00e7\u00f5es sobre o curso: Curso de Imers\u00e3o em Espanhol\" class=\"buttonaction\">Mais sobre este curso<\/a><\/p>\n","protected":false},"featured_media":6827,"template":"","meta":[],"product_cat":[167],"product_tag":[],"_links":{"self":[{"href":"https:\/\/dev.tandemmadrid.com\/br\/wp-json\/wp\/v2\/product\/11336"}],"collection":[{"href":"https:\/\/dev.tandemmadrid.com\/br\/wp-json\/wp\/v2\/product"}],"about":[{"href":"https:\/\/dev.tandemmadrid.com\/br\/wp-json\/wp\/v2\/types\/product"}],"version-history":[{"count":0,"href":"https:\/\/dev.tandemmadrid.com\/br\/wp-json\/wp\/v2\/product\/11336\/revisions"}],"wp:featuredmedia":[{"embeddable":true,"href":"https:\/\/dev.tandemmadrid.com\/br\/wp-json\/wp\/v2\/media\/6827"}],"wp:attachment":[{"href":"https:\/\/dev.tandemmadrid.com\/br\/wp-json\/wp\/v2\/media?parent=11336"}],"wp:term":[{"taxonomy":"product_cat","embeddable":true,"href":"https:\/\/dev.tandemmadrid.com\/br\/wp-json\/wp\/v2\/product_cat?post=11336"},{"taxonomy":"product_tag","embeddable":true,"href":"https:\/\/dev.tandemmadrid.com\/br\/wp-json\/wp\/v2\/product_tag?post=11336"}],"curies":[{"name":"wp","href":"https:\/\/api.w.org\/{rel}","templated":true}]}}