
{"id":11337,"date":"2023-10-09T13:54:54","date_gmt":"2023-10-09T11:54:54","guid":{"rendered":"https:\/\/dev.tandemmadrid.com\/shop\/reserve-o-curso-programa-de-espanhol-junior-de-verao-em-madri\/"},"modified":"2024-02-06T11:33:42","modified_gmt":"2024-02-06T10:33:42","slug":"programa-junior-verao-madri","status":"publish","type":"product","link":"https:\/\/dev.tandemmadrid.com\/br\/loja\/programa-junior-verao-madri\/","title":{"rendered":"Reserve o curso: Programa de Espanhol Junior de Ver\u00e3o em Madri"},"content":{"rendered":"<table class=\"tabla-cursos\" border=\"1px\">\n<tbody>\n<tr>\n<td class=\"celdas-izq\">Datas de in\u00edcio<\/td>\n<td class=\"celdas-dcha\">Todas as segundas-feiras de junho a julho.<\/td>\n<\/tr>\n<tr class=\"fondo-color\">\n<td class=\"celdas-izq\">idades<\/td>\n<td class=\"celdas-dcha\">13 a 17 anos<\/td>\n<\/tr>\n<tr>\n<td class=\"celdas-izq\">Aulas\/ semana<\/td>\n<td class=\"celdas-dcha\">20 Aulas\/ semana \u2013 4 Aulas\/ dia<\/td>\n<\/tr>\n<tr class=\"fondo-color\">\n<td class=\"celdas-izq\">Dura\u00e7\u00e3o<\/td>\n<td class=\"celdas-dcha\">M\u00ednimo 2 semanas<\/td>\n<\/tr>\n<tr>\n<td class=\"celdas-izq\">N\u00edveis<\/td>\n<td class=\"celdas-dcha\">Todos os n\u00edveis<\/td>\n<\/tr>\n<tr class=\"fondo-color\">\n<td class=\"celdas-izq\">Dura\u00e7\u00e3o das aulas<\/td>\n<td class=\"celdas-dcha\">45 min<\/td>\n<\/tr>\n<tr class=\"fondo-color\">\n<td class=\"celdas-izq\">Programa Cultural<\/td>\n<td class=\"celdas-dcha\">1 atividade da tarde todos os dias + 1 excurs\u00e3o no fim de semana<\/td>\n<\/tr>\n<tr>\n<td class=\"celdas-izq\">Alojamento<\/td>\n<td class=\"celdas-dcha\">Casa de fam\u00edlia, pens\u00e3o completa, quarto indiv\u00edduo<\/td>\n<\/tr>\n<tr>\n<td class=\"celdas-izq\">Taxa de Matr\u00edcula<\/td>\n<td class=\"celdas-dcha\"><strong>50\u20ac<\/strong>.<\/td>\n<\/tr>\n<\/tbody>\n<\/table>\n","protected":false},"excerpt":{"rendered":"<p>Se voc\u00ea tem entre 13 e 17 anos de idade e est\u00e1 pensando em se inscrever em um curso de espanhol de ver\u00e3o em Madri, ent\u00e3o o Curso de Espanhol Junior TANDEM Madrid (13-17) \u00e9 uma excelente op\u00e7\u00e3o.<\/p>\n<p>Este programa acad\u00eamico acontece no ver\u00e3o e consiste em 4 aulas de 45 minutos por semana por um m\u00ednimo de duas semanas. Durante esses 15 dias ou mais, voc\u00ea participar\u00e1 de aulas de espanhol em uma escola no centro de Madri com outros alunos de sua idade e de muitos pa\u00edses diferentes.<\/p>\n<p style=\"text-align:center;\"><a href=\"\/br\/c\/curso-espanhol-verao-junior-madri\/\" title=\"Mais sobre o curso: Curso de Espanhol de Ver\u00e3o J\u00fanior em Madri\" class=\"buttonaction\">Mais sobre este curso<\/a><\/p>\n","protected":false},"featured_media":6746,"template":"","meta":[],"product_cat":[176],"product_tag":[],"_links":{"self":[{"href":"https:\/\/dev.tandemmadrid.com\/br\/wp-json\/wp\/v2\/product\/11337"}],"collection":[{"href":"https:\/\/dev.tandemmadrid.com\/br\/wp-json\/wp\/v2\/product"}],"about":[{"href":"https:\/\/dev.tandemmadrid.com\/br\/wp-json\/wp\/v2\/types\/product"}],"version-history":[{"count":0,"href":"https:\/\/dev.tandemmadrid.com\/br\/wp-json\/wp\/v2\/product\/11337\/revisions"}],"wp:featuredmedia":[{"embeddable":true,"href":"https:\/\/dev.tandemmadrid.com\/br\/wp-json\/wp\/v2\/media\/6746"}],"wp:attachment":[{"href":"https:\/\/dev.tandemmadrid.com\/br\/wp-json\/wp\/v2\/media?parent=11337"}],"wp:term":[{"taxonomy":"product_cat","embeddable":true,"href":"https:\/\/dev.tandemmadrid.com\/br\/wp-json\/wp\/v2\/product_cat?post=11337"},{"taxonomy":"product_tag","embeddable":true,"href":"https:\/\/dev.tandemmadrid.com\/br\/wp-json\/wp\/v2\/product_tag?post=11337"}],"curies":[{"name":"wp","href":"https:\/\/api.w.org\/{rel}","templated":true}]}}