
{"id":11340,"date":"2023-10-10T16:45:30","date_gmt":"2023-10-10T14:45:30","guid":{"rendered":"https:\/\/dev.tandemmadrid.com\/shop\/reserve-o-curso-programa-de-acesso-a-universidade-espanhola\/"},"modified":"2024-02-06T12:01:45","modified_gmt":"2024-02-06T11:01:45","slug":"acesso-universidade-espanhola","status":"publish","type":"product","link":"https:\/\/dev.tandemmadrid.com\/br\/loja\/acesso-universidade-espanhola\/","title":{"rendered":"Reserve o curso: Programa de Acesso \u00e0 Universidade Espanhola"},"content":{"rendered":"<p>Op\u00e7\u00f5es de Itiner\u00e1rio<\/p>\n<ul>\n<li>Programa padr\u00e3o de 14 meses: Durante 6 meses (de abril a setembro) voc\u00ea participa de nossos cursos intensivos de segunda a sexta-feira das 09h30 \u00e0s 13h00 (20 aulas por semana). Ao atingir o n\u00edvel B1, voc\u00ea pode iniciar um curso de 8 meses com nossa escola parceira (de outubro a dezembro, 10 aulas por semana, ou de janeiro a maio com 20 aulas por semana). O exame de ingresso \u00e9 em junho.<\/li>\n<li>Programa intensivo de 11 meses: Durante 6 meses (de julho a dezembro) voc\u00ea participa de nossos cursos intensivos, de segunda a sexta-feira das 09h30 \u00e0s 13h00 (20 aulas por semana). Ao atingir o n\u00edvel B1, voc\u00ea pode iniciar um curso intensivo de 5 meses com nossa escola parceira (de janeiro a maio, 20 aulas por semana). O exame de ingresso tamb\u00e9m \u00e9 em junho.<\/li>\n<li>Programa b1 de 8 meses: Se voc\u00ea j\u00e1 tem um n\u00edvel b1 de espanhol, voc\u00ea assiste \u00e0s aulas de prepara\u00e7\u00e3o para exames pela manh\u00e3 durante 8 meses, e vem \u00e0 TANDEM para aulas de espanhol duas vezes por semana \u00e0 tarde.<\/li>\n<\/ul>\n","protected":false},"excerpt":{"rendered":"<p>Se voc\u00ea deseja estudar em uma universidade espanhola, a TANDEM lhe oferece um programa que inclui administra\u00e7\u00e3o de vistos de estudante, um curso de espanhol e aulas preparat\u00f3rias para o exame de admiss\u00e3o em um centro especializado e orienta\u00e7\u00e3o estudantil. Tamb\u00e9m podemos organizar sua hospedagem com fam\u00edlias anfitri\u00e3s ou resid\u00eancias, e coloc\u00e1-lo em contato com estudantes espanh\u00f3is para interc\u00e2mbio de conversa\u00e7\u00e3o e pr\u00e1tica.<\/p>\n<p style=\"text-align:center;\"><a href=\"\/br\/c\/programa-acesso-universidade-espanhola\/\" title=\"Mais informa\u00e7\u00f5es sobre o curso: Programa de Acesso \u00e0 Universidade Espanhola\" class=\"buttonaction\">Mais sobre este curso<\/a><\/p>\n","protected":false},"featured_media":6696,"template":"","meta":[],"product_cat":[168],"product_tag":[],"_links":{"self":[{"href":"https:\/\/dev.tandemmadrid.com\/br\/wp-json\/wp\/v2\/product\/11340"}],"collection":[{"href":"https:\/\/dev.tandemmadrid.com\/br\/wp-json\/wp\/v2\/product"}],"about":[{"href":"https:\/\/dev.tandemmadrid.com\/br\/wp-json\/wp\/v2\/types\/product"}],"version-history":[{"count":0,"href":"https:\/\/dev.tandemmadrid.com\/br\/wp-json\/wp\/v2\/product\/11340\/revisions"}],"wp:featuredmedia":[{"embeddable":true,"href":"https:\/\/dev.tandemmadrid.com\/br\/wp-json\/wp\/v2\/media\/6696"}],"wp:attachment":[{"href":"https:\/\/dev.tandemmadrid.com\/br\/wp-json\/wp\/v2\/media?parent=11340"}],"wp:term":[{"taxonomy":"product_cat","embeddable":true,"href":"https:\/\/dev.tandemmadrid.com\/br\/wp-json\/wp\/v2\/product_cat?post=11340"},{"taxonomy":"product_tag","embeddable":true,"href":"https:\/\/dev.tandemmadrid.com\/br\/wp-json\/wp\/v2\/product_tag?post=11340"}],"curies":[{"name":"wp","href":"https:\/\/api.w.org\/{rel}","templated":true}]}}