
{"id":11345,"date":"2024-01-28T13:43:54","date_gmt":"2024-01-28T12:43:54","guid":{"rendered":"https:\/\/dev.tandemmadrid.com\/shop\/cotacao-do-curso-espanhol-para-familias\/"},"modified":"2024-02-06T12:11:46","modified_gmt":"2024-02-06T11:11:46","slug":"espanhol-familias","status":"publish","type":"product","link":"https:\/\/dev.tandemmadrid.com\/br\/loja\/espanhol-familias\/","title":{"rendered":"Cota\u00e7\u00e3o do curso: Espanhol para fam\u00edlias"},"content":{"rendered":"","protected":false},"excerpt":{"rendered":"<p>Curso para fam\u00edlias que desejam passar um tempo juntas em Madri e combinar o aprendizado do espanhol com atividades divertidas e culturais personalizadas.<\/p>\n<p style=\"text-align:center;\"><a href=\"\/\/br\/c\/espanhol-familias\/\" title=\"Mais informa\u00e7\u00f5es sobre o curso: Espanhol para fam\u00edlias\" class=\"buttonaction\">Mais informa\u00e7\u00f5es sobre o curso<\/a><\/p>\n","protected":false},"featured_media":7364,"template":"","meta":[],"product_cat":[168,156],"product_tag":[],"_links":{"self":[{"href":"https:\/\/dev.tandemmadrid.com\/br\/wp-json\/wp\/v2\/product\/11345"}],"collection":[{"href":"https:\/\/dev.tandemmadrid.com\/br\/wp-json\/wp\/v2\/product"}],"about":[{"href":"https:\/\/dev.tandemmadrid.com\/br\/wp-json\/wp\/v2\/types\/product"}],"version-history":[{"count":0,"href":"https:\/\/dev.tandemmadrid.com\/br\/wp-json\/wp\/v2\/product\/11345\/revisions"}],"wp:featuredmedia":[{"embeddable":true,"href":"https:\/\/dev.tandemmadrid.com\/br\/wp-json\/wp\/v2\/media\/7364"}],"wp:attachment":[{"href":"https:\/\/dev.tandemmadrid.com\/br\/wp-json\/wp\/v2\/media?parent=11345"}],"wp:term":[{"taxonomy":"product_cat","embeddable":true,"href":"https:\/\/dev.tandemmadrid.com\/br\/wp-json\/wp\/v2\/product_cat?post=11345"},{"taxonomy":"product_tag","embeddable":true,"href":"https:\/\/dev.tandemmadrid.com\/br\/wp-json\/wp\/v2\/product_tag?post=11345"}],"curies":[{"name":"wp","href":"https:\/\/api.w.org\/{rel}","templated":true}]}}