
{"id":11349,"date":"2023-10-10T13:20:26","date_gmt":"2023-10-10T11:20:26","guid":{"rendered":"https:\/\/dev.tandemmadrid.com\/shop\/reserve-o-curso-curso-de-preparacao-para-o-exame-dele-presencial-ou-on-line\/"},"modified":"2024-02-06T12:45:14","modified_gmt":"2024-02-06T11:45:14","slug":"curso-preparacao-dele","status":"publish","type":"product","link":"https:\/\/dev.tandemmadrid.com\/br\/loja\/curso-preparacao-dele\/","title":{"rendered":"Reserve o curso: Curso de prepara\u00e7\u00e3o para o exame DELE (presencial ou on-line)"},"content":{"rendered":"<table width=\"100%\">\n<thead>\n<tr>\n<th><\/th>\n<th>Curso de prepara\u00e7\u00e3o para o exame DELE<\/th>\n<\/tr>\n<\/thead>\n<tbody>\n<tr>\n<td>Dura\u00e7\u00e3o do curso<\/td>\n<td>8 ou 12 semanas antes do exame<\/td>\n<\/tr>\n<tr>\n<td>Taxa de matr\u00edcula<\/td>\n<td>30 \u20ac<\/td>\n<\/tr>\n<tr>\n<td>N\u00famero de horas<\/td>\n<td>3 horas\/semana. Um ou dois dias por semana<\/td>\n<\/tr>\n<\/tbody>\n<\/table>\n","protected":false},"excerpt":{"rendered":"<p>O DELE \u00e9 o diploma oficial de aprendizagem da l\u00edngua espanhola do Instituto Cervantes, reconhecido mundialmente e um requisito para obter a nacionalidade espanhola. Se voc\u00ea n\u00e3o tem tempo para estudar durante a manh\u00e3, prepare-se para o DELE atrav\u00e9s deste curso \u00e0 tarde.<\/p>\n<p style=\"text-align:center;\"><a href=\"\/br\/c\/preparacao-exame-dele\/\" title=\"Mais informa\u00e7\u00f5es sobre o curso: Prepara\u00e7\u00e3o para o Exame DELE\" class=\"buttonaction\">Mais sobre este curso<\/a><\/p>\n","protected":false},"featured_media":11350,"template":"","meta":[],"product_cat":[148,164],"product_tag":[],"_links":{"self":[{"href":"https:\/\/dev.tandemmadrid.com\/br\/wp-json\/wp\/v2\/product\/11349"}],"collection":[{"href":"https:\/\/dev.tandemmadrid.com\/br\/wp-json\/wp\/v2\/product"}],"about":[{"href":"https:\/\/dev.tandemmadrid.com\/br\/wp-json\/wp\/v2\/types\/product"}],"version-history":[{"count":0,"href":"https:\/\/dev.tandemmadrid.com\/br\/wp-json\/wp\/v2\/product\/11349\/revisions"}],"wp:featuredmedia":[{"embeddable":true,"href":"https:\/\/dev.tandemmadrid.com\/br\/wp-json\/wp\/v2\/media\/11350"}],"wp:attachment":[{"href":"https:\/\/dev.tandemmadrid.com\/br\/wp-json\/wp\/v2\/media?parent=11349"}],"wp:term":[{"taxonomy":"product_cat","embeddable":true,"href":"https:\/\/dev.tandemmadrid.com\/br\/wp-json\/wp\/v2\/product_cat?post=11349"},{"taxonomy":"product_tag","embeddable":true,"href":"https:\/\/dev.tandemmadrid.com\/br\/wp-json\/wp\/v2\/product_tag?post=11349"}],"curies":[{"name":"wp","href":"https:\/\/api.w.org\/{rel}","templated":true}]}}