
{"id":11353,"date":"2023-10-09T13:09:11","date_gmt":"2023-10-09T11:09:11","guid":{"rendered":"https:\/\/dev.tandemmadrid.com\/shop\/reserve-o-curso-treinamento-ele-individual-onsite-para-falantes-nao-nativos\/"},"modified":"2024-02-06T12:53:56","modified_gmt":"2024-02-06T11:53:56","slug":"treinamento-ele-falantes-nao-nativos","status":"publish","type":"product","link":"https:\/\/dev.tandemmadrid.com\/br\/loja\/treinamento-ele-falantes-nao-nativos\/","title":{"rendered":"Reserve o curso: Treinamento ELE individual onsite para falantes n\u00e3o nativos"},"content":{"rendered":"<table class=\"tabla-cursos\" border=\"1\">\n<tbody>\n<tr>\n<td class=\"celdas-izq\">Dura\u00e7\u00e3o<\/td>\n<td class=\"celdas-dcha\">M\u00ednimo 1 semana (30 lecciones de 45 minutos.)<\/td>\n<\/tr>\n<tr>\n<td class=\"celdas-izq\">Datas e hor\u00e1rios<\/td>\n<td class=\"celdas-dcha\">\n<p>De segunda a sexta-feira.<\/p>\n<p>Pode come\u00e7ar qualquer segunda-feira do ano<\/p>\n<\/td>\n<\/tr>\n<tr>\n<td class=\"celdas-izq\">N\u00edveis<\/td>\n<td class=\"celdas-dcha\"><strong>B2<\/strong><\/td>\n<\/tr>\n<tr>\n<td class=\"celdas-izq\">N\u00famero m\u00e1ximo de participantes<\/td>\n<td class=\"celdas-dcha\"><strong>10<\/strong><\/td>\n<\/tr>\n<\/tbody>\n<\/table>\n","protected":false},"excerpt":{"rendered":"<p>Os participantes ser\u00e3o guiados por um dos instrutores de nossa equipe, que os acompanhar\u00e1 durante as duas semanas de observa\u00e7\u00e3o em sala de aula e exerc\u00edcios pr\u00e1ticos de ensino. Eles poder\u00e3o estar presentes durante a prepara\u00e7\u00e3o da aula, observar seu tutor em sala de aula, entregar pequenas unidades de ensino e receber feedback ap\u00f3s a aula.<\/p>\n<p style=\"text-align:center;\"><a href=\"\/br\/c\/formacao-ele-para-professores-nao-nativos\/\" title=\"Mais informa\u00e7\u00f5es sobre o curso: Forma\u00e7\u00e3o ELE para professores n\u00e3o nativos\" class=\"buttonaction\">Mais sobre este curso<\/a><\/p>\n","protected":false},"featured_media":6837,"template":"","meta":[],"product_cat":[177],"product_tag":[],"_links":{"self":[{"href":"https:\/\/dev.tandemmadrid.com\/br\/wp-json\/wp\/v2\/product\/11353"}],"collection":[{"href":"https:\/\/dev.tandemmadrid.com\/br\/wp-json\/wp\/v2\/product"}],"about":[{"href":"https:\/\/dev.tandemmadrid.com\/br\/wp-json\/wp\/v2\/types\/product"}],"version-history":[{"count":0,"href":"https:\/\/dev.tandemmadrid.com\/br\/wp-json\/wp\/v2\/product\/11353\/revisions"}],"wp:featuredmedia":[{"embeddable":true,"href":"https:\/\/dev.tandemmadrid.com\/br\/wp-json\/wp\/v2\/media\/6837"}],"wp:attachment":[{"href":"https:\/\/dev.tandemmadrid.com\/br\/wp-json\/wp\/v2\/media?parent=11353"}],"wp:term":[{"taxonomy":"product_cat","embeddable":true,"href":"https:\/\/dev.tandemmadrid.com\/br\/wp-json\/wp\/v2\/product_cat?post=11353"},{"taxonomy":"product_tag","embeddable":true,"href":"https:\/\/dev.tandemmadrid.com\/br\/wp-json\/wp\/v2\/product_tag?post=11353"}],"curies":[{"name":"wp","href":"https:\/\/api.w.org\/{rel}","templated":true}]}}