
{"id":11355,"date":"2024-01-28T11:48:26","date_gmt":"2024-01-28T10:48:26","guid":{"rendered":"https:\/\/dev.tandemmadrid.com\/shop\/reserve-o-curso-tutoriais-e-praticas-para-professores\/"},"modified":"2024-02-06T13:04:53","modified_gmt":"2024-02-06T12:04:53","slug":"tutoriais-praticas-professores","status":"publish","type":"product","link":"https:\/\/dev.tandemmadrid.com\/br\/loja\/tutoriais-praticas-professores\/","title":{"rendered":"Reserve o curso: Tutoriais e pr\u00e1ticas para professores"},"content":{"rendered":"<table class=\"tabla-cursos\">\n<tbody>\n<tr>\n<td class=\"celdas-izq\">Dura\u00e7\u00e3o<\/td>\n<td class=\"celdas-dcha\">M\u00ednimo de 1 semana, 30 aulas de 45 minutos.<\/td>\n<\/tr>\n<tr>\n<td class=\"celdas-izq\">Datas<\/td>\n<td class=\"celdas-dcha\">Durante todo o ano, de segunda a sexta-feira<\/td>\n<\/tr>\n<\/tbody>\n<\/table>\n","protected":false},"excerpt":{"rendered":"<p>Uma ou duas semanas de observa\u00e7\u00e3o em sala de aula e exerc\u00edcios pr\u00e1ticos de ensino com professores de espanhol experientes da TANDEM Madri.<\/p>\n<p>Os participantes ser\u00e3o orientados por um dos instrutores de professores da nossa equipe, que os acompanhar\u00e1 durante a observa\u00e7\u00e3o em sala de aula e os exerc\u00edcios pr\u00e1ticos de ensino. Eles podem estar presentes durante a prepara\u00e7\u00e3o da aula, observar o tutor em sala de aula, ministrar unidades de ensino curtas e receber feedback ap\u00f3s a aula.<\/p>\n<p style=\"text-align:center;\"><a href=\"\/br\/c\/tutorias-e-praticas-para-professores-ele\/\" title=\"Mais informa\u00e7\u00f5es sobre o curso: Tutoriais e experi\u00eancia pr\u00e1tica para professores 2 semanas intensivas (individual)\" class=\"buttonaction\">Mais informa\u00e7\u00f5es sobre o curso<\/a><\/p>\n","protected":false},"featured_media":7330,"template":"","meta":[],"product_cat":[177],"product_tag":[],"_links":{"self":[{"href":"https:\/\/dev.tandemmadrid.com\/br\/wp-json\/wp\/v2\/product\/11355"}],"collection":[{"href":"https:\/\/dev.tandemmadrid.com\/br\/wp-json\/wp\/v2\/product"}],"about":[{"href":"https:\/\/dev.tandemmadrid.com\/br\/wp-json\/wp\/v2\/types\/product"}],"version-history":[{"count":0,"href":"https:\/\/dev.tandemmadrid.com\/br\/wp-json\/wp\/v2\/product\/11355\/revisions"}],"wp:featuredmedia":[{"embeddable":true,"href":"https:\/\/dev.tandemmadrid.com\/br\/wp-json\/wp\/v2\/media\/7330"}],"wp:attachment":[{"href":"https:\/\/dev.tandemmadrid.com\/br\/wp-json\/wp\/v2\/media?parent=11355"}],"wp:term":[{"taxonomy":"product_cat","embeddable":true,"href":"https:\/\/dev.tandemmadrid.com\/br\/wp-json\/wp\/v2\/product_cat?post=11355"},{"taxonomy":"product_tag","embeddable":true,"href":"https:\/\/dev.tandemmadrid.com\/br\/wp-json\/wp\/v2\/product_tag?post=11355"}],"curies":[{"name":"wp","href":"https:\/\/api.w.org\/{rel}","templated":true}]}}