
{"id":11357,"date":"2023-10-09T20:30:44","date_gmt":"2023-10-09T18:30:44","guid":{"rendered":"https:\/\/dev.tandemmadrid.com\/shop\/private-apartment-a\/"},"modified":"2024-02-06T13:20:37","modified_gmt":"2024-02-06T12:20:37","slug":"apartment-a","status":"publish","type":"product","link":"https:\/\/dev.tandemmadrid.com\/br\/loja\/apartment-a\/","title":{"rendered":"Private Apartment A"},"content":{"rendered":"","protected":false},"excerpt":{"rendered":"<p>Apartamento para duas ou tr\u00eas pessoas. Com quarto separado com cama de casal ou duas camas de solteiro sob pedido, sala com sof\u00e1 cama para uma pessoa, banheiro, cozinha e balc\u00e3o com vista para Madri.<\/p>\n<p style=\"text-align:center;\"><a href=\"\/br\/apartamento-privado\/\" title=\"Mais sobre as acomoda\u00e7\u00f5es: Apartamento A\" class=\"buttonaction\">Mais sobre este Alojamento<\/a><\/p>\n","protected":false},"featured_media":7105,"template":"","meta":[],"product_cat":[145],"product_tag":[],"_links":{"self":[{"href":"https:\/\/dev.tandemmadrid.com\/br\/wp-json\/wp\/v2\/product\/11357"}],"collection":[{"href":"https:\/\/dev.tandemmadrid.com\/br\/wp-json\/wp\/v2\/product"}],"about":[{"href":"https:\/\/dev.tandemmadrid.com\/br\/wp-json\/wp\/v2\/types\/product"}],"version-history":[{"count":0,"href":"https:\/\/dev.tandemmadrid.com\/br\/wp-json\/wp\/v2\/product\/11357\/revisions"}],"wp:featuredmedia":[{"embeddable":true,"href":"https:\/\/dev.tandemmadrid.com\/br\/wp-json\/wp\/v2\/media\/7105"}],"wp:attachment":[{"href":"https:\/\/dev.tandemmadrid.com\/br\/wp-json\/wp\/v2\/media?parent=11357"}],"wp:term":[{"taxonomy":"product_cat","embeddable":true,"href":"https:\/\/dev.tandemmadrid.com\/br\/wp-json\/wp\/v2\/product_cat?post=11357"},{"taxonomy":"product_tag","embeddable":true,"href":"https:\/\/dev.tandemmadrid.com\/br\/wp-json\/wp\/v2\/product_tag?post=11357"}],"curies":[{"name":"wp","href":"https:\/\/api.w.org\/{rel}","templated":true}]}}