
{"id":11359,"date":"2023-10-10T16:13:58","date_gmt":"2023-10-10T14:13:58","guid":{"rendered":"https:\/\/dev.tandemmadrid.com\/shop\/apartmento-b\/"},"modified":"2024-02-06T13:25:24","modified_gmt":"2024-02-06T12:25:24","slug":"apartmento-b","status":"publish","type":"product","link":"https:\/\/dev.tandemmadrid.com\/br\/loja\/apartmento-b\/","title":{"rendered":"Apartmento B"},"content":{"rendered":"","protected":false},"excerpt":{"rendered":"<p>Apartamento para quatro pessoas. Com dois quartos separados com cama de casal ou camas g\u00eameas conforme solicitado, sala com sof\u00e1-cama para uma pessoa, banheiro, cozinha e terra\u00e7o com vista para Madri.<\/p>\n<p style=\"text-align:center;\"><a href=\"\/br\/apartamento-privado\/\" title=\"Mais sobre as acomoda\u00e7\u00f5es: Apartamento B\" class=\"buttonaction\">Mais sobre este Alojamento<\/a><\/p>\n","protected":false},"featured_media":7105,"template":"","meta":[],"product_cat":[145],"product_tag":[],"_links":{"self":[{"href":"https:\/\/dev.tandemmadrid.com\/br\/wp-json\/wp\/v2\/product\/11359"}],"collection":[{"href":"https:\/\/dev.tandemmadrid.com\/br\/wp-json\/wp\/v2\/product"}],"about":[{"href":"https:\/\/dev.tandemmadrid.com\/br\/wp-json\/wp\/v2\/types\/product"}],"version-history":[{"count":0,"href":"https:\/\/dev.tandemmadrid.com\/br\/wp-json\/wp\/v2\/product\/11359\/revisions"}],"wp:featuredmedia":[{"embeddable":true,"href":"https:\/\/dev.tandemmadrid.com\/br\/wp-json\/wp\/v2\/media\/7105"}],"wp:attachment":[{"href":"https:\/\/dev.tandemmadrid.com\/br\/wp-json\/wp\/v2\/media?parent=11359"}],"wp:term":[{"taxonomy":"product_cat","embeddable":true,"href":"https:\/\/dev.tandemmadrid.com\/br\/wp-json\/wp\/v2\/product_cat?post=11359"},{"taxonomy":"product_tag","embeddable":true,"href":"https:\/\/dev.tandemmadrid.com\/br\/wp-json\/wp\/v2\/product_tag?post=11359"}],"curies":[{"name":"wp","href":"https:\/\/api.w.org\/{rel}","templated":true}]}}