
{"id":11360,"date":"2023-10-09T20:27:27","date_gmt":"2023-10-09T18:27:27","guid":{"rendered":"https:\/\/dev.tandemmadrid.com\/shop\/apartamento-estudio\/"},"modified":"2024-02-06T13:30:16","modified_gmt":"2024-02-06T12:30:16","slug":"apartamento-estudio","status":"publish","type":"product","link":"https:\/\/dev.tandemmadrid.com\/br\/loja\/apartamento-estudio\/","title":{"rendered":"Apartamento est\u00fadio"},"content":{"rendered":"","protected":false},"excerpt":{"rendered":"<p>Apartamento est\u00fadio para uma pessoa ou se voc\u00ea for um casal. O est\u00fadio tem uma cama de casal, sala de estar, banheiro, cozinha e terra\u00e7o com vista para Madri.<\/p>\n<p style=\"text-align:center;\"><a href=\"\/br\/apartamento-privado\/\" title=\"Mais sobre as acomoda\u00e7\u00f5es: Est\u00fadio\" class=\"buttonaction\">Mais sobre este Alojamento<\/a><\/p>\n","protected":false},"featured_media":7105,"template":"","meta":[],"product_cat":[145],"product_tag":[],"_links":{"self":[{"href":"https:\/\/dev.tandemmadrid.com\/br\/wp-json\/wp\/v2\/product\/11360"}],"collection":[{"href":"https:\/\/dev.tandemmadrid.com\/br\/wp-json\/wp\/v2\/product"}],"about":[{"href":"https:\/\/dev.tandemmadrid.com\/br\/wp-json\/wp\/v2\/types\/product"}],"version-history":[{"count":0,"href":"https:\/\/dev.tandemmadrid.com\/br\/wp-json\/wp\/v2\/product\/11360\/revisions"}],"wp:featuredmedia":[{"embeddable":true,"href":"https:\/\/dev.tandemmadrid.com\/br\/wp-json\/wp\/v2\/media\/7105"}],"wp:attachment":[{"href":"https:\/\/dev.tandemmadrid.com\/br\/wp-json\/wp\/v2\/media?parent=11360"}],"wp:term":[{"taxonomy":"product_cat","embeddable":true,"href":"https:\/\/dev.tandemmadrid.com\/br\/wp-json\/wp\/v2\/product_cat?post=11360"},{"taxonomy":"product_tag","embeddable":true,"href":"https:\/\/dev.tandemmadrid.com\/br\/wp-json\/wp\/v2\/product_tag?post=11360"}],"curies":[{"name":"wp","href":"https:\/\/api.w.org\/{rel}","templated":true}]}}