
{"id":11366,"date":"2023-10-09T20:13:34","date_gmt":"2023-10-09T18:13:34","guid":{"rendered":"https:\/\/dev.tandemmadrid.com\/shop\/residencia-de-estudantes-quarto-triplo\/"},"modified":"2024-02-06T13:47:52","modified_gmt":"2024-02-06T12:47:52","slug":"residencia-estudantes-quarto-triplo","status":"publish","type":"product","link":"https:\/\/dev.tandemmadrid.com\/br\/loja\/residencia-estudantes-quarto-triplo\/","title":{"rendered":"Resid\u00eancia de estudantes &#8211; Quarto Triplo"},"content":{"rendered":"","protected":false},"excerpt":{"rendered":"<p>A resid\u00eancia estudantil TANDEM Madrid est\u00e1 localizada no cora\u00e7\u00e3o da cidade de Madrid, perto de todas as coisas importantes para se ver. Com esta op\u00e7\u00e3o, voc\u00ea ter\u00e1 um quarto triplo com banheiro privativo, compartilhado com outro estudante, para o n\u00famero de noites que voc\u00ea escolher.<\/p>\n<p style=\"text-align:center;\"><a href=\"\/br\/residencia-estudantes\/\" title=\"Mais sobre as acomoda\u00e7\u00f5es: Resid\u00eancia estudantil TANDEM\" class=\"buttonaction\">Mais sobre este Alojamento<\/a><\/p>\n","protected":false},"featured_media":7097,"template":"","meta":[],"product_cat":[145],"product_tag":[],"_links":{"self":[{"href":"https:\/\/dev.tandemmadrid.com\/br\/wp-json\/wp\/v2\/product\/11366"}],"collection":[{"href":"https:\/\/dev.tandemmadrid.com\/br\/wp-json\/wp\/v2\/product"}],"about":[{"href":"https:\/\/dev.tandemmadrid.com\/br\/wp-json\/wp\/v2\/types\/product"}],"version-history":[{"count":0,"href":"https:\/\/dev.tandemmadrid.com\/br\/wp-json\/wp\/v2\/product\/11366\/revisions"}],"wp:featuredmedia":[{"embeddable":true,"href":"https:\/\/dev.tandemmadrid.com\/br\/wp-json\/wp\/v2\/media\/7097"}],"wp:attachment":[{"href":"https:\/\/dev.tandemmadrid.com\/br\/wp-json\/wp\/v2\/media?parent=11366"}],"wp:term":[{"taxonomy":"product_cat","embeddable":true,"href":"https:\/\/dev.tandemmadrid.com\/br\/wp-json\/wp\/v2\/product_cat?post=11366"},{"taxonomy":"product_tag","embeddable":true,"href":"https:\/\/dev.tandemmadrid.com\/br\/wp-json\/wp\/v2\/product_tag?post=11366"}],"curies":[{"name":"wp","href":"https:\/\/api.w.org\/{rel}","templated":true}]}}