
{"id":11367,"date":"2023-10-09T18:46:06","date_gmt":"2023-10-09T16:46:06","guid":{"rendered":"https:\/\/dev.tandemmadrid.com\/shop\/residencia-universitaria-de-verao-da-tandem-quarto-individual-pensao-completa\/"},"modified":"2024-02-06T13:55:24","modified_gmt":"2024-02-06T12:55:24","slug":"residencia-universitaria-verao","status":"publish","type":"product","link":"https:\/\/dev.tandemmadrid.com\/br\/loja\/residencia-universitaria-verao\/","title":{"rendered":"Resid\u00eancia universit\u00e1ria de ver\u00e3o da TANDEM, quarto individual + pens\u00e3o completa"},"content":{"rendered":"","protected":false},"excerpt":{"rendered":"<p>Nossa resid\u00eancia universit\u00e1ria de ver\u00e3o est\u00e1 localizada na \u00e1rea do campus universit\u00e1rio (distrito de Moncloa). Ela est\u00e1 situada no bairro universit\u00e1rio da capital com uma esta\u00e7\u00e3o de metr\u00f4 e pontos de \u00f4nibus na porta, estando a apenas alguns minutos do centro da cidade por transporte p\u00fablico.<\/p>\n<p style=\"text-align:center;\"><a href=\"\/br\/residencia-universitaria-de-verao\/\" title=\"Mais sobre as acomoda\u00e7\u00f5es: Resid\u00eancia universit\u00e1ria de ver\u00e3o da TANDEM\" class=\"buttonaction\">Mais sobre este Alojamento<\/a><\/p>\n","protected":false},"featured_media":6998,"template":"","meta":[],"product_cat":[145],"product_tag":[],"_links":{"self":[{"href":"https:\/\/dev.tandemmadrid.com\/br\/wp-json\/wp\/v2\/product\/11367"}],"collection":[{"href":"https:\/\/dev.tandemmadrid.com\/br\/wp-json\/wp\/v2\/product"}],"about":[{"href":"https:\/\/dev.tandemmadrid.com\/br\/wp-json\/wp\/v2\/types\/product"}],"version-history":[{"count":0,"href":"https:\/\/dev.tandemmadrid.com\/br\/wp-json\/wp\/v2\/product\/11367\/revisions"}],"wp:featuredmedia":[{"embeddable":true,"href":"https:\/\/dev.tandemmadrid.com\/br\/wp-json\/wp\/v2\/media\/6998"}],"wp:attachment":[{"href":"https:\/\/dev.tandemmadrid.com\/br\/wp-json\/wp\/v2\/media?parent=11367"}],"wp:term":[{"taxonomy":"product_cat","embeddable":true,"href":"https:\/\/dev.tandemmadrid.com\/br\/wp-json\/wp\/v2\/product_cat?post=11367"},{"taxonomy":"product_tag","embeddable":true,"href":"https:\/\/dev.tandemmadrid.com\/br\/wp-json\/wp\/v2\/product_tag?post=11367"}],"curies":[{"name":"wp","href":"https:\/\/api.w.org\/{rel}","templated":true}]}}