
{"id":11373,"date":"2024-02-01T16:41:10","date_gmt":"2024-02-01T15:41:10","guid":{"rendered":"https:\/\/dev.tandemmadrid.com\/shop\/alojamento-em-familia-anfitria-quarto-duplo\/"},"modified":"2024-02-06T14:29:21","modified_gmt":"2024-02-06T13:29:21","slug":"alojamento-familia-anfitria-quarto-duplo","status":"publish","type":"product","link":"https:\/\/dev.tandemmadrid.com\/br\/loja\/alojamento-familia-anfitria-quarto-duplo\/","title":{"rendered":"Alojamento em fam\u00edlia anfitri\u00e3 &#8211; Quarto duplo"},"content":{"rendered":"","protected":false},"excerpt":{"rendered":"<p><strong>Os quartos duplos est\u00e3o dispon\u00edveis somente quando os dois h\u00f3spedes v\u00eam juntos.<\/strong> Favor fazer uma reserva individual para cada h\u00f3spede.<\/strong><br \/>\nPre\u00e7os \/ semana em euros. Os pre\u00e7os indicados s\u00e3o para 7 noites.<\/p>\n<p><strong>O pre\u00e7o b\u00e1sico inclui caf\u00e9 da manh\u00e3. Escolha entre meia pens\u00e3o ou pens\u00e3o completa, se desejar.<\/strong><\/p>\n<p style=\"text-align:center;\"><a href=\"\" title=\"\n<\/p>\n","protected":false},"featured_media":6985,"template":"","meta":[],"product_cat":[145],"product_tag":[],"_links":{"self":[{"href":"https:\/\/dev.tandemmadrid.com\/br\/wp-json\/wp\/v2\/product\/11373"}],"collection":[{"href":"https:\/\/dev.tandemmadrid.com\/br\/wp-json\/wp\/v2\/product"}],"about":[{"href":"https:\/\/dev.tandemmadrid.com\/br\/wp-json\/wp\/v2\/types\/product"}],"version-history":[{"count":0,"href":"https:\/\/dev.tandemmadrid.com\/br\/wp-json\/wp\/v2\/product\/11373\/revisions"}],"wp:featuredmedia":[{"embeddable":true,"href":"https:\/\/dev.tandemmadrid.com\/br\/wp-json\/wp\/v2\/media\/6985"}],"wp:attachment":[{"href":"https:\/\/dev.tandemmadrid.com\/br\/wp-json\/wp\/v2\/media?parent=11373"}],"wp:term":[{"taxonomy":"product_cat","embeddable":true,"href":"https:\/\/dev.tandemmadrid.com\/br\/wp-json\/wp\/v2\/product_cat?post=11373"},{"taxonomy":"product_tag","embeddable":true,"href":"https:\/\/dev.tandemmadrid.com\/br\/wp-json\/wp\/v2\/product_tag?post=11373"}],"curies":[{"name":"wp","href":"https:\/\/api.w.org\/{rel}","templated":true}]}}