
{"id":11376,"date":"2023-10-09T17:26:47","date_gmt":"2023-10-09T15:26:47","guid":{"rendered":"https:\/\/dev.tandemmadrid.com\/shop\/recepcao-no-aeroporto\/"},"modified":"2024-02-06T14:53:45","modified_gmt":"2024-02-06T13:53:45","slug":"recepcao-aeroporto","status":"publish","type":"product","link":"https:\/\/dev.tandemmadrid.com\/br\/loja\/recepcao-aeroporto\/","title":{"rendered":"Recep\u00e7ao no aeroporto"},"content":{"rendered":"","protected":false},"excerpt":{"rendered":"<p>Depois de uma longa viagem, a primeira coisa que voc\u00ea quer fazer \u00e9 voltar para sua \u00e1rea de descanso o mais r\u00e1pido poss\u00edvel. \u00c9 por isso que oferecemos um servi\u00e7o extra que o ajudar\u00e1 a conseguir isso. Podemos busc\u00e1-lo no aeroporto e lev\u00e1-lo ao seu destino. Algo muito \u00fatil, especialmente se voc\u00ea n\u00e3o conhece a cidade e n\u00e3o fala muito bem o idioma.<\/p>\n","protected":false},"featured_media":9270,"template":"","meta":[],"product_cat":[155],"product_tag":[],"_links":{"self":[{"href":"https:\/\/dev.tandemmadrid.com\/br\/wp-json\/wp\/v2\/product\/11376"}],"collection":[{"href":"https:\/\/dev.tandemmadrid.com\/br\/wp-json\/wp\/v2\/product"}],"about":[{"href":"https:\/\/dev.tandemmadrid.com\/br\/wp-json\/wp\/v2\/types\/product"}],"version-history":[{"count":0,"href":"https:\/\/dev.tandemmadrid.com\/br\/wp-json\/wp\/v2\/product\/11376\/revisions"}],"wp:featuredmedia":[{"embeddable":true,"href":"https:\/\/dev.tandemmadrid.com\/br\/wp-json\/wp\/v2\/media\/9270"}],"wp:attachment":[{"href":"https:\/\/dev.tandemmadrid.com\/br\/wp-json\/wp\/v2\/media?parent=11376"}],"wp:term":[{"taxonomy":"product_cat","embeddable":true,"href":"https:\/\/dev.tandemmadrid.com\/br\/wp-json\/wp\/v2\/product_cat?post=11376"},{"taxonomy":"product_tag","embeddable":true,"href":"https:\/\/dev.tandemmadrid.com\/br\/wp-json\/wp\/v2\/product_tag?post=11376"}],"curies":[{"name":"wp","href":"https:\/\/api.w.org\/{rel}","templated":true}]}}