
{"id":11382,"date":"2023-10-09T17:59:00","date_gmt":"2023-10-09T15:59:00","guid":{"rendered":"https:\/\/dev.tandemmadrid.com\/shop\/aulas-de-violao-espanhol\/"},"modified":"2024-02-06T15:19:49","modified_gmt":"2024-02-06T14:19:49","slug":"guitarra-espanhola","status":"publish","type":"product","link":"https:\/\/dev.tandemmadrid.com\/br\/loja\/guitarra-espanhola\/","title":{"rendered":"Li\u00e7\u00f5es de guitarra espanhola"},"content":{"rendered":"","protected":false},"excerpt":{"rendered":"<p>Se voc\u00ea gosta de m\u00fasica e quer aprender a tocar um instrumento t\u00edpico espanhol, voc\u00ea est\u00e1 no lugar certo. Gra\u00e7as a estas li\u00e7\u00f5es extras de viol\u00e3o espanhol, voc\u00ea pode aprender a tocar can\u00e7\u00f5es t\u00edpicas espanholas ao ritmo deste famoso instrumento.<\/p>\n","protected":false},"featured_media":6978,"template":"","meta":[],"product_cat":[155],"product_tag":[],"_links":{"self":[{"href":"https:\/\/dev.tandemmadrid.com\/br\/wp-json\/wp\/v2\/product\/11382"}],"collection":[{"href":"https:\/\/dev.tandemmadrid.com\/br\/wp-json\/wp\/v2\/product"}],"about":[{"href":"https:\/\/dev.tandemmadrid.com\/br\/wp-json\/wp\/v2\/types\/product"}],"version-history":[{"count":0,"href":"https:\/\/dev.tandemmadrid.com\/br\/wp-json\/wp\/v2\/product\/11382\/revisions"}],"wp:featuredmedia":[{"embeddable":true,"href":"https:\/\/dev.tandemmadrid.com\/br\/wp-json\/wp\/v2\/media\/6978"}],"wp:attachment":[{"href":"https:\/\/dev.tandemmadrid.com\/br\/wp-json\/wp\/v2\/media?parent=11382"}],"wp:term":[{"taxonomy":"product_cat","embeddable":true,"href":"https:\/\/dev.tandemmadrid.com\/br\/wp-json\/wp\/v2\/product_cat?post=11382"},{"taxonomy":"product_tag","embeddable":true,"href":"https:\/\/dev.tandemmadrid.com\/br\/wp-json\/wp\/v2\/product_tag?post=11382"}],"curies":[{"name":"wp","href":"https:\/\/api.w.org\/{rel}","templated":true}]}}