
{"id":11407,"date":"2023-10-09T17:53:20","date_gmt":"2023-10-09T15:53:20","guid":{"rendered":"https:\/\/dev.tandemmadrid.com\/shop\/licoes-de-salsa\/"},"modified":"2024-02-06T17:18:50","modified_gmt":"2024-02-06T16:18:50","slug":"licoes-salsa","status":"publish","type":"product","link":"https:\/\/dev.tandemmadrid.com\/br\/loja\/licoes-salsa\/","title":{"rendered":"Li\u00e7\u00f5es de salsa"},"content":{"rendered":"","protected":false},"excerpt":{"rendered":"<p>Uma das melhores maneiras de come\u00e7ar a conhecer pessoas e socializar em outro pa\u00eds \u00e9 inscrever-se em aulas de dan\u00e7a. E que melhor dan\u00e7a do que a salsa, uma dan\u00e7a muito animada e cheia de ritmo. Inscreva-se j\u00e1 para essas aulas de dan\u00e7a extras.<\/p>\n","protected":false},"featured_media":6970,"template":"","meta":[],"product_cat":[155],"product_tag":[],"_links":{"self":[{"href":"https:\/\/dev.tandemmadrid.com\/br\/wp-json\/wp\/v2\/product\/11407"}],"collection":[{"href":"https:\/\/dev.tandemmadrid.com\/br\/wp-json\/wp\/v2\/product"}],"about":[{"href":"https:\/\/dev.tandemmadrid.com\/br\/wp-json\/wp\/v2\/types\/product"}],"version-history":[{"count":0,"href":"https:\/\/dev.tandemmadrid.com\/br\/wp-json\/wp\/v2\/product\/11407\/revisions"}],"wp:featuredmedia":[{"embeddable":true,"href":"https:\/\/dev.tandemmadrid.com\/br\/wp-json\/wp\/v2\/media\/6970"}],"wp:attachment":[{"href":"https:\/\/dev.tandemmadrid.com\/br\/wp-json\/wp\/v2\/media?parent=11407"}],"wp:term":[{"taxonomy":"product_cat","embeddable":true,"href":"https:\/\/dev.tandemmadrid.com\/br\/wp-json\/wp\/v2\/product_cat?post=11407"},{"taxonomy":"product_tag","embeddable":true,"href":"https:\/\/dev.tandemmadrid.com\/br\/wp-json\/wp\/v2\/product_tag?post=11407"}],"curies":[{"name":"wp","href":"https:\/\/api.w.org\/{rel}","templated":true}]}}