
{"id":11408,"date":"2023-10-09T17:51:22","date_gmt":"2023-10-09T15:51:22","guid":{"rendered":"https:\/\/dev.tandemmadrid.com\/shop\/licoes-de-flamenco\/"},"modified":"2024-02-06T17:24:16","modified_gmt":"2024-02-06T16:24:16","slug":"licoes-flamenco","status":"publish","type":"product","link":"https:\/\/dev.tandemmadrid.com\/br\/loja\/licoes-flamenco\/","title":{"rendered":"Li\u00e7\u00f5es de Flamenco"},"content":{"rendered":"","protected":false},"excerpt":{"rendered":"<p>O flamenco \u00e9 uma dan\u00e7a tradicional espanhola de beleza extraordin\u00e1ria. N\u00e3o h\u00e1 melhor maneira de mergulhar na cultura espanhola do que fazer essas aulas extras de flamenco. Assim, voc\u00ea pode agitar um pouco enquanto mergulha na cultura espanhola.<\/p>\n","protected":false},"featured_media":6962,"template":"","meta":[],"product_cat":[155],"product_tag":[],"_links":{"self":[{"href":"https:\/\/dev.tandemmadrid.com\/br\/wp-json\/wp\/v2\/product\/11408"}],"collection":[{"href":"https:\/\/dev.tandemmadrid.com\/br\/wp-json\/wp\/v2\/product"}],"about":[{"href":"https:\/\/dev.tandemmadrid.com\/br\/wp-json\/wp\/v2\/types\/product"}],"version-history":[{"count":0,"href":"https:\/\/dev.tandemmadrid.com\/br\/wp-json\/wp\/v2\/product\/11408\/revisions"}],"wp:featuredmedia":[{"embeddable":true,"href":"https:\/\/dev.tandemmadrid.com\/br\/wp-json\/wp\/v2\/media\/6962"}],"wp:attachment":[{"href":"https:\/\/dev.tandemmadrid.com\/br\/wp-json\/wp\/v2\/media?parent=11408"}],"wp:term":[{"taxonomy":"product_cat","embeddable":true,"href":"https:\/\/dev.tandemmadrid.com\/br\/wp-json\/wp\/v2\/product_cat?post=11408"},{"taxonomy":"product_tag","embeddable":true,"href":"https:\/\/dev.tandemmadrid.com\/br\/wp-json\/wp\/v2\/product_tag?post=11408"}],"curies":[{"name":"wp","href":"https:\/\/api.w.org\/{rel}","templated":true}]}}