
{"id":11409,"date":"2023-10-09T17:43:43","date_gmt":"2023-10-09T15:43:43","guid":{"rendered":"https:\/\/dev.tandemmadrid.com\/shop\/seguro-de-viagem\/"},"modified":"2024-02-06T17:30:40","modified_gmt":"2024-02-06T16:30:40","slug":"seguro-viagem","status":"publish","type":"product","link":"https:\/\/dev.tandemmadrid.com\/br\/loja\/seguro-viagem\/","title":{"rendered":"Seguro de viagem"},"content":{"rendered":"","protected":false},"excerpt":{"rendered":"<p>Atualmente, muitos inconvenientes podem surgir durante as viagens. Contrate um seguro de viagem por apenas 1,30 \u20ac por dia. Com esse seguro, voc\u00ea pode viajar sem preocupa\u00e7\u00f5es e, assim, ter a cabe\u00e7a no que realmente importa durante a sua viagem.<\/p>\n","protected":false},"featured_media":6955,"template":"","meta":[],"product_cat":[155],"product_tag":[],"_links":{"self":[{"href":"https:\/\/dev.tandemmadrid.com\/br\/wp-json\/wp\/v2\/product\/11409"}],"collection":[{"href":"https:\/\/dev.tandemmadrid.com\/br\/wp-json\/wp\/v2\/product"}],"about":[{"href":"https:\/\/dev.tandemmadrid.com\/br\/wp-json\/wp\/v2\/types\/product"}],"version-history":[{"count":0,"href":"https:\/\/dev.tandemmadrid.com\/br\/wp-json\/wp\/v2\/product\/11409\/revisions"}],"wp:featuredmedia":[{"embeddable":true,"href":"https:\/\/dev.tandemmadrid.com\/br\/wp-json\/wp\/v2\/media\/6955"}],"wp:attachment":[{"href":"https:\/\/dev.tandemmadrid.com\/br\/wp-json\/wp\/v2\/media?parent=11409"}],"wp:term":[{"taxonomy":"product_cat","embeddable":true,"href":"https:\/\/dev.tandemmadrid.com\/br\/wp-json\/wp\/v2\/product_cat?post=11409"},{"taxonomy":"product_tag","embeddable":true,"href":"https:\/\/dev.tandemmadrid.com\/br\/wp-json\/wp\/v2\/product_tag?post=11409"}],"curies":[{"name":"wp","href":"https:\/\/api.w.org\/{rel}","templated":true}]}}