
{"id":11411,"date":"2023-10-09T17:37:16","date_gmt":"2023-10-09T15:37:16","guid":{"rendered":"https:\/\/dev.tandemmadrid.com\/shop\/personal-shopper-2-horas\/"},"modified":"2024-02-06T17:36:31","modified_gmt":"2024-02-06T16:36:31","slug":"personal-shopper","status":"publish","type":"product","link":"https:\/\/dev.tandemmadrid.com\/br\/loja\/personal-shopper\/","title":{"rendered":"Personal shopper (2 horas)"},"content":{"rendered":"","protected":false},"excerpt":{"rendered":"<p>TANDEM Madrid lhe oferece um personal shopper que o guiar\u00e1 pelas lojas mais emblem\u00e1ticas de Madri. Marcas exclusivas, melhores ofertas.<\/p>\n<p>Gra\u00e7as a essa op\u00e7\u00e3o extra de personal shopper, voc\u00ea pode finalmente dar sentido \u00e0 sua paix\u00e3o pela moda. Esse \u00e9 um extra perfeito no qual voc\u00ea ser\u00e1 guiado pelos pontos mais badalados de Madri. Um complemento perfeito para os apaixonados por moda que querem se divertir fazendo compras em Madri enquanto fazem um curso de espanhol.<\/p>\n","protected":false},"featured_media":9257,"template":"","meta":[],"product_cat":[155],"product_tag":[],"_links":{"self":[{"href":"https:\/\/dev.tandemmadrid.com\/br\/wp-json\/wp\/v2\/product\/11411"}],"collection":[{"href":"https:\/\/dev.tandemmadrid.com\/br\/wp-json\/wp\/v2\/product"}],"about":[{"href":"https:\/\/dev.tandemmadrid.com\/br\/wp-json\/wp\/v2\/types\/product"}],"version-history":[{"count":0,"href":"https:\/\/dev.tandemmadrid.com\/br\/wp-json\/wp\/v2\/product\/11411\/revisions"}],"wp:featuredmedia":[{"embeddable":true,"href":"https:\/\/dev.tandemmadrid.com\/br\/wp-json\/wp\/v2\/media\/9257"}],"wp:attachment":[{"href":"https:\/\/dev.tandemmadrid.com\/br\/wp-json\/wp\/v2\/media?parent=11411"}],"wp:term":[{"taxonomy":"product_cat","embeddable":true,"href":"https:\/\/dev.tandemmadrid.com\/br\/wp-json\/wp\/v2\/product_cat?post=11411"},{"taxonomy":"product_tag","embeddable":true,"href":"https:\/\/dev.tandemmadrid.com\/br\/wp-json\/wp\/v2\/product_tag?post=11411"}],"curies":[{"name":"wp","href":"https:\/\/api.w.org\/{rel}","templated":true}]}}