
{"id":11924,"date":"2024-01-29T00:24:11","date_gmt":"2024-01-28T23:24:11","guid":{"rendered":"https:\/\/dev.tandemmadrid.com\/begona-llovet-barquero\/"},"modified":"2024-02-08T23:57:25","modified_gmt":"2024-02-08T22:57:25","slug":"begona-llovet-barquero","status":"publish","type":"page","link":"https:\/\/dev.tandemmadrid.com\/de\/prof\/begona-llovet-barquero\/","title":{"rendered":"Begona Llovet Barquero"},"content":{"rendered":"\t\t<div data-elementor-type=\"wp-page\" data-elementor-id=\"11924\" class=\"elementor elementor-11924 elementor-8463\" data-elementor-post-type=\"page\">\n\t\t\t\t\t\t\t<div class=\"elementor-element elementor-element-46263ae e-con-full e-flex e-con e-parent\" data-id=\"46263ae\" data-element_type=\"container\" data-settings=\"{&quot;content_width&quot;:&quot;full&quot;}\" data-core-v316-plus=\"true\">\n\t\t\t\t<div class=\"elementor-element elementor-element-8a89414 elementor-widget elementor-widget-template\" data-id=\"8a89414\" data-element_type=\"widget\" data-widget_type=\"template.default\">\n\t\t\t\t<div class=\"elementor-widget-container\">\n\t\t\t\t\t<div class=\"elementor-template\">\n\t\t\t\t\t<div data-elementor-type=\"section\" data-elementor-id=\"2712\" class=\"elementor elementor-2712\" data-elementor-post-type=\"elementor_library\">\n\t\t\t\t\t\t<div class=\"elementor-element elementor-element-5f95a5c descripciones  e-flex e-con-boxed e-con e-parent\" data-id=\"5f95a5c\" data-element_type=\"container\" data-settings=\"{&quot;background_background&quot;:&quot;classic&quot;,&quot;shape_divider_bottom&quot;:&quot;wave-brush&quot;,&quot;content_width&quot;:&quot;boxed&quot;}\" data-e-bg-lazyload=\"\" data-core-v316-plus=\"true\">\n\t\t\t\t\t<div class=\"e-con-inner\">\n\t\t\t\t<div class=\"elementor-shape elementor-shape-bottom\" data-negative=\"false\">\n\t\t\t<svg xmlns=\"http:\/\/www.w3.org\/2000\/svg\" viewBox=\"0 0 283.5 27.8\" preserveAspectRatio=\"none\">\n\t<path class=\"elementor-shape-fill\" d=\"M283.5,9.7c0,0-7.3,4.3-14,4.6c-6.8,0.3-12.6,0-20.9-1.5c-11.3-2-33.1-10.1-44.7-5.7\ts-12.1,4.6-18,7.4c-6.6,3.2-20,9.6-36.6,9.3C131.6,23.5,99.5,7.2,86.3,8c-1.4,0.1-6.6,0.8-10.5,2c-3.8,1.2-9.4,3.8-17,4.7\tc-3.2,0.4-8.3,1.1-14.2,0.9c-1.5-0.1-6.3-0.4-12-1.6c-5.7-1.2-11-3.1-15.8-3.7C6.5,9.2,0,10.8,0,10.8V0h283.5V9.7z M260.8,11.3\tc-0.7-1-2-0.4-4.3-0.4c-2.3,0-6.1-1.2-5.8-1.1c0.3,0.1,3.1,1.5,6,1.9C259.7,12.2,261.4,12.3,260.8,11.3z M242.4,8.6\tc0,0-2.4-0.2-5.6-0.9c-3.2-0.8-10.3-2.8-15.1-3.5c-8.2-1.1-15.8,0-15.1,0.1c0.8,0.1,9.6-0.6,17.6,1.1c3.3,0.7,9.3,2.2,12.4,2.7\tC239.9,8.7,242.4,8.6,242.4,8.6z M185.2,8.5c1.7-0.7-13.3,4.7-18.5,6.1c-2.1,0.6-6.2,1.6-10,2c-3.9,0.4-8.9,0.4-8.8,0.5\tc0,0.2,5.8,0.8,11.2,0c5.4-0.8,5.2-1.1,7.6-1.6C170.5,14.7,183.5,9.2,185.2,8.5z M199.1,6.9c0.2,0-0.8-0.4-4.8,1.1\tc-4,1.5-6.7,3.5-6.9,3.7c-0.2,0.1,3.5-1.8,6.6-3C197,7.5,199,6.9,199.1,6.9z M283,6c-0.1,0.1-1.9,1.1-4.8,2.5s-6.9,2.8-6.7,2.7\tc0.2,0,3.5-0.6,7.4-2.5C282.8,6.8,283.1,5.9,283,6z M31.3,11.6c0.1-0.2-1.9-0.2-4.5-1.2s-5.4-1.6-7.8-2C15,7.6,7.3,8.5,7.7,8.6\tC8,8.7,15.9,8.3,20.2,9.3c2.2,0.5,2.4,0.5,5.7,1.6S31.2,11.9,31.3,11.6z M73,9.2c0.4-0.1,3.5-1.6,8.4-2.6c4.9-1.1,8.9-0.5,8.9-0.8\tc0-0.3-1-0.9-6.2-0.3S72.6,9.3,73,9.2z M71.6,6.7C71.8,6.8,75,5.4,77.3,5c2.3-0.3,1.9-0.5,1.9-0.6c0-0.1-1.1-0.2-2.7,0.2\tC74.8,5.1,71.4,6.6,71.6,6.7z M93.6,4.4c0.1,0.2,3.5,0.8,5.6,1.8c2.1,1,1.8,0.6,1.9,0.5c0.1-0.1-0.8-0.8-2.4-1.3\tC97.1,4.8,93.5,4.2,93.6,4.4z M65.4,11.1c-0.1,0.3,0.3,0.5,1.9-0.2s2.6-1.3,2.2-1.2s-0.9,0.4-2.5,0.8C65.3,10.9,65.5,10.8,65.4,11.1\tz M34.5,12.4c-0.2,0,2.1,0.8,3.3,0.9c1.2,0.1,2,0.1,2-0.2c0-0.3-0.1-0.5-1.6-0.4C36.6,12.8,34.7,12.4,34.5,12.4z M152.2,21.1\tc-0.1,0.1-2.4-0.3-7.5-0.3c-5,0-13.6-2.4-17.2-3.5c-3.6-1.1,10,3.9,16.5,4.1C150.5,21.6,152.3,21,152.2,21.1z\"\/>\n\t<path class=\"elementor-shape-fill\" d=\"M269.6,18c-0.1-0.1-4.6,0.3-7.2,0c-7.3-0.7-17-3.2-16.6-2.9c0.4,0.3,13.7,3.1,17,3.3\tC267.7,18.8,269.7,18,269.6,18z\"\/>\n\t<path class=\"elementor-shape-fill\" d=\"M227.4,9.8c-0.2-0.1-4.5-1-9.5-1.2c-5-0.2-12.7,0.6-12.3,0.5c0.3-0.1,5.9-1.8,13.3-1.2\tS227.6,9.9,227.4,9.8z\"\/>\n\t<path class=\"elementor-shape-fill\" d=\"M204.5,13.4c-0.1-0.1,2-1,3.2-1.1c1.2-0.1,2,0,2,0.3c0,0.3-0.1,0.5-1.6,0.4\tC206.4,12.9,204.6,13.5,204.5,13.4z\"\/>\n\t<path class=\"elementor-shape-fill\" d=\"M201,10.6c0-0.1-4.4,1.2-6.3,2.2c-1.9,0.9-6.2,3.1-6.1,3.1c0.1,0.1,4.2-1.6,6.3-2.6\tS201,10.7,201,10.6z\"\/>\n\t<path class=\"elementor-shape-fill\" d=\"M154.5,26.7c-0.1-0.1-4.6,0.3-7.2,0c-7.3-0.7-17-3.2-16.6-2.9c0.4,0.3,13.7,3.1,17,3.3\tC152.6,27.5,154.6,26.8,154.5,26.7z\"\/>\n\t<path class=\"elementor-shape-fill\" d=\"M41.9,19.3c0,0,1.2-0.3,2.9-0.1c1.7,0.2,5.8,0.9,8.2,0.7c4.2-0.4,7.4-2.7,7-2.6\tc-0.4,0-4.3,2.2-8.6,1.9c-1.8-0.1-5.1-0.5-6.7-0.4S41.9,19.3,41.9,19.3z\"\/>\n\t<path class=\"elementor-shape-fill\" d=\"M75.5,12.6c0.2,0.1,2-0.8,4.3-1.1c2.3-0.2,2.1-0.3,2.1-0.5c0-0.1-1.8-0.4-3.4,0\tC76.9,11.5,75.3,12.5,75.5,12.6z\"\/>\n\t<path class=\"elementor-shape-fill\" d=\"M15.6,13.2c0-0.1,4.3,0,6.7,0.5c2.4,0.5,5,1.9,5,2c0,0.1-2.7-0.8-5.1-1.4\tC19.9,13.7,15.7,13.3,15.6,13.2z\"\/>\n<\/svg>\t\t<\/div>\n\t\t<div class=\"elementor-element elementor-element-170fd72 e-flex e-con-boxed e-con e-child\" data-id=\"170fd72\" data-element_type=\"container\" data-settings=\"{&quot;content_width&quot;:&quot;boxed&quot;}\">\n\t\t\t\t\t<div class=\"e-con-inner\">\n\t\t\t\t<div class=\"elementor-element elementor-element-96256bb textolayerblanco elementor-widget elementor-widget-theme-post-title elementor-page-title elementor-widget-heading\" data-id=\"96256bb\" data-element_type=\"widget\" data-widget_type=\"theme-post-title.default\">\n\t\t\t\t<div class=\"elementor-widget-container\">\n\t\t\t<style>\/*! elementor - v3.16.0 - 20-09-2023 *\/\n.elementor-heading-title{padding:0;margin:0;line-height:1}.elementor-widget-heading .elementor-heading-title[class*=elementor-size-]>a{color:inherit;font-size:inherit;line-height:inherit}.elementor-widget-heading .elementor-heading-title.elementor-size-small{font-size:15px}.elementor-widget-heading .elementor-heading-title.elementor-size-medium{font-size:19px}.elementor-widget-heading .elementor-heading-title.elementor-size-large{font-size:29px}.elementor-widget-heading .elementor-heading-title.elementor-size-xl{font-size:39px}.elementor-widget-heading .elementor-heading-title.elementor-size-xxl{font-size:59px}<\/style><h1 class=\"elementor-heading-title elementor-size-default\">Begona Llovet Barquero<\/h1>\t\t<\/div>\n\t\t\t\t<\/div>\n\t\t\t\t\t<\/div>\n\t\t\t\t<\/div>\n\t\t\t\t\t<\/div>\n\t\t\t\t<\/div>\n\t\t\t\t\t\t<\/div>\n\t\t\t\t<\/div>\n\t\t\t\t<\/div>\n\t\t\t\t<\/div>\n\t\t\t\t<\/div>\n\t\t<div class=\"elementor-element elementor-element-f977a2b e-con-full e-flex e-con e-parent\" data-id=\"f977a2b\" data-element_type=\"container\" data-settings=\"{&quot;content_width&quot;:&quot;full&quot;}\" data-core-v316-plus=\"true\">\n\t\t<div class=\"elementor-element elementor-element-613cd59 e-con-full e-flex e-con e-child\" data-id=\"613cd59\" data-element_type=\"container\" data-settings=\"{&quot;content_width&quot;:&quot;full&quot;,&quot;background_background&quot;:&quot;classic&quot;}\">\n\t\t\t\t<div class=\"elementor-element elementor-element-f9d500c elementor-position-top elementor-widget elementor-widget-image-box\" data-id=\"f9d500c\" data-element_type=\"widget\" data-widget_type=\"image-box.default\">\n\t\t\t\t<div class=\"elementor-widget-container\">\n\t\t\t<style>.elementor-widget-image-box .elementor-image-box-content{width:100%}@media (min-width:768px){.elementor-widget-image-box.elementor-position-left .elementor-image-box-wrapper,.elementor-widget-image-box.elementor-position-right .elementor-image-box-wrapper{display:flex}.elementor-widget-image-box.elementor-position-right .elementor-image-box-wrapper{text-align:right;flex-direction:row-reverse}.elementor-widget-image-box.elementor-position-left .elementor-image-box-wrapper{text-align:left;flex-direction:row}.elementor-widget-image-box.elementor-position-top .elementor-image-box-img{margin:auto}.elementor-widget-image-box.elementor-vertical-align-top .elementor-image-box-wrapper{align-items:flex-start}.elementor-widget-image-box.elementor-vertical-align-middle .elementor-image-box-wrapper{align-items:center}.elementor-widget-image-box.elementor-vertical-align-bottom .elementor-image-box-wrapper{align-items:flex-end}}@media (max-width:767px){.elementor-widget-image-box .elementor-image-box-img{margin-left:auto!important;margin-right:auto!important;margin-bottom:15px}}.elementor-widget-image-box .elementor-image-box-img{display:inline-block}.elementor-widget-image-box .elementor-image-box-title a{color:inherit}.elementor-widget-image-box .elementor-image-box-wrapper{text-align:center}.elementor-widget-image-box .elementor-image-box-description{margin:0}<\/style><div class=\"elementor-image-box-wrapper\"><figure class=\"elementor-image-box-img\"><img loading=\"lazy\" decoding=\"async\" width=\"800\" height=\"800\" src=\"https:\/\/dev.tandemmadrid.com\/wp-content\/uploads\/2024\/01\/begona-llovet-barquero.jpg\" class=\"attachment-full size-full wp-image-3382\" alt=\"Bego\u00f1a Llovet Barquero, director\" srcset=\"https:\/\/dev.tandemmadrid.com\/wp-content\/uploads\/2024\/01\/begona-llovet-barquero.jpg 800w, https:\/\/dev.tandemmadrid.com\/wp-content\/uploads\/2024\/01\/begona-llovet-barquero-300x300.jpg 300w, https:\/\/dev.tandemmadrid.com\/wp-content\/uploads\/2024\/01\/begona-llovet-barquero-150x150.jpg 150w, https:\/\/dev.tandemmadrid.com\/wp-content\/uploads\/2024\/01\/begona-llovet-barquero-768x768.jpg 768w, https:\/\/dev.tandemmadrid.com\/wp-content\/uploads\/2024\/01\/begona-llovet-barquero-600x600.jpg 600w, https:\/\/dev.tandemmadrid.com\/wp-content\/uploads\/2024\/01\/begona-llovet-barquero-100x100.jpg 100w\" sizes=\"(max-width: 800px) 100vw, 800px\" \/><\/figure><div class=\"elementor-image-box-content\"><h3 class=\"elementor-image-box-title\">BEGO\u00d1A LLOVET BARQUERO<\/h3><\/div><\/div>\t\t<\/div>\n\t\t\t\t<\/div>\n\t\t\t\t<\/div>\n\t\t<div class=\"elementor-element elementor-element-2e083f6 e-con-full e-flex e-con e-child\" data-id=\"2e083f6\" data-element_type=\"container\" data-settings=\"{&quot;content_width&quot;:&quot;full&quot;}\">\n\t\t\t\t<div class=\"elementor-element elementor-element-ae54dcf elementor-widget elementor-widget-heading\" data-id=\"ae54dcf\" data-element_type=\"widget\" data-widget_type=\"heading.default\">\n\t\t\t\t<div class=\"elementor-widget-container\">\n\t\t\t<h2 class=\"elementor-heading-title elementor-size-default\">Direktorin und Lehrerin<\/h2>\t\t<\/div>\n\t\t\t\t<\/div>\n\t\t\t\t<div class=\"elementor-element elementor-element-8489300 elementor-widget elementor-widget-text-editor\" data-id=\"8489300\" data-element_type=\"widget\" data-widget_type=\"text-editor.default\">\n\t\t\t\t<div class=\"elementor-widget-container\">\n\t\t\t<style>\/*! elementor - v3.16.0 - 20-09-2023 *\/\n.elementor-widget-text-editor.elementor-drop-cap-view-stacked .elementor-drop-cap{background-color:#69727d;color:#fff}.elementor-widget-text-editor.elementor-drop-cap-view-framed .elementor-drop-cap{color:#69727d;border:3px solid;background-color:transparent}.elementor-widget-text-editor:not(.elementor-drop-cap-view-default) .elementor-drop-cap{margin-top:8px}.elementor-widget-text-editor:not(.elementor-drop-cap-view-default) .elementor-drop-cap-letter{width:1em;height:1em}.elementor-widget-text-editor .elementor-drop-cap{float:left;text-align:center;line-height:1;font-size:50px}.elementor-widget-text-editor .elementor-drop-cap-letter{display:inline-block}<\/style>\t\t\t\t<p>Hallo! Mein Name ist Bego\u00f1a und ich bin Gr\u00fcnderin und Co-Direktorin von TANDEM Escuela Internacional. Ich habe einen Abschluss in deutscher Philologie, bin Lehrerausbilder und Experte f\u00fcr Neurolinguistik. Ich bin au\u00dferdem \u00dcbersetzerin (Deutsch \u2013 Spanisch, von B\u00fcchern wie &#8222;Momo&#8220; von Michael Ende) und Co-Autorin spanischsprachiger Handb\u00fccher f\u00fcr Ausl\u00e4nder, darunter &#8222;Planet@&#8220;, &#8222;Sol y Sombra&#8220; und &#8222;Pasaporte E\/LE&#8220;. Eine meiner sch\u00f6nsten Erfahrungen als Lehrerin war meine viermonatige Freiwilligenarbeit in Anantapur (Indien) bei der Fundaci\u00f3n Vicente Ferrer im Jahr 2018, wo ich als Lehrerin an der Professional School of Foreign Languages arbeitete. Ich bin fest davon \u00fcberzeugt, dass Sprachen die Welt ver\u00e4ndern und den Menschen Chancen bieten k\u00f6nnen. Seit Juli 2020 bin ich Pr\u00e4sidentin der FEDELE (Federaci\u00f3n de Escuelas de Espa\u00f1ol, Lengua Extranjera en Espa\u00f1a). Ich bin sehr stolz auf TANDEM und unser Team, wir alle leisten wunderbare Arbeit und wir haben eine Leidenschaft f\u00fcr Sprachen und Lernen. Ich liebe die Natur und verbringe gerne Zeit mit meiner Familie.        <\/p>\n\t\t\t\t\t\t<\/div>\n\t\t\t\t<\/div>\n\t\t\t\t<\/div>\n\t\t\t\t<\/div>\n\t\t\t\t\t\t\t<\/div>\n\t\t","protected":false},"excerpt":{"rendered":"<p>BEGO\u00d1A LLOVET BARQUERO Direktorin und Lehrerin Hallo! Mein Name ist Bego\u00f1a und ich bin Gr\u00fcnderin und Co-Direktorin von TANDEM Escuela Internacional. Ich habe einen Abschluss in deutscher Philologie, bin Lehrerausbilder und Experte f\u00fcr Neurolinguistik. Ich bin au\u00dferdem \u00dcbersetzerin (Deutsch \u2013 Spanisch, von B\u00fcchern wie &#8222;Momo&#8220; von Michael Ende) und Co-Autorin spanischsprachiger Handb\u00fccher f\u00fcr Ausl\u00e4nder, darunter [&hellip;]<\/p>\n","protected":false},"author":1,"featured_media":4413,"parent":11934,"menu_order":0,"comment_status":"closed","ping_status":"closed","template":"elementor_header_footer","meta":{"footnotes":"","_elementor_data":"[{\"id\":\"46263ae\",\"elType\":\"container\",\"settings\":{\"content_width\":\"full\",\"padding\":{\"unit\":\"px\",\"top\":\"0\",\"right\":\"0\",\"bottom\":\"0\",\"left\":\"0\",\"isLinked\":true},\"jedv_conditions\":[{\"_id\":\"d31cd5c\"}]},\"elements\":[{\"id\":\"8a89414\",\"elType\":\"widget\",\"settings\":{\"template_id\":\"2712\",\"jedv_conditions\":[{\"_id\":\"4f291f8\"}]},\"elements\":[],\"widgetType\":\"template\"}],\"isInner\":false},{\"id\":\"f977a2b\",\"elType\":\"container\",\"settings\":{\"flex_direction\":\"row\",\"flex_gap\":{\"unit\":\"px\",\"size\":40,\"column\":\"40\",\"row\":\"0\"},\"padding\":{\"unit\":\"px\",\"top\":\"55\",\"right\":\"0\",\"bottom\":\"70\",\"left\":\"0\",\"isLinked\":false},\"jedv_conditions\":[{\"_id\":\"c033fb9\"}],\"padding_mobile\":{\"unit\":\"px\",\"top\":\"30\",\"right\":\"20\",\"bottom\":\"45\",\"left\":\"20\",\"isLinked\":false},\"content_width\":\"full\",\"width\":{\"unit\":\"%\",\"size\":80,\"sizes\":[]},\"flex_align_items\":\"flex-start\"},\"elements\":[{\"id\":\"613cd59\",\"elType\":\"container\",\"settings\":{\"content_width\":\"full\",\"jedv_conditions\":[{\"_id\":\"a64a75f\"}],\"width\":{\"unit\":\"%\",\"size\":28.558},\"flex_direction\":\"column\",\"background_background\":\"classic\",\"background_image\":{\"url\":\"\",\"id\":\"\",\"size\":\"\",\"alt\":\"Enjoyable\",\"source\":\"library\"},\"background_size\":\"cover\",\"background_hover_background\":\"classic\",\"background_hover_image\":{\"url\":\"\",\"id\":\"\",\"size\":\"\",\"alt\":\"\",\"source\":\"library\"},\"background_hover_size\":\"cover\",\"background_hover_transition\":{\"unit\":\"px\",\"size\":0,\"sizes\":[]},\"background_motion_fx_mouseTrack_effect\":\"yes\",\"background_motion_fx_mouseTrack_speed\":{\"unit\":\"px\",\"size\":1.4,\"sizes\":[]},\"background_overlay_background\":\"classic\",\"background_overlay_color\":\"#FFFFFF\",\"background_overlay_opacity\":{\"unit\":\"px\",\"size\":0.7,\"sizes\":[]},\"css_filters_brightness\":{\"unit\":\"px\",\"size\":0,\"sizes\":[]},\"css_filters_saturate\":{\"unit\":\"px\",\"size\":0,\"sizes\":[]},\"background_overlay_hover_background\":\"classic\",\"background_overlay_hover_opacity\":{\"unit\":\"px\",\"size\":0.6,\"sizes\":[]},\"border_border\":\"solid\",\"border_width\":{\"unit\":\"px\",\"top\":\"2\",\"right\":\"2\",\"bottom\":\"2\",\"left\":\"2\",\"isLinked\":true},\"border_color\":\"#49B69F\",\"margin\":{\"unit\":\"px\",\"top\":\"12\",\"right\":\"0\",\"bottom\":\"0\",\"left\":\"0\",\"isLinked\":false},\"margin_mobile\":{\"unit\":\"px\",\"top\":\"0\",\"right\":\"0\",\"bottom\":\"20\",\"left\":\"0\",\"isLinked\":false},\"padding\":{\"unit\":\"px\",\"top\":\"25\",\"right\":\"25\",\"bottom\":\"25\",\"left\":\"25\",\"isLinked\":true},\"padding_mobile\":{\"unit\":\"px\",\"top\":\"25\",\"right\":\"25\",\"bottom\":\"25\",\"left\":\"25\",\"isLinked\":true},\"_flex_size\":\"none\",\"motion_fx_mouseTrack_direction\":\"negative\",\"_transform_translateX_effect\":{\"unit\":\"px\",\"size\":232,\"sizes\":[]},\"_transform_translateY_effect\":{\"unit\":\"px\",\"size\":-305,\"sizes\":[]},\"_transform_keep_proportions\":\"\",\"_transform_scale_effect\":{\"unit\":\"px\",\"size\":1.1,\"sizes\":[]},\"_transform_scale_effect_hover\":{\"unit\":\"px\",\"size\":1.1,\"sizes\":[]},\"_transform_skewX_effect_hover\":{\"unit\":\"px\",\"size\":158,\"sizes\":[]},\"_transform_skewY_effect_hover\":{\"unit\":\"px\",\"size\":154,\"sizes\":[]},\"_transform_transition_hover\":{\"unit\":\"px\",\"size\":500,\"sizes\":[]},\"_element_width\":\"initial\"},\"elements\":[{\"id\":\"f9d500c\",\"elType\":\"widget\",\"settings\":{\"image\":{\"url\":\"https:\\\/\\\/dev.tandemmadrid.com\\\/wp-content\\\/uploads\\\/2024\\\/01\\\/begona-llovet-barquero.jpg\",\"id\":3382,\"size\":\"\",\"alt\":\"Bego\\u00f1a Llovet Barquero, director\",\"source\":\"library\"},\"title_text\":\"BEGO\\u00d1A LLOVET BARQUERO\",\"description_text\":\"\",\"content_vertical_alignment\":\"middle\",\"text_align\":\"center\",\"image_space\":{\"unit\":\"px\",\"size\":17,\"sizes\":[]},\"image_size\":{\"unit\":\"%\",\"size\":70,\"sizes\":[]},\"image_border_radius\":{\"unit\":\"px\",\"size\":200,\"sizes\":[]},\"title_color\":\"#000000\",\"title_typography_typography\":\"custom\",\"title_typography_font_family\":\"Futura medium\",\"title_typography_font_size\":{\"unit\":\"px\",\"size\":24,\"sizes\":[]},\"title_typography_font_weight\":\"500\",\"description_color\":\"#CC2142\",\"description_typography_typography\":\"custom\",\"description_typography_font_family\":\"Futura medium\",\"description_typography_font_size\":{\"unit\":\"px\",\"size\":18,\"sizes\":[]},\"description_typography_font_weight\":\"400\",\"description_typography_line_height\":{\"unit\":\"px\",\"size\":27,\"sizes\":[]},\"jedv_conditions\":[{\"_id\":\"5b89acc\"}],\"link\":{\"url\":\"\",\"is_external\":\"\",\"nofollow\":\"\",\"custom_attributes\":\"title|QUERALT V\\u00c1ZQUEZ CARRASCO\"},\"image_size_mobile\":{\"unit\":\"%\",\"size\":60,\"sizes\":[]}},\"elements\":[],\"widgetType\":\"image-box\"}],\"isInner\":true},{\"id\":\"2e083f6\",\"elType\":\"container\",\"settings\":{\"content_width\":\"full\",\"jedv_conditions\":[{\"_id\":\"a64a75f\"}]},\"elements\":[{\"id\":\"ae54dcf\",\"elType\":\"widget\",\"settings\":{\"title\":\"Direktorin und Lehrerin\",\"title_color\":\"#000000\",\"jedv_conditions\":[{\"_id\":\"286d828\"}],\"typography_typography\":\"custom\",\"typography_font_weight\":\"500\",\"align\":\"left\",\"_margin\":{\"unit\":\"px\",\"top\":\"0\",\"right\":\"0\",\"bottom\":\"0\",\"left\":\"0\",\"isLinked\":false},\"typography_font_family\":\"Futura medium\"},\"elements\":[],\"widgetType\":\"heading\"},{\"id\":\"8489300\",\"elType\":\"widget\",\"settings\":{\"editor\":\"<p>Hallo! Mein Name ist Bego\\u00f1a und ich bin Gr\\u00fcnderin und Co-Direktorin von TANDEM Escuela Internacional. Ich habe einen Abschluss in deutscher Philologie, bin Lehrerausbilder und Experte f\\u00fcr Neurolinguistik. Ich bin au\\u00dferdem \\u00dcbersetzerin (Deutsch \\u2013 Spanisch, von B\\u00fcchern wie \\\"Momo\\\" von Michael Ende) und Co-Autorin spanischsprachiger Handb\\u00fccher f\\u00fcr Ausl\\u00e4nder, darunter \\\"Planet@\\\", \\\"Sol y Sombra\\\" und \\\"Pasaporte E\\\/LE\\\". Eine meiner sch\\u00f6nsten Erfahrungen als Lehrerin war meine viermonatige Freiwilligenarbeit in Anantapur (Indien) bei der Fundaci\\u00f3n Vicente Ferrer im Jahr 2018, wo ich als Lehrerin an der Professional School of Foreign Languages arbeitete. Ich bin fest davon \\u00fcberzeugt, dass Sprachen die Welt ver\\u00e4ndern und den Menschen Chancen bieten k\\u00f6nnen. Seit Juli 2020 bin ich Pr\\u00e4sidentin der FEDELE (Federaci\\u00f3n de Escuelas de Espa\\u00f1ol, Lengua Extranjera en Espa\\u00f1a). Ich bin sehr stolz auf TANDEM und unser Team, wir alle leisten wunderbare Arbeit und wir haben eine Leidenschaft f\\u00fcr Sprachen und Lernen. Ich liebe die Natur und verbringe gerne Zeit mit meiner Familie.        <\\\/p>\\n\",\"text_color\":\"#000000\",\"typography_typography\":\"custom\",\"typography_font_size\":{\"unit\":\"px\",\"size\":18,\"sizes\":[]},\"typography_font_weight\":\"400\",\"typography_line_height\":{\"unit\":\"px\",\"size\":28,\"sizes\":[]},\"jedv_conditions\":[{\"_id\":\"c4dda0f\"}],\"_margin\":{\"unit\":\"px\",\"top\":\"0\",\"right\":\"0\",\"bottom\":\"-10\",\"left\":\"0\",\"isLinked\":false},\"align_mobile\":\"left\",\"typography_font_family\":\"Futura medium\"},\"elements\":[],\"widgetType\":\"text-editor\"}],\"isInner\":true}],\"isInner\":false}]","_elementor_edit_mode":"builder","_elementor_template_type":"wp-page","_elementor_page_settings":""},"_links":{"self":[{"href":"https:\/\/dev.tandemmadrid.com\/de\/wp-json\/wp\/v2\/pages\/11924"}],"collection":[{"href":"https:\/\/dev.tandemmadrid.com\/de\/wp-json\/wp\/v2\/pages"}],"about":[{"href":"https:\/\/dev.tandemmadrid.com\/de\/wp-json\/wp\/v2\/types\/page"}],"author":[{"embeddable":true,"href":"https:\/\/dev.tandemmadrid.com\/de\/wp-json\/wp\/v2\/users\/1"}],"replies":[{"embeddable":true,"href":"https:\/\/dev.tandemmadrid.com\/de\/wp-json\/wp\/v2\/comments?post=11924"}],"version-history":[{"count":0,"href":"https:\/\/dev.tandemmadrid.com\/de\/wp-json\/wp\/v2\/pages\/11924\/revisions"}],"up":[{"embeddable":true,"href":"https:\/\/dev.tandemmadrid.com\/de\/wp-json\/wp\/v2\/pages\/11934"}],"wp:featuredmedia":[{"embeddable":true,"href":"https:\/\/dev.tandemmadrid.com\/de\/wp-json\/wp\/v2\/media\/4413"}],"wp:attachment":[{"href":"https:\/\/dev.tandemmadrid.com\/de\/wp-json\/wp\/v2\/media?parent=11924"}],"curies":[{"name":"wp","href":"https:\/\/api.w.org\/{rel}","templated":true}]}}