
{"id":9242,"date":"2024-01-25T16:25:23","date_gmt":"2024-01-25T15:25:23","guid":{"rendered":"https:\/\/dev.tandemmadrid.com\/zusaetzliche-spanisch-konversationsstunde\/"},"modified":"2024-02-06T13:33:10","modified_gmt":"2024-02-06T12:33:10","slug":"zusatzliche-konversationsstunde","status":"publish","type":"page","link":"https:\/\/dev.tandemmadrid.com\/de\/zusatzliche-konversationsstunde\/","title":{"rendered":"Zus\u00e4tzliche Spanisch-Konversationsstunde"},"content":{"rendered":"\t\t<div data-elementor-type=\"wp-page\" data-elementor-id=\"9242\" class=\"elementor elementor-9242 elementor-6544\" data-elementor-post-type=\"page\">\n\t\t\t\t\t\t\t<div class=\"elementor-element elementor-element-e098fa9 e-con-full e-flex e-con e-parent\" data-id=\"e098fa9\" data-element_type=\"container\" data-settings=\"{&quot;content_width&quot;:&quot;full&quot;}\" data-core-v316-plus=\"true\">\n\t\t\t\t<div class=\"elementor-element elementor-element-1676589 elementor-widget elementor-widget-template\" data-id=\"1676589\" data-element_type=\"widget\" data-widget_type=\"template.default\">\n\t\t\t\t<div class=\"elementor-widget-container\">\n\t\t\t\t\t<div class=\"elementor-template\">\n\t\t\t\t\t<div data-elementor-type=\"section\" data-elementor-id=\"2712\" class=\"elementor elementor-2712\" data-elementor-post-type=\"elementor_library\">\n\t\t\t\t\t\t<div class=\"elementor-element elementor-element-5f95a5c descripciones  e-flex e-con-boxed e-con e-parent\" data-id=\"5f95a5c\" data-element_type=\"container\" data-settings=\"{&quot;background_background&quot;:&quot;classic&quot;,&quot;shape_divider_bottom&quot;:&quot;wave-brush&quot;,&quot;content_width&quot;:&quot;boxed&quot;}\" data-e-bg-lazyload=\"\" data-core-v316-plus=\"true\">\n\t\t\t\t\t<div class=\"e-con-inner\">\n\t\t\t\t<div class=\"elementor-shape elementor-shape-bottom\" data-negative=\"false\">\n\t\t\t<svg xmlns=\"http:\/\/www.w3.org\/2000\/svg\" viewBox=\"0 0 283.5 27.8\" preserveAspectRatio=\"none\">\n\t<path class=\"elementor-shape-fill\" d=\"M283.5,9.7c0,0-7.3,4.3-14,4.6c-6.8,0.3-12.6,0-20.9-1.5c-11.3-2-33.1-10.1-44.7-5.7\ts-12.1,4.6-18,7.4c-6.6,3.2-20,9.6-36.6,9.3C131.6,23.5,99.5,7.2,86.3,8c-1.4,0.1-6.6,0.8-10.5,2c-3.8,1.2-9.4,3.8-17,4.7\tc-3.2,0.4-8.3,1.1-14.2,0.9c-1.5-0.1-6.3-0.4-12-1.6c-5.7-1.2-11-3.1-15.8-3.7C6.5,9.2,0,10.8,0,10.8V0h283.5V9.7z M260.8,11.3\tc-0.7-1-2-0.4-4.3-0.4c-2.3,0-6.1-1.2-5.8-1.1c0.3,0.1,3.1,1.5,6,1.9C259.7,12.2,261.4,12.3,260.8,11.3z M242.4,8.6\tc0,0-2.4-0.2-5.6-0.9c-3.2-0.8-10.3-2.8-15.1-3.5c-8.2-1.1-15.8,0-15.1,0.1c0.8,0.1,9.6-0.6,17.6,1.1c3.3,0.7,9.3,2.2,12.4,2.7\tC239.9,8.7,242.4,8.6,242.4,8.6z M185.2,8.5c1.7-0.7-13.3,4.7-18.5,6.1c-2.1,0.6-6.2,1.6-10,2c-3.9,0.4-8.9,0.4-8.8,0.5\tc0,0.2,5.8,0.8,11.2,0c5.4-0.8,5.2-1.1,7.6-1.6C170.5,14.7,183.5,9.2,185.2,8.5z M199.1,6.9c0.2,0-0.8-0.4-4.8,1.1\tc-4,1.5-6.7,3.5-6.9,3.7c-0.2,0.1,3.5-1.8,6.6-3C197,7.5,199,6.9,199.1,6.9z M283,6c-0.1,0.1-1.9,1.1-4.8,2.5s-6.9,2.8-6.7,2.7\tc0.2,0,3.5-0.6,7.4-2.5C282.8,6.8,283.1,5.9,283,6z M31.3,11.6c0.1-0.2-1.9-0.2-4.5-1.2s-5.4-1.6-7.8-2C15,7.6,7.3,8.5,7.7,8.6\tC8,8.7,15.9,8.3,20.2,9.3c2.2,0.5,2.4,0.5,5.7,1.6S31.2,11.9,31.3,11.6z M73,9.2c0.4-0.1,3.5-1.6,8.4-2.6c4.9-1.1,8.9-0.5,8.9-0.8\tc0-0.3-1-0.9-6.2-0.3S72.6,9.3,73,9.2z M71.6,6.7C71.8,6.8,75,5.4,77.3,5c2.3-0.3,1.9-0.5,1.9-0.6c0-0.1-1.1-0.2-2.7,0.2\tC74.8,5.1,71.4,6.6,71.6,6.7z M93.6,4.4c0.1,0.2,3.5,0.8,5.6,1.8c2.1,1,1.8,0.6,1.9,0.5c0.1-0.1-0.8-0.8-2.4-1.3\tC97.1,4.8,93.5,4.2,93.6,4.4z M65.4,11.1c-0.1,0.3,0.3,0.5,1.9-0.2s2.6-1.3,2.2-1.2s-0.9,0.4-2.5,0.8C65.3,10.9,65.5,10.8,65.4,11.1\tz M34.5,12.4c-0.2,0,2.1,0.8,3.3,0.9c1.2,0.1,2,0.1,2-0.2c0-0.3-0.1-0.5-1.6-0.4C36.6,12.8,34.7,12.4,34.5,12.4z M152.2,21.1\tc-0.1,0.1-2.4-0.3-7.5-0.3c-5,0-13.6-2.4-17.2-3.5c-3.6-1.1,10,3.9,16.5,4.1C150.5,21.6,152.3,21,152.2,21.1z\"\/>\n\t<path class=\"elementor-shape-fill\" d=\"M269.6,18c-0.1-0.1-4.6,0.3-7.2,0c-7.3-0.7-17-3.2-16.6-2.9c0.4,0.3,13.7,3.1,17,3.3\tC267.7,18.8,269.7,18,269.6,18z\"\/>\n\t<path class=\"elementor-shape-fill\" d=\"M227.4,9.8c-0.2-0.1-4.5-1-9.5-1.2c-5-0.2-12.7,0.6-12.3,0.5c0.3-0.1,5.9-1.8,13.3-1.2\tS227.6,9.9,227.4,9.8z\"\/>\n\t<path class=\"elementor-shape-fill\" d=\"M204.5,13.4c-0.1-0.1,2-1,3.2-1.1c1.2-0.1,2,0,2,0.3c0,0.3-0.1,0.5-1.6,0.4\tC206.4,12.9,204.6,13.5,204.5,13.4z\"\/>\n\t<path class=\"elementor-shape-fill\" d=\"M201,10.6c0-0.1-4.4,1.2-6.3,2.2c-1.9,0.9-6.2,3.1-6.1,3.1c0.1,0.1,4.2-1.6,6.3-2.6\tS201,10.7,201,10.6z\"\/>\n\t<path class=\"elementor-shape-fill\" d=\"M154.5,26.7c-0.1-0.1-4.6,0.3-7.2,0c-7.3-0.7-17-3.2-16.6-2.9c0.4,0.3,13.7,3.1,17,3.3\tC152.6,27.5,154.6,26.8,154.5,26.7z\"\/>\n\t<path class=\"elementor-shape-fill\" d=\"M41.9,19.3c0,0,1.2-0.3,2.9-0.1c1.7,0.2,5.8,0.9,8.2,0.7c4.2-0.4,7.4-2.7,7-2.6\tc-0.4,0-4.3,2.2-8.6,1.9c-1.8-0.1-5.1-0.5-6.7-0.4S41.9,19.3,41.9,19.3z\"\/>\n\t<path class=\"elementor-shape-fill\" d=\"M75.5,12.6c0.2,0.1,2-0.8,4.3-1.1c2.3-0.2,2.1-0.3,2.1-0.5c0-0.1-1.8-0.4-3.4,0\tC76.9,11.5,75.3,12.5,75.5,12.6z\"\/>\n\t<path class=\"elementor-shape-fill\" d=\"M15.6,13.2c0-0.1,4.3,0,6.7,0.5c2.4,0.5,5,1.9,5,2c0,0.1-2.7-0.8-5.1-1.4\tC19.9,13.7,15.7,13.3,15.6,13.2z\"\/>\n<\/svg>\t\t<\/div>\n\t\t<div class=\"elementor-element elementor-element-170fd72 e-flex e-con-boxed e-con e-child\" data-id=\"170fd72\" data-element_type=\"container\" data-settings=\"{&quot;content_width&quot;:&quot;boxed&quot;}\">\n\t\t\t\t\t<div class=\"e-con-inner\">\n\t\t\t\t<div class=\"elementor-element elementor-element-96256bb textolayerblanco elementor-widget elementor-widget-theme-post-title elementor-page-title elementor-widget-heading\" data-id=\"96256bb\" data-element_type=\"widget\" data-widget_type=\"theme-post-title.default\">\n\t\t\t\t<div class=\"elementor-widget-container\">\n\t\t\t<style>\/*! elementor - v3.16.0 - 20-09-2023 *\/\n.elementor-heading-title{padding:0;margin:0;line-height:1}.elementor-widget-heading .elementor-heading-title[class*=elementor-size-]>a{color:inherit;font-size:inherit;line-height:inherit}.elementor-widget-heading .elementor-heading-title.elementor-size-small{font-size:15px}.elementor-widget-heading .elementor-heading-title.elementor-size-medium{font-size:19px}.elementor-widget-heading .elementor-heading-title.elementor-size-large{font-size:29px}.elementor-widget-heading .elementor-heading-title.elementor-size-xl{font-size:39px}.elementor-widget-heading .elementor-heading-title.elementor-size-xxl{font-size:59px}<\/style><h1 class=\"elementor-heading-title elementor-size-default\">Zus\u00e4tzliche Spanisch-Konversationsstunde<\/h1>\t\t<\/div>\n\t\t\t\t<\/div>\n\t\t\t\t\t<\/div>\n\t\t\t\t<\/div>\n\t\t\t\t\t<\/div>\n\t\t\t\t<\/div>\n\t\t\t\t\t\t<\/div>\n\t\t\t\t<\/div>\n\t\t\t\t<\/div>\n\t\t\t\t<\/div>\n\t\t\t\t<\/div>\n\t\t<div class=\"elementor-element elementor-element-42bd182 e-con-full e-flex e-con e-parent\" data-id=\"42bd182\" data-element_type=\"container\" data-settings=\"{&quot;content_width&quot;:&quot;full&quot;}\" data-core-v316-plus=\"true\">\n\t\t<div class=\"elementor-element elementor-element-b6abf22 e-con-full e-flex e-con e-child\" data-id=\"b6abf22\" data-element_type=\"container\" data-settings=\"{&quot;content_width&quot;:&quot;full&quot;}\">\n\t\t\t\t<div class=\"elementor-element elementor-element-84f1777 elementor-widget elementor-widget-heading\" data-id=\"84f1777\" data-element_type=\"widget\" data-widget_type=\"heading.default\">\n\t\t\t\t<div class=\"elementor-widget-container\">\n\t\t\t<h2 class=\"elementor-heading-title elementor-size-default\">Kulturnachrichten, Sport, Politik und Freizeitaktivit\u00e4ten\u2026<\/h2>\t\t<\/div>\n\t\t\t\t<\/div>\n\t\t\t\t<div class=\"elementor-element elementor-element-89004cf elementor-widget elementor-widget-text-editor\" data-id=\"89004cf\" data-element_type=\"widget\" data-widget_type=\"text-editor.default\">\n\t\t\t\t<div class=\"elementor-widget-container\">\n\t\t\t<style>\/*! elementor - v3.16.0 - 20-09-2023 *\/\n.elementor-widget-text-editor.elementor-drop-cap-view-stacked .elementor-drop-cap{background-color:#69727d;color:#fff}.elementor-widget-text-editor.elementor-drop-cap-view-framed .elementor-drop-cap{color:#69727d;border:3px solid;background-color:transparent}.elementor-widget-text-editor:not(.elementor-drop-cap-view-default) .elementor-drop-cap{margin-top:8px}.elementor-widget-text-editor:not(.elementor-drop-cap-view-default) .elementor-drop-cap-letter{width:1em;height:1em}.elementor-widget-text-editor .elementor-drop-cap{float:left;text-align:center;line-height:1;font-size:50px}.elementor-widget-text-editor .elementor-drop-cap-letter{display:inline-block}<\/style>\t\t\t\t<p><strong>Die zus\u00e4tzliche Konversationsstunde<\/strong> ist ein kostenloser Auffrischungskurs in Spanisch, eineinhalb Stunden zus\u00e4tzlicher Unterricht, der in allen Spanisch-Sprachprogrammen enthalten ist. Im Kurs informieren sich und diskutieren die Sch\u00fcler \u00fcber sportliche, politische, soziale und kulturelle Themen in Spanien und Lateinamerika. Dabei nutzen sie eine Vielzahl von Medienressourcen und sozialen Netzwerken und werden von unseren \u00e4u\u00dferst erfahrenen Lehrern angeleitet. Um teilnehmen zu k\u00f6nnen, <strong>m\u00fcssen Sch\u00fcler \u00fcber ein Mindestniveau von A2 verf\u00fcgen<\/strong>.<\/p>\n\t\t\t\t\t\t<\/div>\n\t\t\t\t<\/div>\n\t\t\t\t<\/div>\n\t\t<div class=\"elementor-element elementor-element-9299a26 e-con-full e-flex e-con e-child\" data-id=\"9299a26\" data-element_type=\"container\" data-settings=\"{&quot;content_width&quot;:&quot;full&quot;}\">\n\t\t\t\t<div class=\"elementor-element elementor-element-af92c66 elementor-widget elementor-widget-image\" data-id=\"af92c66\" data-element_type=\"widget\" data-widget_type=\"image.default\">\n\t\t\t\t<div class=\"elementor-widget-container\">\n\t\t\t<style>\/*! elementor - v3.16.0 - 20-09-2023 *\/\n.elementor-widget-image{text-align:center}.elementor-widget-image a{display:inline-block}.elementor-widget-image a img[src$=\".svg\"]{width:48px}.elementor-widget-image img{vertical-align:middle;display:inline-block}<\/style>\t\t\t\t\t\t\t\t\t\t\t\t<img loading=\"lazy\" decoding=\"async\" width=\"800\" height=\"495\" src=\"https:\/\/dev.tandemmadrid.com\/wp-content\/uploads\/2024\/01\/extra-conversation-lesson.jpg\" class=\"attachment-large size-large wp-image-6555\" alt=\"extra conversation lesson\" srcset=\"https:\/\/dev.tandemmadrid.com\/wp-content\/uploads\/2024\/01\/extra-conversation-lesson.jpg 1024w, https:\/\/dev.tandemmadrid.com\/wp-content\/uploads\/2024\/01\/extra-conversation-lesson-300x185.jpg 300w, https:\/\/dev.tandemmadrid.com\/wp-content\/uploads\/2024\/01\/extra-conversation-lesson-768x475.jpg 768w, https:\/\/dev.tandemmadrid.com\/wp-content\/uploads\/2024\/01\/extra-conversation-lesson-600x371.jpg 600w\" sizes=\"(max-width: 800px) 100vw, 800px\" \/>\t\t\t\t\t\t\t\t\t\t\t\t\t\t\t<\/div>\n\t\t\t\t<\/div>\n\t\t\t\t<\/div>\n\t\t\t\t<\/div>\n\t\t<div class=\"elementor-element elementor-element-034b895 e-con-full descripciones e-flex e-con e-parent\" data-id=\"034b895\" data-element_type=\"container\" data-settings=\"{&quot;content_width&quot;:&quot;full&quot;,&quot;background_background&quot;:&quot;classic&quot;}\" data-core-v316-plus=\"true\">\n\t\t<div class=\"elementor-element elementor-element-9e20e98 e-con-full e-flex e-con e-child\" data-id=\"9e20e98\" data-element_type=\"container\" data-settings=\"{&quot;content_width&quot;:&quot;full&quot;}\">\n\t\t\t\t<div class=\"elementor-element elementor-element-0926721 elementor-widget elementor-widget-text-editor\" data-id=\"0926721\" data-element_type=\"widget\" data-widget_type=\"text-editor.default\">\n\t\t\t\t<div class=\"elementor-widget-container\">\n\t\t\t\t\t\t\t<p>Normalerweise k\u00f6nnen Sch\u00fcler jeden Mittwoch von 13.30 bis 14.45 Uhr an unserer zus\u00e4tzlichen Konversationsstunde teilnehmen. Die Lehrer trinken mit den Sch\u00fclern einen Kaffee oder Tee und diskutieren dabei \u00fcber aktuelle Themen und andere unterhaltsame Themen. Wir besuchen auch gerne spanische Medien und vereinbaren Treffen mit Journalisten und beliebten Bloggern. Themen wie Fu\u00dfball, soziale Bewegungen, Promi-Kultur, spanische und lateinamerikanische Politik sind Teil dieses Kurses.<\/p>\n\n<p>Die zus\u00e4tzliche Konversationsstunde ist eine unterhaltsame M\u00f6glichkeit, Spanisch zu lernen oder Ihr Spanischniveau zu verbessern, und eine bequeme und einfache M\u00f6glichkeit, eine feste Konversationsgruppe zu finden und sicherzustellen, dass Sie w\u00f6chentlich Spanisch \u00fcben. Es ist auch eine effiziente M\u00f6glichkeit, sich auf eine m\u00fcndliche Spanischpr\u00fcfung vorzubereiten oder Sicherheit im t\u00e4glichen Sprachgebrauch zu gewinnen.<\/p>\t\t\t\t\t\t<\/div>\n\t\t\t\t<\/div>\n\t\t\t\t<div class=\"elementor-element elementor-element-89e7d43 elementor-widget elementor-widget-text-editor\" data-id=\"89e7d43\" data-element_type=\"widget\" data-widget_type=\"text-editor.default\">\n\t\t\t\t<div class=\"elementor-widget-container\">\n\t\t\t\t\t\t\t<div id=\"trm1\" style=\"display:none;\">\n<p style=\"font-size:22px;\">Um Spanisch zu lernen, ist es neben der Aneignung sprachlicher Konzepte und ihrer allgemeinen Verwendung notwendig, sich praktische Kenntnisse aller Aspekte der L\u00e4nder anzueignen, in denen Spanisch gesprochen wird. Durch eine kritische und vergleichende Lekt\u00fcre der Nachrichten jedes Landes k\u00f6nnen wir die Kultur und Gesellschaft dieser L\u00e4nder tiefgreifender verstehen und auch neue Interessen, neue Orte zum Besuchen und Neues zum Lernen entdecken.<\/p>\n<p style=\"font-size:22px;\">M\u00f6chten Sie mit uns Spanien und Lateinamerika entdecken? Nehmen Sie an einer unserer <a href=\"https:\/\/www.tandemmadrid.com\/event\/extra-conversation-lesson\/\">Veranstaltungen unserer w\u00f6chentlichen zus\u00e4tzlichen Konversationsstunde<\/a> teil.<\/p>\n<\/div>\n<p class=\"cent mtop15\"><a title=\"Lesen Sie mehr\" id=\"trmbt1\" class=\"togglebtn2\" onclick=\"toggle_visibility('trm1');toggle_visibility('trmbt1');toggle_visibility('trmbt2');\" style=\"display:block;\">[+] lesen<\/a><a title=\"Weniger lesen\" id=\"trmbt2\" class=\"togglebtn2\" onclick=\"toggle_visibility('trm1');toggle_visibility('trmbt1');toggle_visibility('trmbt2');\" style=\"display:none;\">[-] lesen<\/a> <\/p>\t\t\t\t\t\t<\/div>\n\t\t\t\t<\/div>\n\t\t\t\t<\/div>\n\t\t\t\t<\/div>\n\t\t\t\t\t\t\t<\/div>\n\t\t","protected":false},"excerpt":{"rendered":"<p>Kulturnachrichten, Sport, Politik und Freizeitaktivit\u00e4ten\u2026 Die zus\u00e4tzliche Konversationsstunde ist ein kostenloser Auffrischungskurs in Spanisch, eineinhalb Stunden zus\u00e4tzlicher Unterricht, der in allen Spanisch-Sprachprogrammen enthalten ist. Im Kurs informieren sich und diskutieren die Sch\u00fcler \u00fcber sportliche, politische, soziale und kulturelle Themen in Spanien und Lateinamerika. Dabei nutzen sie eine Vielzahl von Medienressourcen und sozialen Netzwerken und werden [&hellip;]<\/p>\n","protected":false},"author":1,"featured_media":6548,"parent":0,"menu_order":0,"comment_status":"closed","ping_status":"closed","template":"elementor_header_footer","meta":{"footnotes":"","_elementor_data":"[{\"id\":\"e098fa9\",\"elType\":\"container\",\"settings\":{\"content_width\":\"full\",\"padding\":{\"unit\":\"px\",\"top\":\"0\",\"right\":\"0\",\"bottom\":\"0\",\"left\":\"0\",\"isLinked\":true},\"jedv_conditions\":[{\"_id\":\"d31cd5c\"}]},\"elements\":[{\"id\":\"1676589\",\"elType\":\"widget\",\"settings\":{\"template_id\":\"2712\",\"jedv_conditions\":[{\"_id\":\"4f291f8\"}]},\"elements\":[],\"widgetType\":\"template\"}],\"isInner\":false},{\"id\":\"42bd182\",\"elType\":\"container\",\"settings\":{\"flex_direction\":\"row\",\"flex_gap\":{\"unit\":\"px\",\"size\":0,\"column\":\"0\",\"row\":\"0\"},\"content_width\":\"full\",\"width\":{\"unit\":\"%\",\"size\":80,\"sizes\":[]},\"padding\":{\"unit\":\"px\",\"top\":\"50\",\"right\":\"0\",\"bottom\":\"60\",\"left\":\"0\",\"isLinked\":false},\"padding_mobile\":{\"unit\":\"px\",\"top\":\"30\",\"right\":\"20\",\"bottom\":\"40\",\"left\":\"20\",\"isLinked\":false},\"jedv_conditions\":[{\"_id\":\"85b6e23\"}],\"flex_align_items\":\"center\"},\"elements\":[{\"id\":\"b6abf22\",\"elType\":\"container\",\"settings\":{\"flex_direction\":\"column\",\"content_width\":\"full\",\"width\":{\"unit\":\"%\",\"size\":56.706},\"jedv_conditions\":[{\"_id\":\"d9a7961\"}],\"_flex_size\":\"none\",\"_element_width\":\"initial\"},\"elements\":[{\"id\":\"84f1777\",\"elType\":\"widget\",\"settings\":{\"title\":\"Kulturnachrichten, Sport, Politik und Freizeitaktivit\\u00e4ten\\u2026\",\"title_color\":\"#000000\",\"jedv_conditions\":[{\"_id\":\"286d828\"}],\"typography_typography\":\"custom\",\"typography_font_size\":{\"unit\":\"px\",\"size\":32,\"sizes\":[]},\"typography_font_weight\":\"500\",\"typography_line_height\":{\"unit\":\"px\",\"size\":40,\"sizes\":[]},\"typography_font_family\":\"Futura medium\",\"_margin\":{\"unit\":\"px\",\"top\":\"0\",\"right\":\"0\",\"bottom\":\"0\",\"left\":\"0\",\"isLinked\":false},\"align\":\"left\",\"align_mobile\":\"left\"},\"elements\":[],\"widgetType\":\"heading\"},{\"id\":\"89004cf\",\"elType\":\"widget\",\"settings\":{\"editor\":\"<p><strong>Die zus\\u00e4tzliche Konversationsstunde<\\\/strong> ist ein kostenloser Auffrischungskurs in Spanisch, eineinhalb Stunden zus\\u00e4tzlicher Unterricht, der in allen Spanisch-Sprachprogrammen enthalten ist. Im Kurs informieren sich und diskutieren die Sch\\u00fcler \\u00fcber sportliche, politische, soziale und kulturelle Themen in Spanien und Lateinamerika. Dabei nutzen sie eine Vielzahl von Medienressourcen und sozialen Netzwerken und werden von unseren \\u00e4u\\u00dferst erfahrenen Lehrern angeleitet. Um teilnehmen zu k\\u00f6nnen, <strong>m\\u00fcssen Sch\\u00fcler \\u00fcber ein Mindestniveau von A2 verf\\u00fcgen<\\\/strong>.<\\\/p>\\n\",\"text_color\":\"#000000\",\"typography_typography\":\"custom\",\"typography_font_size\":{\"unit\":\"px\",\"size\":18,\"sizes\":[]},\"typography_font_weight\":\"400\",\"typography_line_height\":{\"unit\":\"px\",\"size\":28,\"sizes\":[]},\"jedv_conditions\":[{\"_id\":\"c4dda0f\"}],\"_margin\":{\"unit\":\"px\",\"top\":\"0\",\"right\":\"0\",\"bottom\":\"0\",\"left\":\"0\",\"isLinked\":false},\"align_mobile\":\"left\",\"typography_font_family\":\"Futura medium\",\"_margin_mobile\":{\"unit\":\"px\",\"top\":\"0\",\"right\":\"0\",\"bottom\":\"0\",\"left\":\"0\",\"isLinked\":false},\"align\":\"left\"},\"elements\":[],\"widgetType\":\"text-editor\"}],\"isInner\":true},{\"id\":\"9299a26\",\"elType\":\"container\",\"settings\":{\"content_width\":\"full\",\"jedv_conditions\":[{\"_id\":\"00485d7\"}]},\"elements\":[{\"id\":\"af92c66\",\"elType\":\"widget\",\"settings\":{\"image\":{\"url\":\"https:\\\/\\\/dev.tandemmadrid.com\\\/wp-content\\\/uploads\\\/2024\\\/01\\\/extra-conversation-lesson.jpg\",\"id\":6555,\"size\":\"\",\"alt\":\"Extra conversation lesson\",\"source\":\"library\"},\"jedv_conditions\":[{\"_id\":\"a34389f\"}],\"caption\":\"\"},\"elements\":[],\"widgetType\":\"image\"}],\"isInner\":true}],\"isInner\":false},{\"id\":\"034b895\",\"elType\":\"container\",\"settings\":{\"flex_direction\":\"row\",\"flex_gap\":{\"unit\":\"px\",\"size\":0,\"column\":\"0\",\"row\":\"0\"},\"padding\":{\"unit\":\"px\",\"top\":\"0\",\"right\":\"0\",\"bottom\":\"0\",\"left\":\"0\",\"isLinked\":false},\"jedv_conditions\":[{\"_id\":\"c033fb9\"}],\"padding_mobile\":{\"unit\":\"px\",\"top\":\"15\",\"right\":\"20\",\"bottom\":\"10\",\"left\":\"20\",\"isLinked\":false},\"content_width\":\"full\",\"width\":{\"unit\":\"%\",\"size\":100,\"sizes\":[]},\"flex_align_items\":\"center\",\"background_background\":\"classic\",\"background_color\":\"#FABD00\",\"css_classes\":\"descripciones\",\"flex_justify_content\":\"center\"},\"elements\":[{\"id\":\"9e20e98\",\"elType\":\"container\",\"settings\":{\"content_width\":\"full\",\"jedv_conditions\":[{\"_id\":\"a64a75f\"}],\"width\":{\"unit\":\"%\",\"size\":80,\"sizes\":[]},\"padding\":{\"unit\":\"px\",\"top\":\"60\",\"right\":\"70\",\"bottom\":\"60\",\"left\":\"70\",\"isLinked\":false},\"padding_mobile\":{\"unit\":\"px\",\"top\":\"25\",\"right\":\"0\",\"bottom\":\"25\",\"left\":\"0\",\"isLinked\":false}},\"elements\":[{\"id\":\"0926721\",\"elType\":\"widget\",\"settings\":{\"editor\":\"<p>Normalerweise k\\u00f6nnen Sch\\u00fcler jeden Mittwoch von 13.30 bis 14.45 Uhr an unserer zus\\u00e4tzlichen Konversationsstunde teilnehmen. Die Lehrer trinken mit den Sch\\u00fclern einen Kaffee oder Tee und diskutieren dabei \\u00fcber aktuelle Themen und andere unterhaltsame Themen. Wir besuchen auch gerne spanische Medien und vereinbaren Treffen mit Journalisten und beliebten Bloggern. Themen wie Fu\\u00dfball, soziale Bewegungen, Promi-Kultur, spanische und lateinamerikanische Politik sind Teil dieses Kurses.<\\\/p>\\n\\n<p>Die zus\\u00e4tzliche Konversationsstunde ist eine unterhaltsame M\\u00f6glichkeit, Spanisch zu lernen oder Ihr Spanischniveau zu verbessern, und eine bequeme und einfache M\\u00f6glichkeit, eine feste Konversationsgruppe zu finden und sicherzustellen, dass Sie w\\u00f6chentlich Spanisch \\u00fcben. Es ist auch eine effiziente M\\u00f6glichkeit, sich auf eine m\\u00fcndliche Spanischpr\\u00fcfung vorzubereiten oder Sicherheit im t\\u00e4glichen Sprachgebrauch zu gewinnen.<\\\/p>\",\"text_color\":\"#000000\",\"typography_typography\":\"custom\",\"typography_font_size\":{\"unit\":\"px\",\"size\":18,\"sizes\":[]},\"typography_font_weight\":\"400\",\"typography_line_height\":{\"unit\":\"px\",\"size\":28,\"sizes\":[]},\"jedv_conditions\":[{\"_id\":\"c4dda0f\"}],\"_margin\":{\"unit\":\"px\",\"top\":\"10\",\"right\":\"0\",\"bottom\":\"-10\",\"left\":\"0\",\"isLinked\":false},\"align_mobile\":\"left\",\"typography_font_family\":\"Futura medium\"},\"elements\":[],\"widgetType\":\"text-editor\"},{\"id\":\"89e7d43\",\"elType\":\"widget\",\"settings\":{\"editor\":\"<div id=\\\"trm1\\\" style=\\\"display:none;\\\">\\n<p style=\\\"font-size:22px;\\\">Um Spanisch zu lernen, ist es neben der Aneignung sprachlicher Konzepte und ihrer allgemeinen Verwendung notwendig, sich praktische Kenntnisse aller Aspekte der L\\u00e4nder anzueignen, in denen Spanisch gesprochen wird. Durch eine kritische und vergleichende Lekt\\u00fcre der Nachrichten jedes Landes k\\u00f6nnen wir die Kultur und Gesellschaft dieser L\\u00e4nder tiefgreifender verstehen und auch neue Interessen, neue Orte zum Besuchen und Neues zum Lernen entdecken.<\\\/p>\\n<p style=\\\"font-size:22px;\\\">M\\u00f6chten Sie mit uns Spanien und Lateinamerika entdecken? Nehmen Sie an einer unserer <a href=\\\"https:\\\/\\\/www.tandemmadrid.com\\\/event\\\/extra-conversation-lesson\\\/\\\">Veranstaltungen unserer w\\u00f6chentlichen zus\\u00e4tzlichen Konversationsstunde<\\\/a> teil.<\\\/p>\\n<\\\/div>\\n<p class=\\\"cent mtop15\\\"><a title=\\\"Lesen Sie mehr\\\" id=\\\"trmbt1\\\" class=\\\"togglebtn2\\\" onclick=\\\"toggle_visibility('trm1');toggle_visibility('trmbt1');toggle_visibility('trmbt2');\\\" style=\\\"display:block;\\\">[+] lesen<\\\/a><a title=\\\"Weniger lesen\\\" id=\\\"trmbt2\\\" class=\\\"togglebtn2\\\" onclick=\\\"toggle_visibility('trm1');toggle_visibility('trmbt1');toggle_visibility('trmbt2');\\\" style=\\\"display:none;\\\">[-] lesen<\\\/a> <\\\/p>\",\"text_color\":\"#000000\",\"typography_typography\":\"custom\",\"typography_font_size\":{\"unit\":\"px\",\"size\":18,\"sizes\":[]},\"typography_font_weight\":\"400\",\"typography_line_height\":{\"unit\":\"px\",\"size\":28,\"sizes\":[]},\"jedv_conditions\":[{\"_id\":\"c4dda0f\"}],\"_margin\":{\"unit\":\"px\",\"top\":\"10\",\"right\":\"0\",\"bottom\":\"-10\",\"left\":\"0\",\"isLinked\":false},\"align_mobile\":\"left\",\"typography_font_family\":\"Futura medium\"},\"elements\":[],\"widgetType\":\"text-editor\"}],\"isInner\":true}],\"isInner\":false}]","_elementor_edit_mode":"builder","_elementor_template_type":"wp-page","_elementor_page_settings":""},"_links":{"self":[{"href":"https:\/\/dev.tandemmadrid.com\/de\/wp-json\/wp\/v2\/pages\/9242"}],"collection":[{"href":"https:\/\/dev.tandemmadrid.com\/de\/wp-json\/wp\/v2\/pages"}],"about":[{"href":"https:\/\/dev.tandemmadrid.com\/de\/wp-json\/wp\/v2\/types\/page"}],"author":[{"embeddable":true,"href":"https:\/\/dev.tandemmadrid.com\/de\/wp-json\/wp\/v2\/users\/1"}],"replies":[{"embeddable":true,"href":"https:\/\/dev.tandemmadrid.com\/de\/wp-json\/wp\/v2\/comments?post=9242"}],"version-history":[{"count":0,"href":"https:\/\/dev.tandemmadrid.com\/de\/wp-json\/wp\/v2\/pages\/9242\/revisions"}],"wp:featuredmedia":[{"embeddable":true,"href":"https:\/\/dev.tandemmadrid.com\/de\/wp-json\/wp\/v2\/media\/6548"}],"wp:attachment":[{"href":"https:\/\/dev.tandemmadrid.com\/de\/wp-json\/wp\/v2\/media?parent=9242"}],"curies":[{"name":"wp","href":"https:\/\/api.w.org\/{rel}","templated":true}]}}