
{"id":9477,"date":"2023-12-30T23:10:33","date_gmt":"2023-12-30T22:10:33","guid":{"rendered":"https:\/\/dev.tandemmadrid.com\/spanischkurse-fuer-gruppen\/"},"modified":"2024-02-06T12:54:12","modified_gmt":"2024-02-06T11:54:12","slug":"spanisch-fur-gruppen","status":"publish","type":"page","link":"https:\/\/dev.tandemmadrid.com\/de\/spanisch-fur-gruppen\/","title":{"rendered":"Spanischkurse f\u00fcr Gruppen"},"content":{"rendered":"\t\t<div data-elementor-type=\"wp-page\" data-elementor-id=\"9477\" class=\"elementor elementor-9477 elementor-2692\" data-elementor-post-type=\"page\">\n\t\t\t\t\t\t\t<div class=\"elementor-element elementor-element-abc200c e-flex e-con-boxed e-con e-parent\" data-id=\"abc200c\" data-element_type=\"container\" data-settings=\"{&quot;content_width&quot;:&quot;boxed&quot;}\" data-core-v316-plus=\"true\">\n\t\t\t\t\t<div class=\"e-con-inner\">\n\t\t\t\t<div class=\"elementor-element elementor-element-c1597ee cursocontent elementor-widget elementor-widget-text-editor\" data-id=\"c1597ee\" data-element_type=\"widget\" data-widget_type=\"text-editor.default\">\n\t\t\t\t<div class=\"elementor-widget-container\">\n\t\t\t<style>\/*! elementor - v3.16.0 - 20-09-2023 *\/\n.elementor-widget-text-editor.elementor-drop-cap-view-stacked .elementor-drop-cap{background-color:#69727d;color:#fff}.elementor-widget-text-editor.elementor-drop-cap-view-framed .elementor-drop-cap{color:#69727d;border:3px solid;background-color:transparent}.elementor-widget-text-editor:not(.elementor-drop-cap-view-default) .elementor-drop-cap{margin-top:8px}.elementor-widget-text-editor:not(.elementor-drop-cap-view-default) .elementor-drop-cap-letter{width:1em;height:1em}.elementor-widget-text-editor .elementor-drop-cap{float:left;text-align:center;line-height:1;font-size:50px}.elementor-widget-text-editor .elementor-drop-cap-letter{display:inline-block}<\/style>\t\t\t\t<h2>Kulturprogramm. Erleben Sie Madrid!<\/h2>\n\nDas Kulturprogramm soll den kontinuierlichen Gebrauch der Sprache f\u00f6rdern. Daher beinhaltet es eine t\u00e4gliche Aktivit\u00e4t von Montag bis Donnerstag und samstags einen optionalen Ausflug zu einem historisch-k\u00fcnstlerischen Ort au\u00dferhalb von Madrid.\n\n<div id=\"trm1\" style=\"display:none;\">\n\n<p>Die w\u00e4hrend der Woche durchgef\u00fchrten Aktivit\u00e4ten k\u00f6nnen je nach Alter der Sch\u00fcler unter anderem folgende sein:<\/p>\n\n<ul>\n<li>Ein Sprachaustauschtreffen mit Sch\u00fclern verschiedener weiterf\u00fchrender Schulen in Madrid<\/li>\n<li>Besuche von Museen, Theatern und k\u00fcnstlerisch interessanten Orten in Madrid<\/li>\n<li>Kochkurse und Lebensmittelverkostungen (Wein, Oliven\u00f6l oder Schokolade usw.)<\/li>\n<li>Flamenco Kurse<\/li>\n<li>Clownkurse<\/li>\n<li>Tanz- oder Theaterauff\u00fchrungen<\/li>\n<li>Kino<\/li>\n<li>Arabische B\u00e4der<\/li>\n<\/ul>\n \n<h2>Unterkunft. F\u00fchlen Sie sich wie zu Hause!<\/h2>\n\n<p>Abh\u00e4ngig vom Alter der Teilnehmer und der Aufenthaltsdauer k\u00f6nnen wir unterschiedliche Unterkunftsm\u00f6glichkeiten anbieten. Um v\u00f6llig in die spanische Kultur einzutauchen, ist es unserer Meinung nach die beste Option, bei einer FAMILIE zu leben.<\/p>\n\n<p>Die Sch\u00fcler wohnen bei sorgf\u00e4ltig ausgew\u00e4hlten Gastfamilien, die Unterkunft in ihren H\u00e4usern, in Doppelzimmern mit Halbpension (Fr\u00fchst\u00fcck und Abendessen) oder Vollpension anbieten.<\/p>\n\n<\/div>\n<p class=\"cent mtop15\"><a title=\"Lesen Sie mehr\" id=\"trmbt1\" class=\"togglebtn\" onclick=\"toggle_visibility('trm1');toggle_visibility('trmbt1');toggle_visibility('trmbt2');\" style=\"display:block;\">[+] lesen<\/a><a title=\"Weniger lesen\" id=\"trmbt2\" class=\"togglebtn\" onclick=\"toggle_visibility('trm1');toggle_visibility('trmbt1');toggle_visibility('trmbt2');\" style=\"display:none;\">[-] lesen<\/a> <\/p>\n<blockquote>** Da es sich um ein ma\u00dfgeschneidertes Programm handelt, das gemeinsam mit den Gruppenverantwortlichen entwickelt wurde, k\u00f6nnen wir es an die Vorlieben und Empfehlungen des Tutors anpassen.<\/blockquote>\t\t\t\t\t\t<\/div>\n\t\t\t\t<\/div>\n\t\t\t\t\t<\/div>\n\t\t\t\t<\/div>\n\t\t<div class=\"elementor-element elementor-element-ca831b2 e-flex e-con-boxed e-con e-parent\" data-id=\"ca831b2\" data-element_type=\"container\" data-settings=\"{&quot;content_width&quot;:&quot;boxed&quot;}\" data-core-v316-plus=\"true\">\n\t\t\t\t\t<div class=\"e-con-inner\">\n\t\t<div class=\"elementor-element elementor-element-e927917 e-flex e-con-boxed e-con e-child\" data-id=\"e927917\" data-element_type=\"container\" data-settings=\"{&quot;content_width&quot;:&quot;boxed&quot;}\">\n\t\t\t\t\t<div class=\"e-con-inner\">\n\t\t\t\t<div class=\"elementor-element elementor-element-ac41355 elementor-widget elementor-widget-heading\" data-id=\"ac41355\" data-element_type=\"widget\" data-widget_type=\"heading.default\">\n\t\t\t\t<div class=\"elementor-widget-container\">\n\t\t\t<style>\/*! elementor - v3.16.0 - 20-09-2023 *\/\n.elementor-heading-title{padding:0;margin:0;line-height:1}.elementor-widget-heading .elementor-heading-title[class*=elementor-size-]>a{color:inherit;font-size:inherit;line-height:inherit}.elementor-widget-heading .elementor-heading-title.elementor-size-small{font-size:15px}.elementor-widget-heading .elementor-heading-title.elementor-size-medium{font-size:19px}.elementor-widget-heading .elementor-heading-title.elementor-size-large{font-size:29px}.elementor-widget-heading .elementor-heading-title.elementor-size-xl{font-size:39px}.elementor-widget-heading .elementor-heading-title.elementor-size-xxl{font-size:59px}<\/style><h2 class=\"elementor-heading-title elementor-size-default\">Kursliste: Spanischkurse f\u00fcr Gruppen<\/h2>\t\t<\/div>\n\t\t\t\t<\/div>\n\t\t\t\t<div class=\"elementor-element elementor-element-87d2f9b elementor-widget-divider--view-line elementor-widget elementor-widget-divider\" data-id=\"87d2f9b\" data-element_type=\"widget\" data-widget_type=\"divider.default\">\n\t\t\t\t<div class=\"elementor-widget-container\">\n\t\t\t<style>\/*! elementor - v3.16.0 - 20-09-2023 *\/\n.elementor-widget-divider{--divider-border-style:none;--divider-border-width:1px;--divider-color:#0c0d0e;--divider-icon-size:20px;--divider-element-spacing:10px;--divider-pattern-height:24px;--divider-pattern-size:20px;--divider-pattern-url:none;--divider-pattern-repeat:repeat-x}.elementor-widget-divider .elementor-divider{display:flex}.elementor-widget-divider .elementor-divider__text{font-size:15px;line-height:1;max-width:95%}.elementor-widget-divider .elementor-divider__element{margin:0 var(--divider-element-spacing);flex-shrink:0}.elementor-widget-divider .elementor-icon{font-size:var(--divider-icon-size)}.elementor-widget-divider .elementor-divider-separator{display:flex;margin:0;direction:ltr}.elementor-widget-divider--view-line_icon .elementor-divider-separator,.elementor-widget-divider--view-line_text .elementor-divider-separator{align-items:center}.elementor-widget-divider--view-line_icon .elementor-divider-separator:after,.elementor-widget-divider--view-line_icon .elementor-divider-separator:before,.elementor-widget-divider--view-line_text .elementor-divider-separator:after,.elementor-widget-divider--view-line_text .elementor-divider-separator:before{display:block;content:\"\";border-bottom:0;flex-grow:1;border-top:var(--divider-border-width) var(--divider-border-style) var(--divider-color)}.elementor-widget-divider--element-align-left .elementor-divider .elementor-divider-separator>.elementor-divider__svg:first-of-type{flex-grow:0;flex-shrink:100}.elementor-widget-divider--element-align-left .elementor-divider-separator:before{content:none}.elementor-widget-divider--element-align-left .elementor-divider__element{margin-left:0}.elementor-widget-divider--element-align-right .elementor-divider .elementor-divider-separator>.elementor-divider__svg:last-of-type{flex-grow:0;flex-shrink:100}.elementor-widget-divider--element-align-right .elementor-divider-separator:after{content:none}.elementor-widget-divider--element-align-right .elementor-divider__element{margin-right:0}.elementor-widget-divider:not(.elementor-widget-divider--view-line_text):not(.elementor-widget-divider--view-line_icon) .elementor-divider-separator{border-top:var(--divider-border-width) var(--divider-border-style) var(--divider-color)}.elementor-widget-divider--separator-type-pattern{--divider-border-style:none}.elementor-widget-divider--separator-type-pattern.elementor-widget-divider--view-line .elementor-divider-separator,.elementor-widget-divider--separator-type-pattern:not(.elementor-widget-divider--view-line) .elementor-divider-separator:after,.elementor-widget-divider--separator-type-pattern:not(.elementor-widget-divider--view-line) .elementor-divider-separator:before,.elementor-widget-divider--separator-type-pattern:not([class*=elementor-widget-divider--view]) .elementor-divider-separator{width:100%;min-height:var(--divider-pattern-height);-webkit-mask-size:var(--divider-pattern-size) 100%;mask-size:var(--divider-pattern-size) 100%;-webkit-mask-repeat:var(--divider-pattern-repeat);mask-repeat:var(--divider-pattern-repeat);background-color:var(--divider-color);-webkit-mask-image:var(--divider-pattern-url);mask-image:var(--divider-pattern-url)}.elementor-widget-divider--no-spacing{--divider-pattern-size:auto}.elementor-widget-divider--bg-round{--divider-pattern-repeat:round}.rtl .elementor-widget-divider .elementor-divider__text{direction:rtl}.e-con-inner>.elementor-widget-divider,.e-con>.elementor-widget-divider{width:var(--container-widget-width,100%);--flex-grow:var(--container-widget-flex-grow)}<\/style>\t\t<div class=\"elementor-divider\">\n\t\t\t<span class=\"elementor-divider-separator\">\n\t\t\t\t\t\t<\/span>\n\t\t<\/div>\n\t\t\t\t<\/div>\n\t\t\t\t<\/div>\n\t\t<div class=\"elementor-element elementor-element-695c461 e-flex e-con-boxed e-con e-child\" data-id=\"695c461\" data-element_type=\"container\" data-settings=\"{&quot;content_width&quot;:&quot;boxed&quot;}\">\n\t\t\t\t\t<div class=\"e-con-inner\">\n\t\t\t\t<div class=\"elementor-element elementor-element-c1774ee elementor-widget elementor-widget-jet-listing-grid\" data-id=\"c1774ee\" data-element_type=\"widget\" data-settings=\"{&quot;columns&quot;:&quot;3&quot;}\" data-widget_type=\"jet-listing-grid.default\">\n\t\t\t\t<div class=\"elementor-widget-container\">\n\t\t\t<div class=\"jet-listing-grid jet-listing\"><div class=\"jet-listing-grid__items grid-col-desk-3 grid-col-tablet-3 grid-col-mobile-3 jet-listing-grid--557\" data-queried-id=\"9477|WP_Post\" data-nav=\"{&quot;enabled&quot;:false,&quot;type&quot;:null,&quot;more_el&quot;:null,&quot;query&quot;:[],&quot;widget_settings&quot;:{&quot;lisitng_id&quot;:557,&quot;posts_num&quot;:6,&quot;columns&quot;:3,&quot;columns_tablet&quot;:3,&quot;columns_mobile&quot;:3,&quot;is_archive_template&quot;:&quot;&quot;,&quot;post_status&quot;:[&quot;publish&quot;],&quot;use_random_posts_num&quot;:&quot;&quot;,&quot;max_posts_num&quot;:9,&quot;not_found_message&quot;:&quot;Es wurden keine Daten gefunden&quot;,&quot;is_masonry&quot;:false,&quot;equal_columns_height&quot;:&quot;&quot;,&quot;use_load_more&quot;:&quot;&quot;,&quot;load_more_id&quot;:&quot;&quot;,&quot;load_more_type&quot;:&quot;click&quot;,&quot;load_more_offset&quot;:{&quot;unit&quot;:&quot;px&quot;,&quot;size&quot;:0,&quot;sizes&quot;:[]},&quot;use_custom_post_types&quot;:&quot;&quot;,&quot;custom_post_types&quot;:[],&quot;hide_widget_if&quot;:&quot;&quot;,&quot;carousel_enabled&quot;:&quot;&quot;,&quot;slides_to_scroll&quot;:&quot;3&quot;,&quot;arrows&quot;:&quot;true&quot;,&quot;arrow_icon&quot;:&quot;fa fa-angle-left&quot;,&quot;dots&quot;:&quot;&quot;,&quot;autoplay&quot;:&quot;true&quot;,&quot;autoplay_speed&quot;:5000,&quot;infinite&quot;:&quot;true&quot;,&quot;center_mode&quot;:&quot;&quot;,&quot;effect&quot;:&quot;slide&quot;,&quot;speed&quot;:500,&quot;inject_alternative_items&quot;:&quot;&quot;,&quot;injection_items&quot;:[],&quot;scroll_slider_enabled&quot;:&quot;&quot;,&quot;scroll_slider_on&quot;:[&quot;desktop&quot;,&quot;tablet&quot;,&quot;mobile&quot;],&quot;custom_query&quot;:&quot;yes&quot;,&quot;custom_query_id&quot;:&quot;20&quot;,&quot;_element_id&quot;:&quot;&quot;}}\" data-page=\"1\" data-pages=\"1\" data-listing-source=\"query\" data-listing-id=\"557\" data-query-id=\"20\"><div class=\"jet-listing-grid__item jet-listing-dynamic-post-11517\" data-post-id=\"11517\" >\t\t<div data-elementor-type=\"jet-listing-items\" data-elementor-id=\"557\" class=\"elementor elementor-557\" data-elementor-post-type=\"jet-engine\">\n\t\t\t\t\t\t\t\t\t<section class=\"elementor-section elementor-top-section elementor-element elementor-element-d75c8e8 elementor-section-boxed elementor-section-height-default elementor-section-height-default\" data-id=\"d75c8e8\" data-element_type=\"section\">\n\t\t\t\t\t\t<div class=\"elementor-container elementor-column-gap-default\">\n\t\t\t\t\t<div class=\"elementor-column elementor-col-100 elementor-top-column elementor-element elementor-element-31b3d2a\" data-id=\"31b3d2a\" data-element_type=\"column\">\n\t\t\t<div class=\"elementor-widget-wrap elementor-element-populated\">\n\t\t\t\t\t\t\t\t<div class=\"elementor-element elementor-element-baf40b2 elementor-widget elementor-widget-jet-listing-dynamic-image\" data-id=\"baf40b2\" data-element_type=\"widget\" data-widget_type=\"jet-listing-dynamic-image.default\">\n\t\t\t\t<div class=\"elementor-widget-container\">\n\t\t\t<div class=\"jet-listing jet-listing-dynamic-image\"><a href=\"https:\/\/dev.tandemmadrid.com\/de\/c\/spanisch-familien\/\" class=\"jet-listing-dynamic-image__link\" rel=\"alternate\" title=\"Spanisch f\u00fcr Familien\"><img decoding=\"async\" width=\"1920\" height=\"1080\" src=\"https:\/\/dev.tandemmadrid.com\/wp-content\/uploads\/2024\/01\/spanish-families.jpg\" class=\"jet-listing-dynamic-image__img attachment-full size-full\" alt=\"Spanish for families in Madrid\" srcset=\"https:\/\/dev.tandemmadrid.com\/wp-content\/uploads\/2024\/01\/spanish-families.jpg 1920w, https:\/\/dev.tandemmadrid.com\/wp-content\/uploads\/2024\/01\/spanish-families-300x169.jpg 300w, https:\/\/dev.tandemmadrid.com\/wp-content\/uploads\/2024\/01\/spanish-families-1024x576.jpg 1024w, https:\/\/dev.tandemmadrid.com\/wp-content\/uploads\/2024\/01\/spanish-families-768x432.jpg 768w, https:\/\/dev.tandemmadrid.com\/wp-content\/uploads\/2024\/01\/spanish-families-1536x864.jpg 1536w, https:\/\/dev.tandemmadrid.com\/wp-content\/uploads\/2024\/01\/spanish-families-600x338.jpg 600w\" sizes=\"(max-width: 1920px) 100vw, 1920px\" loading=\"lazy\" \/><\/a><\/div>\t\t<\/div>\n\t\t\t\t<\/div>\n\t\t\t\t<div class=\"elementor-element elementor-element-5f293e9 w100 elementor-widget elementor-widget-jet-listing-dynamic-link\" data-id=\"5f293e9\" data-element_type=\"widget\" data-widget_type=\"jet-listing-dynamic-link.default\">\n\t\t\t\t<div class=\"elementor-widget-container\">\n\t\t\t<a href=\"https:\/\/dev.tandemmadrid.com\/de\/c\/spanisch-familien\/\" class=\"jet-listing-dynamic-link__link\" rel=\"title\" aria-label=\"Spanisch f\u00fcr Familien\" title=\"Spanisch f\u00fcr Familien\">Spanisch f\u00fcr Familien<\/a>\t\t<\/div>\n\t\t\t\t<\/div>\n\t\t\t\t\t<\/div>\n\t\t<\/div>\n\t\t\t\t\t\t\t<\/div>\n\t\t<\/section>\n\t\t\t\t\t\t\t<\/div>\n\t\t<\/div><div class=\"jet-listing-grid__item jet-listing-dynamic-post-11913\" data-post-id=\"11913\" >\t\t<div data-elementor-type=\"jet-listing-items\" data-elementor-id=\"557\" class=\"elementor elementor-557\" data-elementor-post-type=\"jet-engine\">\n\t\t\t\t\t\t\t\t\t<section class=\"elementor-section elementor-top-section elementor-element elementor-element-d75c8e8 elementor-section-boxed elementor-section-height-default elementor-section-height-default\" data-id=\"d75c8e8\" data-element_type=\"section\">\n\t\t\t\t\t\t<div class=\"elementor-container elementor-column-gap-default\">\n\t\t\t\t\t<div class=\"elementor-column elementor-col-100 elementor-top-column elementor-element elementor-element-31b3d2a\" data-id=\"31b3d2a\" data-element_type=\"column\">\n\t\t\t<div class=\"elementor-widget-wrap elementor-element-populated\">\n\t\t\t\t\t\t\t\t<div class=\"elementor-element elementor-element-baf40b2 elementor-widget elementor-widget-jet-listing-dynamic-image\" data-id=\"baf40b2\" data-element_type=\"widget\" data-widget_type=\"jet-listing-dynamic-image.default\">\n\t\t\t\t<div class=\"elementor-widget-container\">\n\t\t\t<div class=\"jet-listing jet-listing-dynamic-image\"><a href=\"https:\/\/dev.tandemmadrid.com\/de\/c\/standartprogramm-fur-spanischgruppen\/\" class=\"jet-listing-dynamic-image__link\" rel=\"alternate\" title=\"Standard-Spanischkurs f\u00fcr Gruppen\"><img decoding=\"async\" width=\"600\" height=\"396\" src=\"https:\/\/dev.tandemmadrid.com\/wp-content\/uploads\/2024\/01\/standard-group-spanish-course-1.jpg\" class=\"jet-listing-dynamic-image__img attachment-full size-full\" alt=\"Standard Group Spanish Course, TANDEM Madrid\" srcset=\"https:\/\/dev.tandemmadrid.com\/wp-content\/uploads\/2024\/01\/standard-group-spanish-course-1.jpg 600w, https:\/\/dev.tandemmadrid.com\/wp-content\/uploads\/2024\/01\/standard-group-spanish-course-1-300x198.jpg 300w\" sizes=\"(max-width: 600px) 100vw, 600px\" loading=\"lazy\" \/><\/a><\/div>\t\t<\/div>\n\t\t\t\t<\/div>\n\t\t\t\t<div class=\"elementor-element elementor-element-5f293e9 w100 elementor-widget elementor-widget-jet-listing-dynamic-link\" data-id=\"5f293e9\" data-element_type=\"widget\" data-widget_type=\"jet-listing-dynamic-link.default\">\n\t\t\t\t<div class=\"elementor-widget-container\">\n\t\t\t<a href=\"https:\/\/dev.tandemmadrid.com\/de\/c\/standartprogramm-fur-spanischgruppen\/\" class=\"jet-listing-dynamic-link__link\" rel=\"title\" aria-label=\"Standard-Spanischkurs f\u00fcr Gruppen\" title=\"Standard-Spanischkurs f\u00fcr Gruppen\">Standard-Spanischkurs f\u00fcr Gruppen<\/a>\t\t<\/div>\n\t\t\t\t<\/div>\n\t\t\t\t\t<\/div>\n\t\t<\/div>\n\t\t\t\t\t\t\t<\/div>\n\t\t<\/section>\n\t\t\t\t\t\t\t<\/div>\n\t\t<\/div><div class=\"jet-listing-grid__item jet-listing-dynamic-post-11920\" data-post-id=\"11920\" >\t\t<div data-elementor-type=\"jet-listing-items\" data-elementor-id=\"557\" class=\"elementor elementor-557\" data-elementor-post-type=\"jet-engine\">\n\t\t\t\t\t\t\t\t\t<section class=\"elementor-section elementor-top-section elementor-element elementor-element-d75c8e8 elementor-section-boxed elementor-section-height-default elementor-section-height-default\" data-id=\"d75c8e8\" data-element_type=\"section\">\n\t\t\t\t\t\t<div class=\"elementor-container elementor-column-gap-default\">\n\t\t\t\t\t<div class=\"elementor-column elementor-col-100 elementor-top-column elementor-element elementor-element-31b3d2a\" data-id=\"31b3d2a\" data-element_type=\"column\">\n\t\t\t<div class=\"elementor-widget-wrap elementor-element-populated\">\n\t\t\t\t\t\t\t\t<div class=\"elementor-element elementor-element-baf40b2 elementor-widget elementor-widget-jet-listing-dynamic-image\" data-id=\"baf40b2\" data-element_type=\"widget\" data-widget_type=\"jet-listing-dynamic-image.default\">\n\t\t\t\t<div class=\"elementor-widget-container\">\n\t\t\t<div class=\"jet-listing jet-listing-dynamic-image\"><a href=\"https:\/\/dev.tandemmadrid.com\/de\/c\/2-spanische-stadte-kombiniert\/\" class=\"jet-listing-dynamic-image__link\" rel=\"alternate\" title=\"Spanisches St\u00e4dteprogramm\"><img decoding=\"async\" width=\"1920\" height=\"1080\" src=\"https:\/\/dev.tandemmadrid.com\/wp-content\/uploads\/2023\/11\/spanish-cities-program.jpg\" class=\"jet-listing-dynamic-image__img attachment-full size-full\" alt=\"Spanish Cities Program\n\" srcset=\"https:\/\/dev.tandemmadrid.com\/wp-content\/uploads\/2023\/11\/spanish-cities-program.jpg 1920w, https:\/\/dev.tandemmadrid.com\/wp-content\/uploads\/2023\/11\/spanish-cities-program-300x169.jpg 300w, https:\/\/dev.tandemmadrid.com\/wp-content\/uploads\/2023\/11\/spanish-cities-program-1024x576.jpg 1024w, https:\/\/dev.tandemmadrid.com\/wp-content\/uploads\/2023\/11\/spanish-cities-program-768x432.jpg 768w, https:\/\/dev.tandemmadrid.com\/wp-content\/uploads\/2023\/11\/spanish-cities-program-1536x864.jpg 1536w, https:\/\/dev.tandemmadrid.com\/wp-content\/uploads\/2023\/11\/spanish-cities-program-600x338.jpg 600w\" sizes=\"(max-width: 1920px) 100vw, 1920px\" loading=\"lazy\" \/><\/a><\/div>\t\t<\/div>\n\t\t\t\t<\/div>\n\t\t\t\t<div class=\"elementor-element elementor-element-5f293e9 w100 elementor-widget elementor-widget-jet-listing-dynamic-link\" data-id=\"5f293e9\" data-element_type=\"widget\" data-widget_type=\"jet-listing-dynamic-link.default\">\n\t\t\t\t<div class=\"elementor-widget-container\">\n\t\t\t<a href=\"https:\/\/dev.tandemmadrid.com\/de\/c\/2-spanische-stadte-kombiniert\/\" class=\"jet-listing-dynamic-link__link\" rel=\"title\" aria-label=\"Spanisches St\u00e4dteprogramm\" title=\"Spanisches St\u00e4dteprogramm\">Spanisches St\u00e4dteprogramm<\/a>\t\t<\/div>\n\t\t\t\t<\/div>\n\t\t\t\t\t<\/div>\n\t\t<\/div>\n\t\t\t\t\t\t\t<\/div>\n\t\t<\/section>\n\t\t\t\t\t\t\t<\/div>\n\t\t<\/div><\/div><\/div>\t\t<\/div>\n\t\t\t\t<\/div>\n\t\t\t\t\t<\/div>\n\t\t\t\t<\/div>\n\t\t\t\t\t<\/div>\n\t\t\t\t<\/div>\n\t\t\t\t\t<\/div>\n\t\t\t\t<\/div>\n\t\t\t\t\t\t\t<\/div>\n\t\t","protected":false},"excerpt":{"rendered":"<p>Kulturprogramm. Erleben Sie Madrid! Das Kulturprogramm soll den kontinuierlichen Gebrauch der Sprache f\u00f6rdern. Daher beinhaltet es eine t\u00e4gliche Aktivit\u00e4t von Montag bis Donnerstag und samstags einen optionalen Ausflug zu einem historisch-k\u00fcnstlerischen Ort au\u00dferhalb von Madrid. Die w\u00e4hrend der Woche durchgef\u00fchrten Aktivit\u00e4ten k\u00f6nnen je nach Alter der Sch\u00fcler unter anderem folgende sein: Ein Sprachaustauschtreffen mit Sch\u00fclern [&hellip;]<\/p>\n","protected":false},"author":1,"featured_media":2697,"parent":0,"menu_order":0,"comment_status":"closed","ping_status":"closed","template":"","meta":{"footnotes":"","_elementor_data":"[{\"id\":\"abc200c\",\"elType\":\"container\",\"settings\":{\"flex_direction\":\"column\",\"jedv_conditions\":[{\"_id\":\"53cc357\"}]},\"elements\":[{\"id\":\"c1597ee\",\"elType\":\"widget\",\"settings\":{\"editor\":\"<h2>Kulturprogramm. Erleben Sie Madrid!<\\\/h2>\\n\\nDas Kulturprogramm soll den kontinuierlichen Gebrauch der Sprache f\\u00f6rdern. Daher beinhaltet es eine t\\u00e4gliche Aktivit\\u00e4t von Montag bis Donnerstag und samstags einen optionalen Ausflug zu einem historisch-k\\u00fcnstlerischen Ort au\\u00dferhalb von Madrid.\\n\\n<div id=\\\"trm1\\\" style=\\\"display:none;\\\">\\n\\n<p>Die w\\u00e4hrend der Woche durchgef\\u00fchrten Aktivit\\u00e4ten k\\u00f6nnen je nach Alter der Sch\\u00fcler unter anderem folgende sein:<\\\/p>\\n\\n<ul>\\n<li>Ein Sprachaustauschtreffen mit Sch\\u00fclern verschiedener weiterf\\u00fchrender Schulen in Madrid<\\\/li>\\n<li>Besuche von Museen, Theatern und k\\u00fcnstlerisch interessanten Orten in Madrid<\\\/li>\\n<li>Kochkurse und Lebensmittelverkostungen (Wein, Oliven\\u00f6l oder Schokolade usw.)<\\\/li>\\n<li>Flamenco Kurse<\\\/li>\\n<li>Clownkurse<\\\/li>\\n<li>Tanz- oder Theaterauff\\u00fchrungen<\\\/li>\\n<li>Kino<\\\/li>\\n<li>Arabische B\\u00e4der<\\\/li>\\n<\\\/ul>\\n \\n<h2>Unterkunft. F\\u00fchlen Sie sich wie zu Hause!<\\\/h2>\\n\\n<p>Abh\\u00e4ngig vom Alter der Teilnehmer und der Aufenthaltsdauer k\\u00f6nnen wir unterschiedliche Unterkunftsm\\u00f6glichkeiten anbieten. Um v\\u00f6llig in die spanische Kultur einzutauchen, ist es unserer Meinung nach die beste Option, bei einer FAMILIE zu leben.<\\\/p>\\n\\n<p>Die Sch\\u00fcler wohnen bei sorgf\\u00e4ltig ausgew\\u00e4hlten Gastfamilien, die Unterkunft in ihren H\\u00e4usern, in Doppelzimmern mit Halbpension (Fr\\u00fchst\\u00fcck und Abendessen) oder Vollpension anbieten.<\\\/p>\\n\\n<\\\/div>\\n<p class=\\\"cent mtop15\\\"><a title=\\\"Lesen Sie mehr\\\" id=\\\"trmbt1\\\" class=\\\"togglebtn\\\" onclick=\\\"toggle_visibility('trm1');toggle_visibility('trmbt1');toggle_visibility('trmbt2');\\\" style=\\\"display:block;\\\">[+] lesen<\\\/a><a title=\\\"Weniger lesen\\\" id=\\\"trmbt2\\\" class=\\\"togglebtn\\\" onclick=\\\"toggle_visibility('trm1');toggle_visibility('trmbt1');toggle_visibility('trmbt2');\\\" style=\\\"display:none;\\\">[-] lesen<\\\/a> <\\\/p>\\n<blockquote>** Da es sich um ein ma\\u00dfgeschneidertes Programm handelt, das gemeinsam mit den Gruppenverantwortlichen entwickelt wurde, k\\u00f6nnen wir es an die Vorlieben und Empfehlungen des Tutors anpassen.<\\\/blockquote>\",\"_css_classes\":\"cursocontent\",\"jedv_conditions\":[{\"_id\":\"f290eec\"}]},\"elements\":[],\"widgetType\":\"text-editor\"}],\"isInner\":false},{\"id\":\"ca831b2\",\"elType\":\"container\",\"settings\":{\"flex_direction\":\"column\",\"jedv_conditions\":[{\"_id\":\"ae995c2\"}]},\"elements\":[{\"id\":\"e927917\",\"elType\":\"container\",\"settings\":{\"flex_direction\":\"column\",\"jedv_conditions\":[{\"_id\":\"d798605\"}]},\"elements\":[{\"id\":\"ac41355\",\"elType\":\"widget\",\"settings\":{\"title\":\"Kursliste: [jet_engine_data]\",\"title_color\":\"#000000\",\"jedv_conditions\":[{\"_id\":\"286d828\"}],\"typography_typography\":\"custom\",\"typography_font_size\":{\"unit\":\"px\",\"size\":32,\"sizes\":[]},\"typography_font_weight\":\"500\",\"typography_line_height\":{\"unit\":\"px\",\"size\":40,\"sizes\":[]},\"typography_font_family\":\"Futura medium\",\"_margin\":{\"unit\":\"px\",\"top\":\"0\",\"right\":\"0\",\"bottom\":\"-10\",\"left\":\"0\",\"isLinked\":false},\"align\":\"left\",\"align_mobile\":\"center\"},\"elements\":[],\"widgetType\":\"heading\"},{\"id\":\"87d2f9b\",\"elType\":\"widget\",\"settings\":{\"text\":\"Trenner\",\"color\":\"#2B739B\",\"weight\":{\"unit\":\"px\",\"size\":3,\"sizes\":[]},\"gap\":{\"unit\":\"px\",\"size\":2,\"sizes\":[]},\"_margin\":{\"unit\":\"px\",\"top\":\"0\",\"right\":\"0\",\"bottom\":\"15\",\"left\":\"0\",\"isLinked\":false},\"jedv_conditions\":[{\"_id\":\"664fb91\"}],\"_margin_mobile\":{\"unit\":\"px\",\"top\":\"0\",\"right\":\"0\",\"bottom\":\"0\",\"left\":\"0\",\"isLinked\":true}},\"elements\":[],\"widgetType\":\"divider\"},{\"id\":\"695c461\",\"elType\":\"container\",\"settings\":{\"jedv_conditions\":[{\"_id\":\"25f1bb7\"}]},\"elements\":[{\"id\":\"c1774ee\",\"elType\":\"widget\",\"settings\":{\"lisitng_id\":\"557\",\"columns\":\"3\",\"not_found_message\":\"Es wurden keine Daten gefunden\",\"injection_items\":[],\"custom_query\":\"yes\",\"custom_query_id\":\"20\",\"posts_query\":[],\"terms_meta_query\":[],\"users_meta_query\":[],\"jedv_conditions\":[{\"_id\":\"a2c3318\"}],\"slides_to_scroll\":\"3\"},\"elements\":[],\"widgetType\":\"jet-listing-grid\"}],\"isInner\":true}],\"isInner\":true}],\"isInner\":false}]","_elementor_edit_mode":"builder","_elementor_template_type":"wp-page","_elementor_page_settings":""},"_links":{"self":[{"href":"https:\/\/dev.tandemmadrid.com\/de\/wp-json\/wp\/v2\/pages\/9477"}],"collection":[{"href":"https:\/\/dev.tandemmadrid.com\/de\/wp-json\/wp\/v2\/pages"}],"about":[{"href":"https:\/\/dev.tandemmadrid.com\/de\/wp-json\/wp\/v2\/types\/page"}],"author":[{"embeddable":true,"href":"https:\/\/dev.tandemmadrid.com\/de\/wp-json\/wp\/v2\/users\/1"}],"replies":[{"embeddable":true,"href":"https:\/\/dev.tandemmadrid.com\/de\/wp-json\/wp\/v2\/comments?post=9477"}],"version-history":[{"count":0,"href":"https:\/\/dev.tandemmadrid.com\/de\/wp-json\/wp\/v2\/pages\/9477\/revisions"}],"wp:featuredmedia":[{"embeddable":true,"href":"https:\/\/dev.tandemmadrid.com\/de\/wp-json\/wp\/v2\/media\/2697"}],"wp:attachment":[{"href":"https:\/\/dev.tandemmadrid.com\/de\/wp-json\/wp\/v2\/media?parent=9477"}],"curies":[{"name":"wp","href":"https:\/\/api.w.org\/{rel}","templated":true}]}}