
{"id":11691,"date":"2023-10-06T17:59:35","date_gmt":"2023-10-06T15:59:35","guid":{"rendered":"https:\/\/dev.tandemmadrid.com\/shop\/buchen-sie-den-kurs-aprender-con-el-corazon-y-la-cabeza\/"},"modified":"2024-02-08T09:57:08","modified_gmt":"2024-02-08T08:57:08","slug":"aprender-corazon-cabeza","status":"publish","type":"product","link":"https:\/\/dev.tandemmadrid.com\/de\/shop-2\/aprender-corazon-cabeza\/","title":{"rendered":"Buchen Sie den Kurs: Aprender con el coraz\u00f3n y la cabeza"},"content":{"rendered":"","protected":false},"excerpt":{"rendered":"<p>Der Kurs befasst sich mit den Beitr\u00e4gen humanistischer Methoden zum Lernen und Lehren von Fremdsprachen: Suggestop\u00e4die, Neurolinguistisches Programmieren und andere ganzheitliche Ans\u00e4tze, die Sch\u00fcler als globale Wesen betrachten, die mit Affektivit\u00e4t, Kreativit\u00e4t, verschiedenen Intelligenztypen und Lernstilen ausgestattet sind.<\/p>\n<p style=\"text-align:center;\"><a href=\"\/es\/espanol-online\/tandem-virtual\/aprender-corazon-cabeza\/\" title=\"Mehr \u00fcber den Kurs: Aprender con el Coraz\u00f3n y la Cabeza\" class=\"buttonaction\" target=\"_blank\" rel=\"noopener\">Mehr \u00fcber den Kurs<\/a><\/p>\n","protected":false},"featured_media":8527,"template":"","meta":[],"product_cat":[179,169,163],"product_tag":[],"_links":{"self":[{"href":"https:\/\/dev.tandemmadrid.com\/de\/wp-json\/wp\/v2\/product\/11691"}],"collection":[{"href":"https:\/\/dev.tandemmadrid.com\/de\/wp-json\/wp\/v2\/product"}],"about":[{"href":"https:\/\/dev.tandemmadrid.com\/de\/wp-json\/wp\/v2\/types\/product"}],"version-history":[{"count":0,"href":"https:\/\/dev.tandemmadrid.com\/de\/wp-json\/wp\/v2\/product\/11691\/revisions"}],"wp:featuredmedia":[{"embeddable":true,"href":"https:\/\/dev.tandemmadrid.com\/de\/wp-json\/wp\/v2\/media\/8527"}],"wp:attachment":[{"href":"https:\/\/dev.tandemmadrid.com\/de\/wp-json\/wp\/v2\/media?parent=11691"}],"wp:term":[{"taxonomy":"product_cat","embeddable":true,"href":"https:\/\/dev.tandemmadrid.com\/de\/wp-json\/wp\/v2\/product_cat?post=11691"},{"taxonomy":"product_tag","embeddable":true,"href":"https:\/\/dev.tandemmadrid.com\/de\/wp-json\/wp\/v2\/product_tag?post=11691"}],"curies":[{"name":"wp","href":"https:\/\/api.w.org\/{rel}","templated":true}]}}