
{"id":11692,"date":"2023-10-10T15:58:11","date_gmt":"2023-10-10T13:58:11","guid":{"rendered":"https:\/\/dev.tandemmadrid.com\/shop\/kostenvoranschlag-fuer-den-kurs-fortbildung-fuer-firmen\/"},"modified":"2024-02-08T10:10:41","modified_gmt":"2024-02-08T09:10:41","slug":"fortbildung-firmen","status":"publish","type":"product","link":"https:\/\/dev.tandemmadrid.com\/de\/shop-2\/fortbildung-firmen\/","title":{"rendered":"Kostenvoranschlag f\u00fcr den Kurs: Fortbildung f\u00fcr Firmen"},"content":{"rendered":"","protected":false},"excerpt":{"rendered":"<p>Dies ist ein ma\u00dfgeschneiderter Kurs. Bitte fordern Sie einen Kostenvoranschlag an, in dem alle Details wie Dauer, Anzahl der Teilnehmer, Starttermine usw. aufgef\u00fchrt sind, die wir ber\u00fccksichtigen sollten. Unser Team wird sich mit Ihnen in Verbindung setzen und Ihnen ein Angebot und alle Informationen zukommen lassen, damit Sie den Kurs sp\u00e4ter buchen k\u00f6nnen.<\/p>\n<p style=\"text-align:center;\"><a href=\"\/de\/c\/fortbildung-fur-firmen\/\" title=\"Mehr \u00fcber den Kurs: Fortbildung f\u00fcr Firmen\" class=\"buttonaction\">Mehr \u00fcber diesen Kurs<\/a><\/p>\n","protected":false},"featured_media":6686,"template":"","meta":[],"product_cat":[165],"product_tag":[],"_links":{"self":[{"href":"https:\/\/dev.tandemmadrid.com\/de\/wp-json\/wp\/v2\/product\/11692"}],"collection":[{"href":"https:\/\/dev.tandemmadrid.com\/de\/wp-json\/wp\/v2\/product"}],"about":[{"href":"https:\/\/dev.tandemmadrid.com\/de\/wp-json\/wp\/v2\/types\/product"}],"version-history":[{"count":0,"href":"https:\/\/dev.tandemmadrid.com\/de\/wp-json\/wp\/v2\/product\/11692\/revisions"}],"wp:featuredmedia":[{"embeddable":true,"href":"https:\/\/dev.tandemmadrid.com\/de\/wp-json\/wp\/v2\/media\/6686"}],"wp:attachment":[{"href":"https:\/\/dev.tandemmadrid.com\/de\/wp-json\/wp\/v2\/media?parent=11692"}],"wp:term":[{"taxonomy":"product_cat","embeddable":true,"href":"https:\/\/dev.tandemmadrid.com\/de\/wp-json\/wp\/v2\/product_cat?post=11692"},{"taxonomy":"product_tag","embeddable":true,"href":"https:\/\/dev.tandemmadrid.com\/de\/wp-json\/wp\/v2\/product_tag?post=11692"}],"curies":[{"name":"wp","href":"https:\/\/api.w.org\/{rel}","templated":true}]}}