
{"id":11698,"date":"2023-10-10T13:43:30","date_gmt":"2023-10-10T11:43:30","guid":{"rendered":"https:\/\/dev.tandemmadrid.com\/shop\/buchen-sie-den-kurs-spanisch-einzelunterricht\/"},"modified":"2024-02-08T10:16:33","modified_gmt":"2024-02-08T09:16:33","slug":"einzelunterricht","status":"publish","type":"product","link":"https:\/\/dev.tandemmadrid.com\/de\/shop-2\/einzelunterricht\/","title":{"rendered":"Buchen Sie den Kurs: Spanisch Einzelunterricht"},"content":{"rendered":"<table class=\"tabla-cursos\" border=\"1px\">\n<tbody>\n<tr>\n<td class=\"celdas-izq\">Kursbeginn<\/td>\n<td class=\"celdas-dcha\">Jeder Tag im Jahr<\/td>\n<\/tr>\n<tr class=\"fondo-color\">\n<td class=\"celdas-izq\">Anzahl Lektionen<\/td>\n<td class=\"celdas-dcha\">Ab 1<\/td>\n<\/tr>\n<tr>\n<td class=\"celdas-izq\">Niveau<\/td>\n<td class=\"celdas-dcha\">Alle Niveaus<\/td>\n<\/tr>\n<tr class=\"fondo-color\">\n<td class=\"celdas-izq\">Optional<\/td>\n<td class=\"celdas-dcha\">Mittagessen mit dem Lehrer<\/td>\n<\/tr>\n<tr class=\"fondo-color\">\n<td class=\"celdas-izq\">Dauer 1 Unterrichtseinheit<\/td>\n<td class=\"celdas-dcha\">45 Minuten<\/td>\n<\/tr>\n<tr>\n<td class=\"celdas-izq\">Anmeldegeb\u00fchr<\/td>\n<td class=\"celdas-dcha\"><strong>50\u20ac<\/strong><\/td>\n<\/tr>\n<\/tbody>\n<\/table>\n","protected":false},"excerpt":{"rendered":"<p>Der Kurs erm\u00f6glicht ein individuelles Training in Ihrem eigenen Tempo. Die Lehrenden passen sich Ihren Spanischkenntnissen und Ihren pers\u00f6nlichen und beruflichen Bed\u00fcrfnissen an, begleiten und unterst\u00fctzen Sie in Ihrem Lernprozess.<br \/>\nDer Inhalt unseres privaten Spanischunterrichts wird von den Teilnehmenden selbst bestimmt. Sie entscheiden au\u00dferdem selbst, wie viele Spanischstunden sie besuchen m\u00f6chten und zu welchen Zeiten die 45 Minuten Privatunterricht am besten in Ihren Terminkalender passen.<\/p>\n<p style=\"text-align:center;\"><a href=\"\/de\/c\/spanisch-einzelunterricht\/\" title=\"Mehr \u00fcber den Kurs: Spanisch Einzelunterricht\" class=\"buttonaction\">Mehr \u00fcber diesen Kurs<\/a><\/p>\n","protected":false},"featured_media":7370,"template":"","meta":[],"product_cat":[165],"product_tag":[],"_links":{"self":[{"href":"https:\/\/dev.tandemmadrid.com\/de\/wp-json\/wp\/v2\/product\/11698"}],"collection":[{"href":"https:\/\/dev.tandemmadrid.com\/de\/wp-json\/wp\/v2\/product"}],"about":[{"href":"https:\/\/dev.tandemmadrid.com\/de\/wp-json\/wp\/v2\/types\/product"}],"version-history":[{"count":0,"href":"https:\/\/dev.tandemmadrid.com\/de\/wp-json\/wp\/v2\/product\/11698\/revisions"}],"wp:featuredmedia":[{"embeddable":true,"href":"https:\/\/dev.tandemmadrid.com\/de\/wp-json\/wp\/v2\/media\/7370"}],"wp:attachment":[{"href":"https:\/\/dev.tandemmadrid.com\/de\/wp-json\/wp\/v2\/media?parent=11698"}],"wp:term":[{"taxonomy":"product_cat","embeddable":true,"href":"https:\/\/dev.tandemmadrid.com\/de\/wp-json\/wp\/v2\/product_cat?post=11698"},{"taxonomy":"product_tag","embeddable":true,"href":"https:\/\/dev.tandemmadrid.com\/de\/wp-json\/wp\/v2\/product_tag?post=11698"}],"curies":[{"name":"wp","href":"https:\/\/api.w.org\/{rel}","templated":true}]}}