
{"id":11699,"date":"2023-10-10T12:25:38","date_gmt":"2023-10-10T10:25:38","guid":{"rendered":"https:\/\/dev.tandemmadrid.com\/shop\/kostenvoranschlag-fuer-den-kurs-standard-gruppenkurs-spanisch\/"},"modified":"2024-02-08T10:20:27","modified_gmt":"2024-02-08T09:20:27","slug":"standard-gruppenkurs","status":"publish","type":"product","link":"https:\/\/dev.tandemmadrid.com\/de\/shop-2\/standard-gruppenkurs\/","title":{"rendered":"Kostenvoranschlag f\u00fcr den Kurs: Standard-Gruppenkurs Spanisch"},"content":{"rendered":"<p>Das Lernen in der Gruppe macht viel mehr Spa\u00df als im Alleingang. Sie werden an verschiedenen spanischen kulturellen Aktivit\u00e4ten teilnehmen, bei denen Sie das im Unterricht Gelernte anwenden m\u00fcssen.<br \/>\nDer Standard-Spanischkurs f\u00fcr Gruppen dauert mindestens eine Woche, wobei die Gruppe alle Kurse belegen kann, die gew\u00fcnscht werden. Die Teilnehmenden besuchen vormittags den Spanischunterricht in unserer Schule, um die Grundlagen der Grammatik, des Vokabulars und der Konversation zu erlernen. Nachmittags wird der theoretische Spanischunterricht in eine Vielzahl von kulturellen Gruppenaktivit\u00e4ten umgewandelt, wie z. B. Spazierg\u00e4nge durch die bemerkenswerten historischen Sehensw\u00fcrdigkeiten Madrids, Kurse in spanischer K\u00fcche oder Flamenco-Tanz oder Tagesausfl\u00fcge in nahe gelegene St\u00e4dte wie Avila, Segovia oder Toledo.<\/p>\n","protected":false},"excerpt":{"rendered":"<p>Dies ist ein ma\u00dfgeschneiderter Kurs. Bitte fordern Sie einen Kostenvoranschlag an, in dem wir Ihnen Details wie Dauer, Teilnehmerzahl, Starttermine usw. \u00dcbermitteln. Unser Team wird Sie mit einem Angebot und allen Informationen kontaktieren, damit Sie den Kurs anschlie\u00dfend problemlos buchen k\u00f6nnen.<\/p>\n<p style=\"text-align:center;\"><a href=\"\/de\/c\/standartprogramm-fur-spanischgruppen\/\" title=\"Mehr \u00fcber den Kurs: Standard-Gruppenkurs Spanisch\" class=\"buttonaction\">Mehr \u00fcber diesen Kurs<\/a><\/p>\n","protected":false},"featured_media":6712,"template":"","meta":[],"product_cat":[157,160],"product_tag":[],"_links":{"self":[{"href":"https:\/\/dev.tandemmadrid.com\/de\/wp-json\/wp\/v2\/product\/11699"}],"collection":[{"href":"https:\/\/dev.tandemmadrid.com\/de\/wp-json\/wp\/v2\/product"}],"about":[{"href":"https:\/\/dev.tandemmadrid.com\/de\/wp-json\/wp\/v2\/types\/product"}],"version-history":[{"count":0,"href":"https:\/\/dev.tandemmadrid.com\/de\/wp-json\/wp\/v2\/product\/11699\/revisions"}],"wp:featuredmedia":[{"embeddable":true,"href":"https:\/\/dev.tandemmadrid.com\/de\/wp-json\/wp\/v2\/media\/6712"}],"wp:attachment":[{"href":"https:\/\/dev.tandemmadrid.com\/de\/wp-json\/wp\/v2\/media?parent=11699"}],"wp:term":[{"taxonomy":"product_cat","embeddable":true,"href":"https:\/\/dev.tandemmadrid.com\/de\/wp-json\/wp\/v2\/product_cat?post=11699"},{"taxonomy":"product_tag","embeddable":true,"href":"https:\/\/dev.tandemmadrid.com\/de\/wp-json\/wp\/v2\/product_tag?post=11699"}],"curies":[{"name":"wp","href":"https:\/\/api.w.org\/{rel}","templated":true}]}}