
{"id":11708,"date":"2023-10-09T18:01:43","date_gmt":"2023-10-09T16:01:43","guid":{"rendered":"https:\/\/dev.tandemmadrid.com\/shop\/buchen-sie-den-kurs-spanischkurs-praktikum-in-einem-unternehmen\/"},"modified":"2024-02-08T10:55:23","modified_gmt":"2024-02-08T09:55:23","slug":"praktikum-unternehmen","status":"publish","type":"product","link":"https:\/\/dev.tandemmadrid.com\/de\/shop-2\/praktikum-unternehmen\/","title":{"rendered":"Buchen Sie den Kurs: Spanischkurs + Praktikum in Einem Unternehmen"},"content":{"rendered":"<table class=\"tabla-cursos\" border=\"1px\">\n<tbody>\n<tr>\n<td class=\"celdas-izq\">Unterrichtsbeginn des Spanischkurses<\/td>\n<td class=\"celdas-dcha\">JEDEN MONTAG<\/td>\n<\/tr>\n<tr class=\"fondo-color\">\n<td class=\"celdas-izq\">Spanischkurs<\/td>\n<td class=\"celdas-dcha\">\n<p>20 Lektionen Spanisch pro Woche \u2013 4 Lektionen pro Tag + 2 Lektionen pro Woche Spanisch und Konversation ab A2 Niveau.<\/p>\n<\/tr>\n<tr>\n<td class=\"celdas-izq\">Praktikumsprogramm<\/td>\n<td class=\"celdas-dcha\">Minimum 3 Monatenin in einem Unternehmen<\/td>\n<\/tr>\n<tr class=\"fondo-color\">\n<td class=\"celdas-izq\">Niveau<\/td>\n<td class=\"celdas-dcha\">Ab Niveau B1<\/td>\n<\/tr>\n<tr>\n<td class=\"celdas-izq\">Zeitplan<\/td>\n<td class=\"celdas-dcha\">Jede Firma bestimmt den Zeitplan selbst; m\u00f6glich sind halbtags, ganztags, 8 Std. t\u00e4glich von Montag bis Freitag.<\/td>\n<\/tr>\n<tr class=\"fondo-color\">\n<td class=\"celdas-izq\">Mindest- und H\u00f6chstalter<\/td>\n<td class=\"celdas-dcha\">+18 \u2013 30 Jahre<\/td>\n<\/tr>\n<tr class=\"fondo-color\">\n<td class=\"celdas-izq\">Verf\u00fcgbarkeit<\/td>\n<td class=\"celdas-dcha\">Das ganze Jahr<\/td>\n<\/tr>\n<tr>\n<td class=\"celdas-izq\">Anmeldegeb\u00fchr<\/td>\n<td class=\"celdas-dcha\"><strong>50\u20ac<\/strong><\/td>\n<\/tr>\n<\/tbody>\n<\/table>\n","protected":false},"excerpt":{"rendered":"<p>Dies ist die beste M\u00f6glichkeit Ihre Karrierechancen zu erweitern, da Sie nach Abschluss Sprachkentnisse und praktische Erfahrungswerte zu Ihrem Lebenslauf hinzuf\u00fcgen und in einer Fremdsprache in internationalen Arbeitsumgebungen kommunizieren k\u00f6nnen. Auf diese Weise k\u00f6nnen Sie Ihr berufliches Profil verbessern und sich einen Vorteil bei Unternehmen verschaffen, die Wert auf sprachliche Erfahrungen, zum Beispiel im Ausland, legen.<\/p>\n<p style=\"text-align:center;\"><a href=\"\/de\/c\/spanischkurs-praktikum-in-einem-unternehmen\/\" title=\"Mehr \u00fcber den Kurs: Spanischkurs + Praktikum in Einem Unternehmen\" class=\"buttonaction\">Mehr \u00fcber diesen Kurs<\/a><\/p>\n","protected":false},"featured_media":5709,"template":"","meta":[],"product_cat":[165],"product_tag":[],"_links":{"self":[{"href":"https:\/\/dev.tandemmadrid.com\/de\/wp-json\/wp\/v2\/product\/11708"}],"collection":[{"href":"https:\/\/dev.tandemmadrid.com\/de\/wp-json\/wp\/v2\/product"}],"about":[{"href":"https:\/\/dev.tandemmadrid.com\/de\/wp-json\/wp\/v2\/types\/product"}],"version-history":[{"count":0,"href":"https:\/\/dev.tandemmadrid.com\/de\/wp-json\/wp\/v2\/product\/11708\/revisions"}],"wp:featuredmedia":[{"embeddable":true,"href":"https:\/\/dev.tandemmadrid.com\/de\/wp-json\/wp\/v2\/media\/5709"}],"wp:attachment":[{"href":"https:\/\/dev.tandemmadrid.com\/de\/wp-json\/wp\/v2\/media?parent=11708"}],"wp:term":[{"taxonomy":"product_cat","embeddable":true,"href":"https:\/\/dev.tandemmadrid.com\/de\/wp-json\/wp\/v2\/product_cat?post=11708"},{"taxonomy":"product_tag","embeddable":true,"href":"https:\/\/dev.tandemmadrid.com\/de\/wp-json\/wp\/v2\/product_tag?post=11708"}],"curies":[{"name":"wp","href":"https:\/\/api.w.org\/{rel}","templated":true}]}}